{"id":33275,"date":"2024-09-06T10:27:16","date_gmt":"2024-09-06T10:27:16","guid":{"rendered":"https:\/\/paymentdiscounter.com\/?post_type=product&#038;p=33275"},"modified":"2026-04-08T20:34:52","modified_gmt":"2026-04-08T20:34:52","slug":"batteria-castelli-s1e2l","status":"publish","type":"product","link":"https:\/\/paymentdiscounter.com\/it\/product\/batteria-castelli-s1e2l\/","title":{"rendered":"Batteria Castles S1E2L"},"content":{"rendered":"<p><strong>Batteria Castles S1E2L<\/strong><br \/>\nQuesta batteria Castles \u00e8 compatibile con i terminali di pagamento S1E2L e S1E2 di Castles electronics. Avete problemi con un terminale di pagamento che continua a non funzionare? Ordina la batteria per Castles S1E2L facilmente online. Ordinata entro le 16:00, spedita oggi stesso.<\/p>","protected":false},"excerpt":{"rendered":"<p>La batteria Castles S1E2L garantisce che il terminale di pagamento sia sempre pronto ad accettare transazioni. Se utilizzata e conservata correttamente, pu\u00f2 essere utilizzata per diversi anni senza problemi. Prodotta secondo i pi\u00f9 alti standard di qualit\u00e0 e dotata di certificazione CE e RoHS.<\/p>","protected":false},"featured_media":39068,"comment_status":"closed","ping_status":"closed","template":"","meta":[],"product_cat":[1550,3279,3053],"product_tag":[681,3335,3281,3549,3417,3282,3337,3550],"acf":[],"_links":{"self":[{"href":"https:\/\/paymentdiscounter.com\/it\/wp-json\/wp\/v2\/product\/33275"}],"collection":[{"href":"https:\/\/paymentdiscounter.com\/it\/wp-json\/wp\/v2\/product"}],"about":[{"href":"https:\/\/paymentdiscounter.com\/it\/wp-json\/wp\/v2\/types\/product"}],"replies":[{"embeddable":true,"href":"https:\/\/paymentdiscounter.com\/it\/wp-json\/wp\/v2\/comments?post=33275"}],"version-history":[{"count":5,"href":"https:\/\/paymentdiscounter.com\/it\/wp-json\/wp\/v2\/product\/33275\/revisions"}],"predecessor-version":[{"id":39071,"href":"https:\/\/paymentdiscounter.com\/it\/wp-json\/wp\/v2\/product\/33275\/revisions\/39071"}],"wp:featuredmedia":[{"embeddable":true,"href":"https:\/\/paymentdiscounter.com\/it\/wp-json\/wp\/v2\/media\/39068"}],"wp:attachment":[{"href":"https:\/\/paymentdiscounter.com\/it\/wp-json\/wp\/v2\/media?parent=33275"}],"wp:term":[{"taxonomy":"product_cat","embeddable":true,"href":"https:\/\/paymentdiscounter.com\/it\/wp-json\/wp\/v2\/product_cat?post=33275"},{"taxonomy":"product_tag","embeddable":true,"href":"https:\/\/paymentdiscounter.com\/it\/wp-json\/wp\/v2\/product_tag?post=33275"}],"curies":[{"name":"wp","href":"https:\/\/api.w.org\/{rel}","templated":true}]}}