{"id":23424,"date":"2023-11-30T23:16:43","date_gmt":"2023-11-30T23:16:43","guid":{"rendered":"https:\/\/paymentdiscounter.com\/?post_type=product&#038;p=23424"},"modified":"2023-11-30T23:35:28","modified_gmt":"2023-11-30T23:35:28","slug":"newland-n7-cachalot-pro-ii","status":"publish","type":"product","link":"https:\/\/paymentdiscounter.com\/it\/product\/newland-n7-cachalot-pro-ii\/","title":{"rendered":"Newland N7 Cachalot Pro II"},"content":{"rendered":"<div class=\"col-12 col-3@desktop\">\n<ul>\n<li><strong>Eccellenza logistica:<\/strong>\n<ul>\n<li>Ideale per i settori della logistica e del magazzinaggio, grazie a un alloggiamento robusto.<\/li>\n<li>Elevato grado di protezione IP65 e test di caduta fino a 1,8 m per una maggiore durata in ambienti difficili.<\/li>\n<\/ul>\n<\/li>\n<li><strong>Opzioni di tastiera versatili:<\/strong>\n<ul>\n<li>Scegliete tra tre layout di tastiera (29, 38 e 47 tasti) per applicazioni personalizzate.<\/li>\n<li>Configurazioni retroilluminate per un'elevata visibilit\u00e0 in ambienti di lavoro bui.<\/li>\n<\/ul>\n<\/li>\n<li><strong>Tecnologia Duo Near &amp; Far:<\/strong>\n<ul>\n<li>Consente una scansione efficiente sia a distanza ravvicinata che a lunga distanza.<\/li>\n<li>Sostituisce la necessit\u00e0 di due dispositivi separati, migliorando la velocit\u00e0 di gestione dell'inventario e la tracciabilit\u00e0 dei pacchi.<\/li>\n<\/ul>\n<\/li>\n<\/ul>\n<p><strong>Industrie suggerite:<\/strong><\/p>\n<ul>\n<li>Magazzino<\/li>\n<li>Logistica<\/li>\n<li>Produzione<\/li>\n<li>Industriale<\/li>\n<li>Trasporto<\/li>\n<\/ul>\n<p><strong>Caratteristiche avanzate:<\/strong><\/p>\n<ul>\n<li><strong>Classe Business Durata:<\/strong>\n<ul>\n<li>Costruito per resistere agli ambienti polverosi e agli urti.<\/li>\n<li>Grado di protezione IP65 e test di caduta fino a 1,8 m per una maggiore durata.<\/li>\n<\/ul>\n<\/li>\n<li><strong>Scansione di codici a barre Megapixel:<\/strong>\n<ul>\n<li>Tecnologia Duo Near &amp; Far per una commutazione continua tra distanze vicine e lontane.<\/li>\n<li>Scansione pi\u00f9 veloce e maggiore produttivit\u00e0.<\/li>\n<\/ul>\n<\/li>\n<li><strong>Touchscreen robusto:<\/strong>\n<ul>\n<li>Schermo HD da 4\u201d ad alta trasparenza e bassa riflettivit\u00e0.<\/li>\n<li>Gorilla Glass 3 per garantire robustezza e resistenza ai danni.<\/li>\n<\/ul>\n<\/li>\n<li><strong>Utilizzo per tutto il giorno con batteria sostituibile a caldo:<\/strong>\n<ul>\n<li>Batteria da 5100 mAh sostituibile a caldo per un utilizzo affidabile per tutto il giorno.<\/li>\n<li>Una singola base si collega a un massimo di 3 basi aggiuntive per una ricarica efficiente.<\/li>\n<\/ul>\n<\/li>\n<li><strong>Android Enterprise consigliato:<\/strong>\n<ul>\n<li>Il sigillo di approvazione AER di Google per gli aggiornamenti delle prestazioni e della sicurezza.<\/li>\n<li>Newland \u00e8 l'MDM gratuito di Ndevor per una visibilit\u00e0 e un controllo sicuri.<\/li>\n<\/ul>\n<\/li>\n<\/ul>\n<p>&nbsp;<\/p>\n<\/div>","protected":false},"excerpt":{"rendered":"<p>Vi presentiamo l'N7 Cachalot Pro II. L'apice della durata e della funzionalit\u00e0 della serie Newland Pro. Pensato per le applicazioni di magazzino e logistica, questo computer mobile eccelle per la sua velocit\u00e0 di elaborazione, le connessioni wireless in roaming rapido, i pi\u00f9 alti valori di caduta e IP e tre versatili layout di tastiera.<\/p>","protected":false},"featured_media":23425,"comment_status":"open","ping_status":"closed","template":"","meta":[],"product_cat":[3221],"product_tag":[1875,715,3223,1693,3222,1436],"acf":[],"_links":{"self":[{"href":"https:\/\/paymentdiscounter.com\/it\/wp-json\/wp\/v2\/product\/23424"}],"collection":[{"href":"https:\/\/paymentdiscounter.com\/it\/wp-json\/wp\/v2\/product"}],"about":[{"href":"https:\/\/paymentdiscounter.com\/it\/wp-json\/wp\/v2\/types\/product"}],"replies":[{"embeddable":true,"href":"https:\/\/paymentdiscounter.com\/it\/wp-json\/wp\/v2\/comments?post=23424"}],"version-history":[{"count":1,"href":"https:\/\/paymentdiscounter.com\/it\/wp-json\/wp\/v2\/product\/23424\/revisions"}],"predecessor-version":[{"id":23430,"href":"https:\/\/paymentdiscounter.com\/it\/wp-json\/wp\/v2\/product\/23424\/revisions\/23430"}],"wp:featuredmedia":[{"embeddable":true,"href":"https:\/\/paymentdiscounter.com\/it\/wp-json\/wp\/v2\/media\/23425"}],"wp:attachment":[{"href":"https:\/\/paymentdiscounter.com\/it\/wp-json\/wp\/v2\/media?parent=23424"}],"wp:term":[{"taxonomy":"product_cat","embeddable":true,"href":"https:\/\/paymentdiscounter.com\/it\/wp-json\/wp\/v2\/product_cat?post=23424"},{"taxonomy":"product_tag","embeddable":true,"href":"https:\/\/paymentdiscounter.com\/it\/wp-json\/wp\/v2\/product_tag?post=23424"}],"curies":[{"name":"wp","href":"https:\/\/api.w.org\/{rel}","templated":true}]}}