{"id":23393,"date":"2023-11-30T19:48:03","date_gmt":"2023-11-30T19:48:03","guid":{"rendered":"https:\/\/paymentdiscounter.com\/?post_type=product&#038;p=23393"},"modified":"2023-11-30T19:56:11","modified_gmt":"2023-11-30T19:56:11","slug":"impugnatura-a-pistola-newland-per-mt65","status":"publish","type":"product","link":"https:\/\/paymentdiscounter.com\/it\/product\/impugnatura-a-pistola-newland-per-mt65\/","title":{"rendered":"Newland Impugnatura a pistola per MT65"},"content":{"rendered":"","protected":false},"excerpt":{"rendered":"<p>L'impugnatura a pistola Newland per MT90 Orca \u00e8 progettata per migliorare la funzionalit\u00e0 e l'ergonomia del terminale portatile Newland MT90 Orca. Questo accessorio \u00e8 caratterizzato da un design con impugnatura a pistola e offre agli utenti un modo comodo e sicuro di tenere il dispositivo durante le operazioni di scansione o di inserimento dei dati.<\/p>\n<p>Le caratteristiche principali dell'impugnatura a pistola Newland includono un grilletto per la comoda scansione dei codici a barre, pulsanti funzione aggiuntivi per l'accesso rapido a comandi specifici e una struttura resistente per sopportare le esigenze di vari ambienti industriali o commerciali.<\/p>","protected":false},"featured_media":23394,"comment_status":"open","ping_status":"closed","template":"","meta":[],"product_cat":[3202],"product_tag":[3206,1693,3205,3208],"acf":[],"_links":{"self":[{"href":"https:\/\/paymentdiscounter.com\/it\/wp-json\/wp\/v2\/product\/23393"}],"collection":[{"href":"https:\/\/paymentdiscounter.com\/it\/wp-json\/wp\/v2\/product"}],"about":[{"href":"https:\/\/paymentdiscounter.com\/it\/wp-json\/wp\/v2\/types\/product"}],"replies":[{"embeddable":true,"href":"https:\/\/paymentdiscounter.com\/it\/wp-json\/wp\/v2\/comments?post=23393"}],"version-history":[{"count":1,"href":"https:\/\/paymentdiscounter.com\/it\/wp-json\/wp\/v2\/product\/23393\/revisions"}],"predecessor-version":[{"id":23395,"href":"https:\/\/paymentdiscounter.com\/it\/wp-json\/wp\/v2\/product\/23393\/revisions\/23395"}],"wp:featuredmedia":[{"embeddable":true,"href":"https:\/\/paymentdiscounter.com\/it\/wp-json\/wp\/v2\/media\/23394"}],"wp:attachment":[{"href":"https:\/\/paymentdiscounter.com\/it\/wp-json\/wp\/v2\/media?parent=23393"}],"wp:term":[{"taxonomy":"product_cat","embeddable":true,"href":"https:\/\/paymentdiscounter.com\/it\/wp-json\/wp\/v2\/product_cat?post=23393"},{"taxonomy":"product_tag","embeddable":true,"href":"https:\/\/paymentdiscounter.com\/it\/wp-json\/wp\/v2\/product_tag?post=23393"}],"curies":[{"name":"wp","href":"https:\/\/api.w.org\/{rel}","templated":true}]}}