{"id":22845,"date":"2023-11-24T20:54:45","date_gmt":"2023-11-24T20:54:45","guid":{"rendered":"https:\/\/paymentdiscounter.com\/?post_type=product&#038;p=22845"},"modified":"2023-11-24T21:06:27","modified_gmt":"2023-11-24T21:06:27","slug":"dockingstation-castelli-v3b3","status":"publish","type":"product","link":"https:\/\/paymentdiscounter.com\/it\/product\/dockingstation-castelli-v3b3\/","title":{"rendered":"Dockingstation Castles V3B3"},"content":{"rendered":"<p>La Dockingstation Castles V3B3 \u00e8 un dock di ricarica versatile progettato per ricaricare il terminale di pagamento mobile. La base di ricarica V3B3 ha un design elegante e compatto che pu\u00f2 essere facilmente posizionato sul bancone o alla cassa. Il fondo della stazione di ricarica \u00e8 dotato di nervature antiscivolo per evitare che scivoli o si danneggi. Inoltre, la base di ricarica \u00e8 dotata di un indicatore luminoso a LED sulla parte anteriore che consente di vedere se i terminali vengono caricati correttamente.<\/p>\n<p>Con questa stazione di base ricaricare i terminali di pagamento non \u00e8 mai stato cos\u00ec facile. Questo prodotto \u00e8 un must per tutti coloro che cercano un modo comodo ed efficiente per ricaricare il proprio terminale.<\/p>","protected":false},"excerpt":{"rendered":"<p>La Dockingstation Castles V3B3 \u00e8 un dock di ricarica versatile progettato per ricaricare il terminale di pagamento mobile. La base di ricarica V3B3 ha un design elegante e compatto che pu\u00f2 essere facilmente posizionato sul bancone o alla cassa. Il fondo della stazione di ricarica \u00e8 dotato di nervature antiscivolo per evitare che scivoli o si danneggi. Inoltre, la base di ricarica \u00e8 dotata di un indicatore luminoso a LED sulla parte anteriore che consente di vedere se i terminali vengono caricati correttamente.<\/p>","protected":false},"featured_media":0,"comment_status":"open","ping_status":"closed","template":"","meta":[],"product_cat":[3145],"product_tag":[3146,690,694,3147],"acf":[],"_links":{"self":[{"href":"https:\/\/paymentdiscounter.com\/it\/wp-json\/wp\/v2\/product\/22845"}],"collection":[{"href":"https:\/\/paymentdiscounter.com\/it\/wp-json\/wp\/v2\/product"}],"about":[{"href":"https:\/\/paymentdiscounter.com\/it\/wp-json\/wp\/v2\/types\/product"}],"replies":[{"embeddable":true,"href":"https:\/\/paymentdiscounter.com\/it\/wp-json\/wp\/v2\/comments?post=22845"}],"version-history":[{"count":1,"href":"https:\/\/paymentdiscounter.com\/it\/wp-json\/wp\/v2\/product\/22845\/revisions"}],"predecessor-version":[{"id":22846,"href":"https:\/\/paymentdiscounter.com\/it\/wp-json\/wp\/v2\/product\/22845\/revisions\/22846"}],"wp:attachment":[{"href":"https:\/\/paymentdiscounter.com\/it\/wp-json\/wp\/v2\/media?parent=22845"}],"wp:term":[{"taxonomy":"product_cat","embeddable":true,"href":"https:\/\/paymentdiscounter.com\/it\/wp-json\/wp\/v2\/product_cat?post=22845"},{"taxonomy":"product_tag","embeddable":true,"href":"https:\/\/paymentdiscounter.com\/it\/wp-json\/wp\/v2\/product_tag?post=22845"}],"curies":[{"name":"wp","href":"https:\/\/api.w.org\/{rel}","templated":true}]}}