{"id":22602,"date":"2023-10-12T20:56:12","date_gmt":"2023-10-12T20:56:12","guid":{"rendered":"https:\/\/paymentdiscounter.com\/?post_type=product&#038;p=22602"},"modified":"2025-07-21T10:20:09","modified_gmt":"2025-07-21T10:20:09","slug":"ingenico-link-2500-custodia-terminale","status":"publish","type":"product","link":"https:\/\/paymentdiscounter.com\/it\/product\/ingenico-link-2500-custodia-terminale\/","title":{"rendered":"Ingenico Custodia per terminali Link 2500"},"content":{"rendered":"<p><strong>Ingenico Custodia per terminali Link 2500<\/strong><br \/>\nSe ricevete regolarmente pagamenti con carta di debito in luoghi come il mercato, nei bar, nei ristoranti o a casa di persone, l'uso di una custodia protettiva Ingenico Link 2500 pu\u00f2 essere molto utile. In questo modo la macchina \u00e8 ancora pi\u00f9 protetta da incidenti e danni e si evitano malfunzionamenti del terminale di pagamento Ingenico. La custodia protettiva per Ingenico \u00e8 realizzata in silicone che la rende facile da tenere in mano e consente una migliore presa del terminale.<\/p>\n<p><strong>Nuovi miglioramenti<\/strong><br \/>\nIl coperchio protettivo del Link 2500 ha i lati rialzati, il che significa che \u00e8 meno probabile che si verifichino danni se il terminale scivola dalla mano.<\/p>\n<p>Non \u00e8 necessario rimuovere il paraurti in silicone prima di effettuare un pagamento. Il paracolpi protettivo \u00e8 stato sviluppato in modo tale da essere facilmente utilizzabile per tutto il giorno. A fine giornata \u00e8 possibile rimuovere facilmente il coperchio protettivo e pulirlo sotto il rubinetto.<\/p>\n<p>&nbsp;<\/p>","protected":false},"excerpt":{"rendered":"<p>Con la custodia protettiva Ingenico Link 2500 vi assicurate che il vostro terminale di pagamento mobile sia pi\u00f9 protetto da acqua, urti e cadute. L'utilizzo di un bumper per terminali di pagamento pu\u00f2 prevenire danni o la sostituzione del lettore ed \u00e8 un modo semplice per mantenere il terminale di pagamento pi\u00f9 a lungo in buone condizioni.<\/p>","protected":false},"featured_media":35712,"comment_status":"open","ping_status":"closed","template":"","meta":[],"product_cat":[705,1466],"product_tag":[3840,901,1375,3020,1469,3026,891,735,3844,996],"acf":[],"_links":{"self":[{"href":"https:\/\/paymentdiscounter.com\/it\/wp-json\/wp\/v2\/product\/22602"}],"collection":[{"href":"https:\/\/paymentdiscounter.com\/it\/wp-json\/wp\/v2\/product"}],"about":[{"href":"https:\/\/paymentdiscounter.com\/it\/wp-json\/wp\/v2\/types\/product"}],"replies":[{"embeddable":true,"href":"https:\/\/paymentdiscounter.com\/it\/wp-json\/wp\/v2\/comments?post=22602"}],"version-history":[{"count":5,"href":"https:\/\/paymentdiscounter.com\/it\/wp-json\/wp\/v2\/product\/22602\/revisions"}],"predecessor-version":[{"id":36635,"href":"https:\/\/paymentdiscounter.com\/it\/wp-json\/wp\/v2\/product\/22602\/revisions\/36635"}],"wp:featuredmedia":[{"embeddable":true,"href":"https:\/\/paymentdiscounter.com\/it\/wp-json\/wp\/v2\/media\/35712"}],"wp:attachment":[{"href":"https:\/\/paymentdiscounter.com\/it\/wp-json\/wp\/v2\/media?parent=22602"}],"wp:term":[{"taxonomy":"product_cat","embeddable":true,"href":"https:\/\/paymentdiscounter.com\/it\/wp-json\/wp\/v2\/product_cat?post=22602"},{"taxonomy":"product_tag","embeddable":true,"href":"https:\/\/paymentdiscounter.com\/it\/wp-json\/wp\/v2\/product_tag?post=22602"}],"curies":[{"name":"wp","href":"https:\/\/api.w.org\/{rel}","templated":true}]}}