{"id":22577,"date":"2023-10-12T20:21:29","date_gmt":"2023-10-12T20:21:29","guid":{"rendered":"https:\/\/paymentdiscounter.com\/?post_type=product&#038;p=22577"},"modified":"2026-04-07T20:42:44","modified_gmt":"2026-04-07T20:42:44","slug":"custodia-per-terminale-pax-a960","status":"publish","type":"product","link":"https:\/\/paymentdiscounter.com\/it\/product\/custodia-per-terminale-pax-a960\/","title":{"rendered":"Pax A960 Custodia per morsettiera bianca"},"content":{"rendered":"<p><strong>Pax A960 Custodia protettiva<\/strong><br \/>\nSe si ricevono regolarmente pagamenti con carta di debito in luoghi come il mercato o a casa di persone, l'uso di una copertura protettiva Pax A960 pu\u00f2 essere molto utile. In questo modo la macchina \u00e8 ancora pi\u00f9 protetta da incidenti e danni e si evitano malfunzionamenti del terminale di pagamento Pax. La custodia protettiva per l'Pax \u00e8 realizzata in silicone, che la rende facile da impugnare e consente una migliore presa del terminale.<\/p>\n<p><strong>Nuovi miglioramenti<\/strong><br \/>\nIl coperchio di protezione dell'Pax A960 ha i lati rialzati, il che significa che \u00e8 meno probabile che si verifichino danni se il terminale scivola dalla mano.<\/p>\n<p>Non \u00e8 necessario rimuovere il paraurti in silicone prima di effettuare un pagamento. Il paracolpi protettivo \u00e8 stato sviluppato in modo tale da essere facilmente utilizzabile per tutto il giorno. A fine giornata \u00e8 possibile rimuovere facilmente il coperchio protettivo e pulirlo sotto il rubinetto.<\/p>\n<p>&nbsp;<\/p>","protected":false},"excerpt":{"rendered":"<p>Con la custodia protettiva Pax A960 vi assicurate che il vostro terminale di pagamento mobile sia pi\u00f9 protetto da acqua, urti e cadute. L'utilizzo di un bumper per terminali di pagamento pu\u00f2 prevenire danni o la sostituzione del lettore ed \u00e8 un modo semplice per mantenere il terminale di pagamento pi\u00f9 a lungo in buone condizioni.<\/p>","protected":false},"featured_media":35519,"comment_status":"open","ping_status":"closed","template":"","meta":[],"product_cat":[730,2652],"product_tag":[3014,3840,901,728,2653,3013,2611,1536,3009,891,735,3844,996],"acf":[],"_links":{"self":[{"href":"https:\/\/paymentdiscounter.com\/it\/wp-json\/wp\/v2\/product\/22577"}],"collection":[{"href":"https:\/\/paymentdiscounter.com\/it\/wp-json\/wp\/v2\/product"}],"about":[{"href":"https:\/\/paymentdiscounter.com\/it\/wp-json\/wp\/v2\/types\/product"}],"replies":[{"embeddable":true,"href":"https:\/\/paymentdiscounter.com\/it\/wp-json\/wp\/v2\/comments?post=22577"}],"version-history":[{"count":9,"href":"https:\/\/paymentdiscounter.com\/it\/wp-json\/wp\/v2\/product\/22577\/revisions"}],"predecessor-version":[{"id":39321,"href":"https:\/\/paymentdiscounter.com\/it\/wp-json\/wp\/v2\/product\/22577\/revisions\/39321"}],"wp:featuredmedia":[{"embeddable":true,"href":"https:\/\/paymentdiscounter.com\/it\/wp-json\/wp\/v2\/media\/35519"}],"wp:attachment":[{"href":"https:\/\/paymentdiscounter.com\/it\/wp-json\/wp\/v2\/media?parent=22577"}],"wp:term":[{"taxonomy":"product_cat","embeddable":true,"href":"https:\/\/paymentdiscounter.com\/it\/wp-json\/wp\/v2\/product_cat?post=22577"},{"taxonomy":"product_tag","embeddable":true,"href":"https:\/\/paymentdiscounter.com\/it\/wp-json\/wp\/v2\/product_tag?post=22577"}],"curies":[{"name":"wp","href":"https:\/\/api.w.org\/{rel}","templated":true}]}}