{"id":19067,"date":"2021-12-12T12:21:58","date_gmt":"2022-10-17T13:20:05","guid":{"rendered":"https:\/\/paymentdiscounter.com\/product\/verifone-vx820-stand-compact\/"},"modified":"2022-10-17T13:20:05","modified_gmt":"2022-10-17T13:20:05","slug":"verifone-vx820-stativ-kompakt","status":"publish","type":"product","link":"https:\/\/paymentdiscounter.com\/it\/product\/verifone-vx820-stativ-kompakt\/","title":{"rendered":"Verifone Vx820 Stand compatto"},"content":{"rendered":"<p>Verifone Vx820 Polo compatto<br \/>\nVerifone Vx820-stangen \u00e8 ideale per i butikker con disco veloce. Il sistema di gestione dei terminali \u00e8 in grado di fornire un'impostazione rapida per i terminali e di ridimensionare i dischi che vengono prelevati.<\/p>\n<p>Det reduserer ogs\u00e5 risikoen for ulykker og skader. Verifone betalingsstang er tilgjengelig i modellene: Lav | H\u00f8y | Vegg fikset. Pu\u00f2 essere utilizzato per la pulizia delle strisce o delle strisce di pelle che si trovano sul tappeto.<\/p>\n<p>Fordelene<\/p>\n<ul>\n<li>Alt i \u00e9n monteringsl\u00f8sning.<\/li>\n<li>Pu\u00f2 essere opposto a 140 gradi.<\/li>\n<li>Roterbar oppil 330 grader.<\/li>\n<li>Medaglioni di montaggio.<\/li>\n<li>Festes enkelt med skruer eller limstrimmel.<\/li>\n<li>Forhindrer brudd p\u00e5 kabler.<\/li>\n<\/ul>\n<p>&nbsp;<\/p>","protected":false},"excerpt":{"rendered":"<p>Verifone Vx820 Il palo \u00e8 stato progettato per essere utilizzato come terminale di scommessa. La barra di rotazione \u00e8 opposta a 330c e pu\u00f2 essere utilizzata per i bambini e i ragazzi. Il sistema \u00e8 anche in grado di sostenere la lama e di portare il terminale di scommessa sul letto.<\/p>","protected":false},"featured_media":17271,"comment_status":"open","ping_status":"closed","template":"","meta":[],"product_cat":[836],"product_tag":[],"acf":[],"_links":{"self":[{"href":"https:\/\/paymentdiscounter.com\/it\/wp-json\/wp\/v2\/product\/19067"}],"collection":[{"href":"https:\/\/paymentdiscounter.com\/it\/wp-json\/wp\/v2\/product"}],"about":[{"href":"https:\/\/paymentdiscounter.com\/it\/wp-json\/wp\/v2\/types\/product"}],"replies":[{"embeddable":true,"href":"https:\/\/paymentdiscounter.com\/it\/wp-json\/wp\/v2\/comments?post=19067"}],"version-history":[{"count":0,"href":"https:\/\/paymentdiscounter.com\/it\/wp-json\/wp\/v2\/product\/19067\/revisions"}],"wp:featuredmedia":[{"embeddable":true,"href":"https:\/\/paymentdiscounter.com\/it\/wp-json\/wp\/v2\/media\/17271"}],"wp:attachment":[{"href":"https:\/\/paymentdiscounter.com\/it\/wp-json\/wp\/v2\/media?parent=19067"}],"wp:term":[{"taxonomy":"product_cat","embeddable":true,"href":"https:\/\/paymentdiscounter.com\/it\/wp-json\/wp\/v2\/product_cat?post=19067"},{"taxonomy":"product_tag","embeddable":true,"href":"https:\/\/paymentdiscounter.com\/it\/wp-json\/wp\/v2\/product_tag?post=19067"}],"curies":[{"name":"wp","href":"https:\/\/api.w.org\/{rel}","templated":true}]}}