{"id":14479,"date":"2022-05-24T17:28:44","date_gmt":"2022-05-24T17:28:44","guid":{"rendered":"https:\/\/paymentdiscounter.com\/?post_type=product&#038;p=14479"},"modified":"2023-04-21T10:53:45","modified_gmt":"2023-04-21T10:53:45","slug":"sunmi-v2s-plus","status":"publish","type":"product","link":"https:\/\/paymentdiscounter.com\/it\/product\/sunmi-v2s-plus\/","title":{"rendered":"SUNMI V2s PLUS"},"content":{"rendered":"<p>L'Sunmi V2s Plus \u00e8 un terminale mobile intelligente che supera i limiti per aiutarvi a ottenere di pi\u00f9. Che si tratti di consegne, magazzini, vendite di lotterie, vendita al dettaglio o all'ingrosso. Il V2s Plus \u00e8 il dispositivo perfetto per aiutarvi a portare la vostra attivit\u00e0 a un livello superiore. Con le sue caratteristiche innovative e il suo design superiore, il V2s Plus cambia il mondo dei terminali mobili.<\/p>\n<p><strong>Consegna, magazzinaggio, vendita di lotterie e vendita al dettaglio<\/strong><br \/>\nIl V2s Plus \u00e8 un dispositivo versatile che pu\u00f2 essere utilizzato in diversi settori. Grazie alla capacit\u00e0 di scansionare codici a barre e stampare etichette di consegna, il V2s Plus \u00e8 lo strumento perfetto per l'assistenza sul campo. Non \u00e8 pi\u00f9 necessario portare con s\u00e9 un PDA e una stampante Bluetooth, perch\u00e9 il V2s Plus fa tutto. Inoltre, il V2s Plus \u00e8 in grado di raccogliere e caricare informazioni sugli articoli e di stamparne le etichette, per garantire un inventario sempre aggiornato. Il design compatto del V2s Plus lo rende ideale per le vendite al lotto, lasciando pi\u00f9 spazio per la merce e aumentando i profitti. Per le attivit\u00e0 di vendita al dettaglio, il V2s Plus semplifica l'accesso alle informazioni sugli articoli e sulle promozioni e i clienti possono effettuare la scansione per pagare invece di attendere in una lunga fila alla cassa.<\/p>\n<p><strong>Innovazione e nuovi componenti aggiuntivi<\/strong><br \/>\nIl V2s Plus si spinge sempre oltre i confini dell'innovazione e i nuovi componenti aggiuntivi non fanno eccezione. La versione standard del V2s Plus \u00e8 dotata di 2 GB di RAM e 16 GB di ROM, mentre la versione Scanner e la versione GMS sono dotate di 3 GB di RAM e 32 GB di ROM. Inoltre, il V2s Plus \u00e8 dotato di una stampante integrata da 80 mm, che lo rende il primo dispositivo portatile a integrare una stampante di questo tipo. Questa stampante consente di stampare facilmente ricevute, etichette e segni neri. Lo schermo da 6,22\u2033 con design waterdrop notch offre un'esperienza visiva di altissimo livello, mentre la scattante fotocamera frontale consente l'identificazione dei dipendenti e i pagamenti tramite riconoscimento facciale. La fotocamera posteriore HD \u00e8 disponibile con opzioni da 5MP e 13MP e consente di effettuare facilmente pagamenti basati su codici a barre e foto di prova.<\/p>\n<p><strong>In servizio, 24 ore su 24<\/strong><br \/>\nIl V2s Plus \u00e8 stato progettato per essere in servizio 24 ore su 24. Grazie alla batteria rimovibile di grande capacit\u00e0 da 7,7 V\/3500 mAh, il V2s Plus pu\u00f2 durare fino a 14 giorni in modalit\u00e0 standby e oltre 16 ore in uso continuo. Il chip intelligente integrato \u00e8 dotato dell'algoritmo Sunmi per prolungare la durata della batteria, assicurando che il dispositivo duri quanto serve.<\/p>\n<p><strong>Design superiore<\/strong><br \/>\nIl V2s Plus ha vinto il Red Dot Design Award ed \u00e8 facile capire perch\u00e9. Il dispositivo \u00e8 dotato di pulsanti arancioni per un tocco di vitalit\u00e0 e facilit\u00e0 d'uso e l'indicatore LED consente di controllare il livello di carica della batteria con un solo sguardo. Con soli 16,5 mm di spessore e 535 g di peso, la V2s Plus \u00e8 pi\u00f9 leggera di una bottiglia d'acqua e pu\u00f2 essere trasportata ovunque. Il coperchio traslucido della stampante con strisce metalliche consente di controllare i livelli del rotolo di carta senza sacrificare il design del dispositivo e il fissatore del rotolo di carta permette di caricare rotoli di stampa di larghezza compresa tra 60 e 80 mm. Il coperchio della stampante \u00e8 dotato di una fibbia che impedisce l'apertura accidentale durante l'uso.<\/p>","protected":false},"excerpt":{"rendered":"<p>L'Sunmi V2s Plus \u00e8 un terminale mobile intelligente che supera i limiti per aiutarvi a ottenere di pi\u00f9. Che si tratti di consegne, magazzini, vendite di lotterie, vendita al dettaglio o all'ingrosso. Il V2s Plus \u00e8 il dispositivo perfetto per aiutarvi a portare la vostra attivit\u00e0 a un livello superiore. Con le sue caratteristiche innovative e il suo design superiore, il V2s Plus cambia il mondo dei terminali mobili.<\/p>","protected":false},"featured_media":14495,"comment_status":"open","ping_status":"closed","template":"","meta":[],"product_cat":[1555,1706],"product_tag":[1791,715,944,1436,1874,1890],"acf":[],"_links":{"self":[{"href":"https:\/\/paymentdiscounter.com\/it\/wp-json\/wp\/v2\/product\/14479"}],"collection":[{"href":"https:\/\/paymentdiscounter.com\/it\/wp-json\/wp\/v2\/product"}],"about":[{"href":"https:\/\/paymentdiscounter.com\/it\/wp-json\/wp\/v2\/types\/product"}],"replies":[{"embeddable":true,"href":"https:\/\/paymentdiscounter.com\/it\/wp-json\/wp\/v2\/comments?post=14479"}],"version-history":[{"count":6,"href":"https:\/\/paymentdiscounter.com\/it\/wp-json\/wp\/v2\/product\/14479\/revisions"}],"predecessor-version":[{"id":19955,"href":"https:\/\/paymentdiscounter.com\/it\/wp-json\/wp\/v2\/product\/14479\/revisions\/19955"}],"wp:featuredmedia":[{"embeddable":true,"href":"https:\/\/paymentdiscounter.com\/it\/wp-json\/wp\/v2\/media\/14495"}],"wp:attachment":[{"href":"https:\/\/paymentdiscounter.com\/it\/wp-json\/wp\/v2\/media?parent=14479"}],"wp:term":[{"taxonomy":"product_cat","embeddable":true,"href":"https:\/\/paymentdiscounter.com\/it\/wp-json\/wp\/v2\/product_cat?post=14479"},{"taxonomy":"product_tag","embeddable":true,"href":"https:\/\/paymentdiscounter.com\/it\/wp-json\/wp\/v2\/product_tag?post=14479"}],"curies":[{"name":"wp","href":"https:\/\/api.w.org\/{rel}","templated":true}]}}