{"id":3,"date":"2021-11-24T17:49:55","date_gmt":"2021-11-24T17:49:55","guid":{"rendered":"https:\/\/paymentdiscounter.com\/?page_id=3"},"modified":"2025-11-20T20:48:48","modified_gmt":"2025-11-20T20:48:48","slug":"informativa-sulla-privacy","status":"publish","type":"page","link":"https:\/\/paymentdiscounter.com\/it\/informativa-sulla-privacy\/","title":{"rendered":"Informativa sulla privacy"},"content":{"rendered":"<div data-elementor-type=\"wp-page\" data-elementor-id=\"3\" class=\"elementor elementor-3\" data-elementor-post-type=\"page\">\n\t\t\t\t\t\t<section class=\"elementor-section elementor-top-section elementor-element elementor-element-8f41d3f elementor-section-boxed elementor-section-height-default elementor-section-height-default\" data-id=\"8f41d3f\" data-element_type=\"section\">\n\t\t\t\t\t\t<div class=\"elementor-container elementor-column-gap-default\">\n\t\t\t\t\t<div class=\"elementor-column elementor-col-100 elementor-top-column elementor-element elementor-element-c692074\" data-id=\"c692074\" data-element_type=\"column\">\n\t\t\t<div class=\"elementor-column-wrap--c692074 elementor-widget-wrap elementor-element-populated\">\n\t\t\t\t\t\t<div class=\"elementor-element elementor-element-1d26f4a elementor-widget elementor-widget-spacer\" data-id=\"1d26f4a\" data-element_type=\"widget\" data-widget_type=\"spacer.default\">\n\t\t\t\t<div class=\"elementor-widget-container\">\n\t\t\t\t\t\t\t<div class=\"elementor-spacer\">\n\t\t\t<div class=\"elementor-spacer-inner\"><\/div>\n\t\t<\/div>\n\t\t\t\t\t\t<\/div>\n\t\t\t\t<\/div>\n\t\t\t\t<div class=\"elementor-element elementor-element-ea2b4f5 elementor-widget elementor-widget-heading\" data-id=\"ea2b4f5\" data-element_type=\"widget\" data-widget_type=\"heading.default\">\n\t\t\t\t<div class=\"elementor-widget-container\">\n\t\t\t\t\t<h2 class=\"elementor-heading-title elementor-size-default\">Informativa sulla privacy\n<\/h2>\t\t\t\t<\/div>\n\t\t\t\t<\/div>\n\t\t\t\t\t<\/div>\n\t\t<\/div>\n\t\t\t\t\t<\/div>\n\t\t<\/section>\n\t\t\t\t<section class=\"elementor-section elementor-top-section elementor-element elementor-element-e48ed7a elementor-section-boxed elementor-section-height-default elementor-section-height-default\" data-id=\"e48ed7a\" data-element_type=\"section\">\n\t\t\t\t\t\t<div class=\"elementor-container elementor-column-gap-default\">\n\t\t\t\t\t<div class=\"elementor-column elementor-col-100 elementor-top-column elementor-element elementor-element-0cfcdc9\" data-id=\"0cfcdc9\" data-element_type=\"column\">\n\t\t\t<div class=\"elementor-column-wrap--0cfcdc9 elementor-widget-wrap elementor-element-populated\">\n\t\t\t\t\t\t<div class=\"elementor-element elementor-element-0d9cf5c elementor-widget elementor-widget-spacer\" data-id=\"0d9cf5c\" data-element_type=\"widget\" data-widget_type=\"spacer.default\">\n\t\t\t\t<div class=\"elementor-widget-container\">\n\t\t\t\t\t\t\t<div class=\"elementor-spacer\">\n\t\t\t<div class=\"elementor-spacer-inner\"><\/div>\n\t\t<\/div>\n\t\t\t\t\t\t<\/div>\n\t\t\t\t<\/div>\n\t\t\t\t\t<\/div>\n\t\t<\/div>\n\t\t\t\t\t<\/div>\n\t\t<\/section>\n\t\t\t\t<section class=\"elementor-section elementor-top-section elementor-element elementor-element-47345459 elementor-section-boxed elementor-section-height-default elementor-section-height-default\" data-id=\"47345459\" data-element_type=\"section\">\n\t\t\t\t\t\t<div class=\"elementor-container elementor-column-gap-wide\">\n\t\t\t\t\t<div class=\"elementor-column elementor-col-50 elementor-top-column elementor-element elementor-element-585b38fa\" data-id=\"585b38fa\" data-element_type=\"column\">\n\t\t\t<div class=\"elementor-column-wrap--585b38fa elementor-widget-wrap elementor-element-populated\">\n\t\t\t\t\t\t<div class=\"elementor-element elementor-element-174f1b7d elementor-widget elementor-widget-text-editor\" data-id=\"174f1b7d\" data-element_type=\"widget\" data-widget_type=\"text-editor.default\">\n\t\t\t\t<div class=\"elementor-widget-container\">\n\t\t\t\t\t\t\t\t\t<p><\/p>\n<p><strong style=\"background-color: var(--body-bg-color); color: var(--body-color); font-family: var(--body-font-family),sans-serif; font-size: var(--body-font-size);\">1. Generale<br \/><\/strong><strong style=\"background-color: var(--body-bg-color); color: var(--body-color); font-family: var(--body-font-family),sans-serif; font-size: var(--body-font-size);\">1.1.<\/strong><span style=\"background-color: var(--body-bg-color); color: var(--body-color); font-family: var(--body-font-family),sans-serif; font-size: var(--body-font-size); font-weight: var(--body-font-weight);\"> Paymentdiscounter.com \u00e8 responsabile del trattamento dei dati personali dei suoi visitatori. La nostra Dichiarazione sulla Privacy descrive come avviene questo trattamento dei dati e per quali scopi vengono trattati.<\/span><\/p>\n<p><strong>1.2.<\/strong> Utilizzando il sito web www.paymentdiscounter.com, creando o meno un account personale o concludendo un accordo con Paymentdiscounter, un visitatore accetta le condizioni che si applicano a<br \/>loro. Se un Visitatore non \u00e8 d'accordo con la presente Informativa sulla privacy, \u00e8 invitato a non utilizzare il Sito web o a non stipulare un contratto.<\/p>\n<p><strong>2. Definizioni<\/strong><br \/>Nella presente informativa sulla privacy, i seguenti termini hanno il seguente significato:<\/p>\n<p>- App : Tutte le applicazioni web di Paymentdiscounter<br \/>- VG : Regolamento generale sulla protezione dei dati<br \/>- Visitatore: ogni visitatore del sito web o utente di un'applicazione.<br \/>- Terzi: soggetti diversi da Paymentdiscounter, dall'interessato ed eventualmente da un Responsabile del trattamento.<br \/>- Dichiarazione sulla privacy: questa dichiarazione sulla privacy di Paymentdiscounter.<br \/>- Paymentdiscounter: Il responsabile del sito web www.paymentdiscounter.com e delle relative applicazioni web \u00e8 CHAINSUPPLY, con sede ad Amsterdam e registrata presso la Camera di Commercio con il numero 94665451. Paymentdiscounter \u00e8 anche il responsabile del trattamento ai sensi della AVG.<\/p>\n<p>- Processore: un'organizzazione che esegue servizi per Paymentdiscounter, tra cui la trasmissione di materiale stampato e il lavoro di manutenzione IT.<br \/>- Sito web: il sito web di Paymentdiscounter, www.Paymentdiscounter.com<br \/>- Osservatore: la persona che si registra come osservatore tramite il Sito web e\/o l'App. Un osservatore dispone di un account personale e accede con una combinazione unica di codice osservatore e password.<br \/>- Controparte: la parte con cui Paymentdiscounter conclude un accordo, compresi i clienti.<\/p>\n<p><strong>3. Trattamento dei dati personali<\/strong><br \/><strong>3.1.<\/strong> Paymentdiscounter raccoglie i dati personali dei suoi visitatori che forniscono dati personali a Paymentdiscounter attraverso il sito web e\/o l'app nel contesto di una richiesta di (ulteriori) informazioni, registrazione come<br \/>L'osservatore e\/o l'effettuazione di un ordine presso Paymentdiscounter. Questa raccolta avviene, ad esempio, nella sezione<br \/>casi seguenti:<\/p>\n<p><strong>3.1.1.<\/strong>\u00a0Quando si visita il sito web o si utilizza l'App, i server salvano automaticamente informazioni quali l'URL, l'indirizzo IP, il tipo e la lingua del browser, la data e l'ora della visita (\u201cInformazioni sul visitatore\u201d).<br \/><strong>3.1.2.<\/strong> Per una richiesta di (ulteriori) informazioni, per dare un feedback e\/o per iscriversi alla newsletter digitale o a un corso, Paymentdiscounter tratter\u00e0 i dati di contatto forniti dal Visitatore (come nome, indirizzo, numero di telefono e indirizzo e-mail).<br \/><strong>3.1.3.<\/strong> Per partecipare ai conteggi degli uccelli, per inserire i dati risultanti (conteggi) e renderli disponibili tramite il sito web e\/o l'app e per essere supportati da Paymentdiscounter, \u00e8 necessario creare un account personale per il quale un osservatore:<br \/>- \u00c8 necessario fornire nome e cognome, indirizzo, indirizzo e-mail e password.<br \/>- Pu\u00f2 fornire facoltativamente l'anno di nascita, il sesso e il numero di telefono e\/o informazioni su competenze specifiche rilevanti per Paymentdiscounter.<\/p>\n<p><strong>3.1.4.<\/strong> Per effettuare un ordine di beni o servizi di Paymentdiscounter o per richiedere un'iscrizione come controparte, Paymentdiscounter elaborer\u00e0 i necessari dati di contatto e indirizzo e i dati finanziari della controparte interessata.<br \/><strong>3.2.<\/strong> I dati personali forniti saranno trattati da Paymentdiscounter solo per lo svolgimento delle sue finalit\u00e0.<br \/><strong>3.3.<\/strong> Paymentdiscounter pu\u00f2 inoltre utilizzare i dati personali per informare i propri Visitatori su prodotti, servizi e\/o attivit\u00e0 di Paymentdiscounter che potrebbero essere di interesse per il Visitatore in questione. Se il Visitatore si oppone a ci\u00f2, pu\u00f2 contattare info@paymentdiscounter.com.<\/p>\n<p><strong>4. Trasferimento a terzi<\/strong><br \/><strong>4.1.<\/strong> Fatto salvo quanto previsto al punto 4.2, hanno accesso ai dati personali dei Visitatori solo le persone autorizzate da Paymentdiscounter a mettere in sicurezza i dati personali e\/o a modificare e\/o a svolgere attivit\u00e0 di manutenzione informatica.<br \/><strong>4.2.<\/strong> Per alcune delle finalit\u00e0 di trattamento elencate nella presente Informativa sulla privacy, Paymentdiscounter pu\u00f2 avvalersi di un Responsabile del trattamento, con il quale Paymentdiscounter ha stipulato un accordo che garantisce che il<br \/>Il Responsabile del trattamento offre sufficienti garanzie in merito alle misure di sicurezza tecniche e organizzative in relazione alle operazioni di trattamento da eseguire. Il presente accordo stabilisce inoltre che i dati personali in<br \/>domanda pu\u00f2 essere utilizzata solo per lo scopo descritto e deve essere immediatamente distrutta dopo l'uso.<br \/><strong>4.3.<\/strong> Per il resto, Paymentdiscounter non trasmetter\u00e0 i dati personali dei suoi visitatori a terzi, a meno che ci\u00f2 non sia necessario sulla base di una prescrizione legale o in caso di emergenza. La fornitura nel contesto di un'emergenza avviene nella misura in cui, secondo il ragionevole parere di Paymentdiscounter, \u00e8 nell'interesse dei suoi visitatori.<br \/><strong>4.4.<\/strong> Paymentdiscounter pu\u00f2 rendere disponibili per la consultazione da parte di Terzi i dati aggregati che non possono essere ricondotti a persone nel contesto della ricerca sullo sviluppo delle reti di osservatori, nella misura in cui ci\u00f2 sia nell'interesse del suo Visitatore, secondo il ragionevole parere di Paymentdiscounter, e a condizione che Paymentdiscounter sia coinvolto. in questa ricerca.<\/p>\n<p>\u00a0<\/p>\n<p><\/p>\t\t\t\t\t\t\t\t<\/div>\n\t\t\t\t<\/div>\n\t\t\t\t\t<\/div>\n\t\t<\/div>\n\t\t\t\t<div class=\"elementor-column elementor-col-50 elementor-top-column elementor-element elementor-element-bb08d14\" data-id=\"bb08d14\" data-element_type=\"column\">\n\t\t\t<div class=\"elementor-column-wrap--bb08d14 elementor-widget-wrap elementor-element-populated\">\n\t\t\t\t\t\t<div class=\"elementor-element elementor-element-dfb0ba3 elementor-widget elementor-widget-text-editor\" data-id=\"dfb0ba3\" data-element_type=\"widget\" data-widget_type=\"text-editor.default\">\n\t\t\t\t<div class=\"elementor-widget-container\">\n\t\t\t\t\t\t\t\t\t<p><\/p>\n<p><span style=\"font-weight: bold;\">5. Cookie (generale)<\/span><br><span style=\"font-weight: bold;\">5.1.<\/span>&nbsp;Paymentdiscounter utilizza i cosiddetti \u2018cookie\u2019. I cookie sono piccoli file di testo che vengono memorizzati da un computer quando viene visitato il sito web o utilizzata l'App. Il cookie ricorda ci\u00f2 che il Visitatore, l'Osservatore e\/o la Controparte hanno compilato sul Sito web e\/o sull'App per una visita successiva, in modo che il contenuto del Sito web e\/o dell'App possa essere adattato al Visitatore, all'Osservatore e\/o alla Controparte in questione e non sia necessario inserire nuovamente i dati personali.<\/p>\n<p><span style=\"font-weight: bold;\">5.2.<\/span>&nbsp;Ulteriori informazioni sull'attivazione e la disattivazione dei cookie sono disponibili nelle istruzioni \/ utilizzando la funzione di aiuto del browser. Alcune funzioni del Sito web o dell'App potrebbero non funzionare pi\u00f9 se il computer non \u00e8 in grado di ricevere i cookie. Se un visitatore, un osservatore e\/o un'altra parte desidera maggiori informazioni in merito, pu\u00f2 contattarci tramite info@Paymentdiscounter .com.<\/p>\n<p><span style=\"font-weight: bold;\">6. Google Analytics<\/span><br><span style=\"font-weight: bold;\">6.1.<\/span>&nbsp;Paymentdiscounter utilizza Google Analytics, un servizio di analisi web fornito da Google, Inc. (\u201cGoogle\u201d). Google Analytics utilizza i cookie per analizzare come i Visitatori utilizzano il Sito e\/o l'App.<br><span style=\"font-weight: bold;\">6.2.<\/span>&nbsp;Google utilizza le suddette informazioni per tenere traccia dell'utilizzo del Sito e\/o dell'App da parte dei Visitatori, degli Osservatori e di altri soggetti, per redigere rapporti sull'attivit\u00e0 del Sito e dell'App per Paymentdiscounter e per offrire altri servizi relativi all'attivit\u00e0 del Sito e dell'App e all'utilizzo di Internet. Google pu\u00f2 fornire queste informazioni a terzi se \u00e8 obbligata per legge a farlo o se questi terzi elaborano le informazioni per conto di Google. Le informazioni vengono trasferite e memorizzate da Google su server negli Stati Uniti. Google si impegna a rispettare le norme sulla privacy ivi vigenti. Ci\u00f2 significa che ci sar\u00e0 un livello di protezione adeguato per l'elaborazione (dati personali). Paymentdiscounter non \u00e8 responsabile di questo ed esclude ogni responsabilit\u00e0 in merito.<\/p>\n<p><span style=\"font-weight: bold;\">7. Reti sociali<\/span><br><span style=\"font-weight: bold;\">7.1.<\/span>&nbsp;Sul Sito web sono presenti pulsanti per promuovere o condividere siti e\/o pagine web su social network come Facebook di Facebook, Inc. e Twitter di Twitter, Inc. (\u201csocial network\u201d). Questi pulsanti funzionano attraverso pezzi di codice che provengono dai social network stessi. I cookie vengono inseriti utilizzando questi codici. Paymentdiscounter non ha alcuna influenza su questo. I visitatori, gli osservatori e\/o le controparti sono invitati a leggere le dichiarazioni sulla privacy dei social network (che possono cambiare regolarmente), per vedere cosa fanno con i dati personali che trattano attraverso questi cookie.<br><span style=\"font-weight: bold;\">7.2.<\/span>&nbsp;Le informazioni raccolte dai social network vengono trasferite e memorizzate dai social network su server situati negli Stati Uniti. I social network dichiarano di rispettare le norme sulla privacy e sui cookie vigenti in quel Paese. Ci\u00f2 significa che esiste un livello di protezione adeguato per il trattamento dei dati personali. Paymentdiscounter non \u00e8 responsabile di questo ed esclude ogni responsabilit\u00e0 in merito.<\/p>\n<p><span style=\"font-weight: bold;\">8. Link e cookie su siti web di terzi<\/span><br>Il sito web contiene link a siti web di terzi. Quando i Visitatori visitano questi siti web, si applicano le dichiarazioni sulla privacy di queste terze parti. Paymentdiscounter non \u00e8 responsabile del modo in cui le terze parti possono utilizzare i dati personali dei visitatori o i cookie utilizzati in questi siti web di terze parti.<\/p>\n<p><span style=\"font-weight: bold;\">9. Accesso e correzione<\/span><br><span style=\"font-weight: bold;\">9.1.<\/span>&nbsp;Il Visitatore, l'Osservatore e\/o la Controparte hanno il diritto di prendere visione dei dati personali raccolti e, se necessario, di modificarli, integrarli e\/o eliminarli. A tal fine, pu\u00f2 richiederlo a noi tramite info@Paymentdiscounter.com.<br><span style=\"font-weight: bold;\">9.2.<\/span>&nbsp;I visitatori possono cancellarsi dalla newsletter digitale di Paymentdiscounter tramite info@Paymentdiscounter.com.<\/p>\n<p><span style=\"font-weight: bold;\">10. Periodo di stoccaggio<\/span><br>Paymentdiscounter non conserva i dati personali dei suoi visitatori pi\u00f9 a lungo di quanto sia necessario per l'esecuzione dei suoi servizi, a meno che Paymentdiscounter non sia tenuto per legge a conservare i dati personali pi\u00f9 a lungo.<\/p>\n<p><span style=\"font-weight: bold;\">11. La sicurezza<\/span><br>Paymentdiscounter ha adottato misure tecniche e organizzative adeguate per proteggere i dati personali dei visitatori da perdite o trattamenti illeciti, tra cui:<br>- Nomina di un responsabile della protezione dei dati. Questo responsabile \u00e8 incaricato all'interno dell'organizzazione di supervisionare l'attento trattamento dei dati personali, comprese le disposizioni del Regolamento europeo (UE 2016\/679) in materia di protezione dei dati personali. Questa funzione \u00e8 ricoperta dal responsabile del Dipartimento IT. I dati di contatto possono essere consultati altrove sul sito web,<br>- Archiviazione dei dati in un database sicuro con password criptate e backup sicuri,<br>- Accesso ai propri dati tramite un account personale con un nome utente e una password unici, nonch\u00e9,<br>- Payment (s job) e a Paymentdiscounter tramite un protocollo di crittografia (SSL).<\/p>\n<p>Sebbene Paymentdiscounter abbia adottato e adotter\u00e0 tutte le misure di sicurezza possibili, il trattamento dei dati personali via Internet comporta rischi inerenti all'uso di Internet nella societ\u00e0.<\/p>\n<p><span style=\"font-weight: bold;\">12. Modifiche<\/span><br>Paymentdiscounter si riserva il diritto di modificare la presente Informativa sulla privacy. I Visitatori sono pertanto invitati a controllare regolarmente la presente Informativa sulla Privacy. L'uso continuo del Sito e\/o dell'App significa che i Visitatori, gli Osservatori e\/o le Altre Parti accettano la modifica dell'Informativa sulla Privacy di Paymentdiscounter. .<\/p>\n<p><span style=\"font-weight: bold;\">14. Contatto<\/span><br>In caso di domande o commenti sulla presente Informativa sulla privacy o su altri aspetti dei nostri servizi, \u00e8 possibile contattare Paymentdiscounter tramite info@Paymentdiscounter.com o&nbsp;<span style=\"color: rgb(72, 79, 86); background-color: var(--body-bg-color); font-family: var(--body-font-family); font-size: var(--body-font-size); font-weight: var(--body-font-weight,400);\">+31 (0)20 - 2612 399<\/span><\/p>\n<p><\/p>\t\t\t\t\t\t\t\t<\/div>\n\t\t\t\t<\/div>\n\t\t\t\t\t<\/div>\n\t\t<\/div>\n\t\t\t\t\t<\/div>\n\t\t<\/section>\n\t\t\t\t<section class=\"elementor-section elementor-top-section elementor-element elementor-element-7646339 elementor-section-boxed elementor-section-height-default elementor-section-height-default\" data-id=\"7646339\" data-element_type=\"section\">\n\t\t\t\t\t\t<div class=\"elementor-container elementor-column-gap-default\">\n\t\t\t\t\t<div class=\"elementor-column elementor-col-100 elementor-top-column elementor-element elementor-element-78d553f\" data-id=\"78d553f\" data-element_type=\"column\">\n\t\t\t<div class=\"elementor-column-wrap--78d553f elementor-widget-wrap elementor-element-populated\">\n\t\t\t\t\t\t<div class=\"elementor-element elementor-element-3abbaa6 elementor-widget elementor-widget-spacer\" data-id=\"3abbaa6\" data-element_type=\"widget\" data-widget_type=\"spacer.default\">\n\t\t\t\t<div class=\"elementor-widget-container\">\n\t\t\t\t\t\t\t<div class=\"elementor-spacer\">\n\t\t\t<div class=\"elementor-spacer-inner\"><\/div>\n\t\t<\/div>\n\t\t\t\t\t\t<\/div>\n\t\t\t\t<\/div>\n\t\t\t\t\t<\/div>\n\t\t<\/div>\n\t\t\t\t\t<\/div>\n\t\t<\/section>\n\t\t\t\t<\/div>","protected":false},"excerpt":{"rendered":"<p>Privacy Policy 1. General1.1. Paymentdiscounter.com is responsible for the processing of personal data of its Visitors. Our Privacy Statement describes how this data processing takes place and for what purposes this data is processed. 1.2. By using the Website www.paymentdiscounter.com whether or not by creating a personal account or concluding an agreement with Paymentdiscounter, a [&hellip;]<\/p>\n","protected":false},"author":1,"featured_media":0,"parent":0,"menu_order":0,"comment_status":"closed","ping_status":"open","template":"","meta":{"footnotes":""},"yst_prominent_words":[],"acf":[],"_links":{"self":[{"href":"https:\/\/paymentdiscounter.com\/it\/wp-json\/wp\/v2\/pages\/3"}],"collection":[{"href":"https:\/\/paymentdiscounter.com\/it\/wp-json\/wp\/v2\/pages"}],"about":[{"href":"https:\/\/paymentdiscounter.com\/it\/wp-json\/wp\/v2\/types\/page"}],"author":[{"embeddable":true,"href":"https:\/\/paymentdiscounter.com\/it\/wp-json\/wp\/v2\/users\/1"}],"replies":[{"embeddable":true,"href":"https:\/\/paymentdiscounter.com\/it\/wp-json\/wp\/v2\/comments?post=3"}],"version-history":[{"count":39,"href":"https:\/\/paymentdiscounter.com\/it\/wp-json\/wp\/v2\/pages\/3\/revisions"}],"predecessor-version":[{"id":38142,"href":"https:\/\/paymentdiscounter.com\/it\/wp-json\/wp\/v2\/pages\/3\/revisions\/38142"}],"wp:attachment":[{"href":"https:\/\/paymentdiscounter.com\/it\/wp-json\/wp\/v2\/media?parent=3"}],"wp:term":[{"taxonomy":"yst_prominent_words","embeddable":true,"href":"https:\/\/paymentdiscounter.com\/it\/wp-json\/wp\/v2\/yst_prominent_words?post=3"}],"curies":[{"name":"wp","href":"https:\/\/api.w.org\/{rel}","templated":true}]}}