{"id":9911,"date":"2021-12-13T10:30:10","date_gmt":"2021-12-13T10:30:10","guid":{"rendered":"https:\/\/paymentdiscounter.com\/?post_type=product&#038;p=9911"},"modified":"2025-01-13T22:30:44","modified_gmt":"2025-01-13T22:30:44","slug":"woldline-yomova-stand-contour-tailwind","status":"publish","type":"product","link":"https:\/\/paymentdiscounter.com\/fr\/product\/woldline-yomova-stand-contour-tailwind\/","title":{"rendered":"Woldline Yomova Stand Contour | Tailwind"},"content":{"rendered":"<p>Woldline Yomova Stand Contour<br \/>\nLe Woldline Yomova Standard est id\u00e9al pour les entrepreneurs disposant d'un comptoir fixe. La base pivotante offre un emplacement fixe pour votre terminal Worldline et r\u00e9duit l'espace n\u00e9cessaire sur votre comptoir. Il r\u00e9duit le risque d'accident et aide \u00e0 pr\u00e9venir les dommages caus\u00e9s par l'eau ou les chutes sur votre machine.<\/p>\n<p>Le Worldline Pole est disponible dans les mod\u00e8les : Bas | Haut | Fixation murale.<br \/>\nLe m\u00e2t Yomova peut \u00eatre fix\u00e9 \u00e0 l'aide de la bande adh\u00e9sive ou du jeu de vis inclus.<\/p>\n<p>Les avantages<\/p>\n<ul>\n<li>Solution de montage am\u00e9lior\u00e9e et renforc\u00e9e.<\/li>\n<li>Inclinable jusqu'\u00e0 140 degr\u00e9s.<\/li>\n<li>Rotation jusqu'\u00e0 330 degr\u00e9s.<\/li>\n<li>Livr\u00e9 avec une plaque de montage.<\/li>\n<li>Peut \u00eatre fix\u00e9 \u00e0 l'aide de vis ou de bandes adh\u00e9sives.<\/li>\n<li>\u00c9vite la rupture des c\u00e2bles.<\/li>\n<\/ul>\n<p>&nbsp;<\/p>","protected":false},"excerpt":{"rendered":"<p>Le m\u00e2t Woldline Yomova permet de fixer facilement votre terminal de paiement \u00e0 votre comptoir ou au mur. Rotation jusqu'\u00e0 330c et facilit\u00e9 d'utilisation pour l'entrepreneur et le client. Aide \u00e0 pr\u00e9venir les dommages et maintient votre terminal de paiement plus longtemps en bon \u00e9tat.<\/p>","protected":false},"featured_media":9912,"comment_status":"closed","ping_status":"closed","template":"","meta":[],"product_cat":[804,834],"product_tag":[1917,3349,1326,768,939,940],"acf":[],"_links":{"self":[{"href":"https:\/\/paymentdiscounter.com\/fr\/wp-json\/wp\/v2\/product\/9911"}],"collection":[{"href":"https:\/\/paymentdiscounter.com\/fr\/wp-json\/wp\/v2\/product"}],"about":[{"href":"https:\/\/paymentdiscounter.com\/fr\/wp-json\/wp\/v2\/types\/product"}],"replies":[{"embeddable":true,"href":"https:\/\/paymentdiscounter.com\/fr\/wp-json\/wp\/v2\/comments?post=9911"}],"version-history":[{"count":5,"href":"https:\/\/paymentdiscounter.com\/fr\/wp-json\/wp\/v2\/product\/9911\/revisions"}],"predecessor-version":[{"id":26881,"href":"https:\/\/paymentdiscounter.com\/fr\/wp-json\/wp\/v2\/product\/9911\/revisions\/26881"}],"wp:featuredmedia":[{"embeddable":true,"href":"https:\/\/paymentdiscounter.com\/fr\/wp-json\/wp\/v2\/media\/9912"}],"wp:attachment":[{"href":"https:\/\/paymentdiscounter.com\/fr\/wp-json\/wp\/v2\/media?parent=9911"}],"wp:term":[{"taxonomy":"product_cat","embeddable":true,"href":"https:\/\/paymentdiscounter.com\/fr\/wp-json\/wp\/v2\/product_cat?post=9911"},{"taxonomy":"product_tag","embeddable":true,"href":"https:\/\/paymentdiscounter.com\/fr\/wp-json\/wp\/v2\/product_tag?post=9911"}],"curies":[{"name":"wp","href":"https:\/\/api.w.org\/{rel}","templated":true}]}}