{"id":9900,"date":"2021-12-13T10:15:54","date_gmt":"2021-12-13T10:15:54","guid":{"rendered":"https:\/\/paymentdiscounter.com\/?post_type=product&#038;p=9900"},"modified":"2025-01-13T22:29:32","modified_gmt":"2025-01-13T22:29:32","slug":"worldline-yomani-stand-compact-tailwind","status":"publish","type":"product","link":"https:\/\/paymentdiscounter.com\/fr\/product\/worldline-yomani-stand-compact-tailwind\/","title":{"rendered":"Worldline Yomani Stand Compact | Tailwind"},"content":{"rendered":"<p>Worldline Yomani Stand Compact | TailwindWorldline Yomani Stand Compact | TailwindWorldline Yomani Stand Compact | TailwindWorldline Yomani Stand Compact | TailwindWorldline Yomani Stand Compact | TailwindWorldline Yomani Stand Compact | TailwindWorldline Yomani Stand Compact | Tailwind<\/p>\n<p>Les avantages<\/p>\n<ul>\n<li>Solution de montage am\u00e9lior\u00e9e et renforc\u00e9e.<\/li>\n<li>Inclinable jusqu'\u00e0 140 degr\u00e9s.<\/li>\n<li>Rotation jusqu'\u00e0 330 degr\u00e9s.<\/li>\n<li>Livr\u00e9 avec une plaque de montage.<\/li>\n<li>Peut \u00eatre fix\u00e9 \u00e0 l'aide de vis ou de bandes adh\u00e9sives.<\/li>\n<li>\u00c9vite la rupture des c\u00e2bles.<\/li>\n<\/ul>\n<p>&nbsp;<\/p>","protected":false},"excerpt":{"rendered":"<p>Il suffit d'attacher le Worldline Yomani Pole \u00e0 votre comptoir ou \u00e0 votre mur pour plus de commodit\u00e9 et de libert\u00e9 dans votre travail. La perche de paiement vous offre plus de commodit\u00e9 et de s\u00e9curit\u00e9 et tourne et s'incline jusqu'\u00e0 330 degr\u00e9s. Consultez les mod\u00e8les et commandez facilement votre poteau fixe en ligne.<\/p>","protected":false},"featured_media":9894,"comment_status":"closed","ping_status":"closed","template":"","meta":[],"product_cat":[804,833],"product_tag":[3349,1326,768,933,3342,934,1205,3343,935],"acf":[],"_links":{"self":[{"href":"https:\/\/paymentdiscounter.com\/fr\/wp-json\/wp\/v2\/product\/9900"}],"collection":[{"href":"https:\/\/paymentdiscounter.com\/fr\/wp-json\/wp\/v2\/product"}],"about":[{"href":"https:\/\/paymentdiscounter.com\/fr\/wp-json\/wp\/v2\/types\/product"}],"replies":[{"embeddable":true,"href":"https:\/\/paymentdiscounter.com\/fr\/wp-json\/wp\/v2\/comments?post=9900"}],"version-history":[{"count":5,"href":"https:\/\/paymentdiscounter.com\/fr\/wp-json\/wp\/v2\/product\/9900\/revisions"}],"predecessor-version":[{"id":26887,"href":"https:\/\/paymentdiscounter.com\/fr\/wp-json\/wp\/v2\/product\/9900\/revisions\/26887"}],"wp:featuredmedia":[{"embeddable":true,"href":"https:\/\/paymentdiscounter.com\/fr\/wp-json\/wp\/v2\/media\/9894"}],"wp:attachment":[{"href":"https:\/\/paymentdiscounter.com\/fr\/wp-json\/wp\/v2\/media?parent=9900"}],"wp:term":[{"taxonomy":"product_cat","embeddable":true,"href":"https:\/\/paymentdiscounter.com\/fr\/wp-json\/wp\/v2\/product_cat?post=9900"},{"taxonomy":"product_tag","embeddable":true,"href":"https:\/\/paymentdiscounter.com\/fr\/wp-json\/wp\/v2\/product_tag?post=9900"}],"curies":[{"name":"wp","href":"https:\/\/api.w.org\/{rel}","templated":true}]}}