{"id":9602,"date":"2021-12-11T20:57:09","date_gmt":"2021-12-11T20:57:09","guid":{"rendered":"https:\/\/paymentdiscounter.com\/?post_type=product&#038;p=9602"},"modified":"2025-01-13T22:35:48","modified_gmt":"2025-01-13T22:35:48","slug":"verifone-p400-stand-complete-tailwind","status":"publish","type":"product","link":"https:\/\/paymentdiscounter.com\/fr\/product\/verifone-p400-stand-complete-tailwind\/","title":{"rendered":"Verifone P400 Stand Complete | Tailwind"},"content":{"rendered":"<p>Verifone P400 Stand Complete | Tailwind<br \/>\nLe support Verifone P400 est la m\u00e9thode id\u00e9ale pour fixer votre DAB \u00e0 un comptoir ou \u00e0 un guichet. Le support est \u00e9quip\u00e9 d'une base pivotante qui permet de tourner facilement le terminal de paiement si n\u00e9cessaire. En outre, vous pouvez facilement r\u00e9gler le sens de vision de haut en bas. Cela peut s'av\u00e9rer tr\u00e8s pratique pour les personnes en fauteuil roulant.<\/p>\n<p>Le support Verifone est disponible en 3 mod\u00e8les :<br \/>\n- Un support fixe de 18 cm de haut. C'est le mod\u00e8le standard et le plus vendu.<br \/>\n- Un mod\u00e8le Compact fixe qui est plus bas en hauteur. Ce mod\u00e8le peut \u00eatre tourn\u00e9 et est fixe dans une direction.<br \/>\n- Le dernier mod\u00e8le est destin\u00e9 \u00e0 \u00eatre mont\u00e9 contre votre mur ou votre paroi. Il est souvent utilis\u00e9 dans les caf\u00e9s ou les bars o\u00f9 le distributeur est plac\u00e9 \u00e0 proximit\u00e9 de la caisse.<\/p>\n<p>Le support de broche Verifone P400 est facile \u00e0 fixer \u00e0 l'aide de la bande adh\u00e9sive et du jeu de vis fournis.<\/p>\n<p>Avantages<br \/>\na augment\u00e9 et renforc\u00e9 votre ATM.<br \/>\nLe support est inclinable jusqu'\u00e0 140 degr\u00e9s<br \/>\nRotation jusqu'\u00e0 330 degr\u00e9s (\u00e0 l'exception du mod\u00e8le compact)<br \/>\nFacile \u00e0 fixer \u00e0 l'aide d'une plaque de montage.<br \/>\nEn option, il peut \u00eatre fix\u00e9 \u00e0 l'aide d'une bande adh\u00e9sive ronde.<br \/>\nPr\u00e9vient les dommages caus\u00e9s par la rupture des c\u00e2bles.<br \/>\nLe support verifone P400 est facile \u00e0 commander dans notre boutique en ligne. Consultez tous les accessoires P400 dans la boutique ou contactez-nous sans engagement pour plus d'informations.<\/p>","protected":false},"excerpt":{"rendered":"<p>Avec le support Verifone P400, votre terminal de paiement est facile \u00e0 fixer \u00e0 votre comptoir ou \u00e0 votre guichet. Le support du DAB peut \u00eatre tourn\u00e9 jusqu'\u00e0 330c et est donc facile \u00e0 utiliser tant pour le client que pour vos employ\u00e9s. Il permet \u00e9galement d'\u00e9viter les dommages et offre une meilleure vue d'ensemble sur votre lieu de travail.<\/p>","protected":false},"featured_media":9603,"comment_status":"closed","ping_status":"closed","template":"","meta":[],"product_cat":[791,824],"product_tag":[3349,2615,3340,908,909,1326,776,3338,911],"acf":[],"_links":{"self":[{"href":"https:\/\/paymentdiscounter.com\/fr\/wp-json\/wp\/v2\/product\/9602"}],"collection":[{"href":"https:\/\/paymentdiscounter.com\/fr\/wp-json\/wp\/v2\/product"}],"about":[{"href":"https:\/\/paymentdiscounter.com\/fr\/wp-json\/wp\/v2\/types\/product"}],"replies":[{"embeddable":true,"href":"https:\/\/paymentdiscounter.com\/fr\/wp-json\/wp\/v2\/comments?post=9602"}],"version-history":[{"count":4,"href":"https:\/\/paymentdiscounter.com\/fr\/wp-json\/wp\/v2\/product\/9602\/revisions"}],"predecessor-version":[{"id":26329,"href":"https:\/\/paymentdiscounter.com\/fr\/wp-json\/wp\/v2\/product\/9602\/revisions\/26329"}],"wp:featuredmedia":[{"embeddable":true,"href":"https:\/\/paymentdiscounter.com\/fr\/wp-json\/wp\/v2\/media\/9603"}],"wp:attachment":[{"href":"https:\/\/paymentdiscounter.com\/fr\/wp-json\/wp\/v2\/media?parent=9602"}],"wp:term":[{"taxonomy":"product_cat","embeddable":true,"href":"https:\/\/paymentdiscounter.com\/fr\/wp-json\/wp\/v2\/product_cat?post=9602"},{"taxonomy":"product_tag","embeddable":true,"href":"https:\/\/paymentdiscounter.com\/fr\/wp-json\/wp\/v2\/product_tag?post=9602"}],"curies":[{"name":"wp","href":"https:\/\/api.w.org\/{rel}","templated":true}]}}