{"id":8772,"date":"2021-12-01T10:10:22","date_gmt":"2021-12-01T10:10:22","guid":{"rendered":"https:\/\/paymentdiscounter.com\/?post_type=product&#038;p=8772"},"modified":"2026-03-07T11:53:09","modified_gmt":"2026-03-07T11:53:09","slug":"rallonge-de-poteau-de-paiement-pour-les-drive-ins","status":"publish","type":"product","link":"https:\/\/paymentdiscounter.com\/fr\/product\/rallonge-de-poteau-de-paiement-pour-les-drive-ins\/","title":{"rendered":"Ingenico Desk 3500-5000 Drive-thru stick extender"},"content":{"rendered":"<p>B\u00e2ton de paiement ATM pour les Drive-in<br \/>\nCe b\u00e2ton de paiement pour DAB mesure 42 cm de long et ne p\u00e8se que 225 grammes. Il est \u00e9quip\u00e9 d'une plaque arri\u00e8re qui permet de fixer solidement le distributeur de billets. La plaque arri\u00e8re est fabriqu\u00e9e sur mesure et est disponible pour diff\u00e9rentes marques et diff\u00e9rents mod\u00e8les. Par exemple, la plaque arri\u00e8re du Verifone Vx820 est diff\u00e9rente de celle du Worldline Yomani. Le grand avantage est que vous pouvez facilement la remplacer si vous souhaitez \u00e9changer votre DAB contre un mod\u00e8le plus r\u00e9cent.<\/p>\n<p>En outre, un avantage majeur est que vous contribuez \u00e0 \u00e9viter d'endommager vos c\u00e2bles. Un c\u00e2ble endommag\u00e9 peut provoquer un court-circuit, qui peut \u00e0 son tour entra\u00eener d'autres dysfonctionnements (logiciels). Le Tailwind pin stick est \u00e9quip\u00e9 d'un conduit de c\u00e2bles int\u00e9gr\u00e9, de sorte que les c\u00e2bles de l'ATM sont toujours bien prot\u00e9g\u00e9s.<\/p>\n<p>En compl\u00e9ment, un support Tailwind est \u00e9galement disponible. Le support est facile \u00e0 fixer, par exemple, \u00e0 un mur ou \u00e0 une paroi. De cette mani\u00e8re, votre DAB est prot\u00e9g\u00e9 de mani\u00e8re optimale contre les accidents et les dommages. Si vous avez un nouveau client, il vous suffit de retirer la cl\u00e9 de paiement du support et vous pouvez \u00e0 nouveau traiter imm\u00e9diatement les paiements.<\/p>","protected":false},"excerpt":{"rendered":"<p>Le support FlexiPole\u2122 est souvent utilis\u00e9 dans les Drive-in tels que McDonalds. De cette mani\u00e8re, le client peut rester dans la voiture et le terminal de paiement est indiqu\u00e9 par le b\u00e2ton de paiement. Un c\u00e2ble de pinpad plus long est souvent d\u00e9j\u00e0 utilis\u00e9, mais pour plus de confort, vous pouvez \u00e9galement utiliser ce reacher Tailwind Drive-in.<\/p>\n<p>&nbsp;<\/p>\n<p>Note : Ce produit est livr\u00e9 avec une plaque de montage<\/p>","protected":false},"featured_media":9384,"comment_status":"open","ping_status":"closed","template":"","meta":[],"product_cat":[705,1331,827],"product_tag":[1327,3349,1325,703,1161,1326,768],"acf":[],"_links":{"self":[{"href":"https:\/\/paymentdiscounter.com\/fr\/wp-json\/wp\/v2\/product\/8772"}],"collection":[{"href":"https:\/\/paymentdiscounter.com\/fr\/wp-json\/wp\/v2\/product"}],"about":[{"href":"https:\/\/paymentdiscounter.com\/fr\/wp-json\/wp\/v2\/types\/product"}],"replies":[{"embeddable":true,"href":"https:\/\/paymentdiscounter.com\/fr\/wp-json\/wp\/v2\/comments?post=8772"}],"version-history":[{"count":11,"href":"https:\/\/paymentdiscounter.com\/fr\/wp-json\/wp\/v2\/product\/8772\/revisions"}],"predecessor-version":[{"id":12135,"href":"https:\/\/paymentdiscounter.com\/fr\/wp-json\/wp\/v2\/product\/8772\/revisions\/12135"}],"wp:featuredmedia":[{"embeddable":true,"href":"https:\/\/paymentdiscounter.com\/fr\/wp-json\/wp\/v2\/media\/9384"}],"wp:attachment":[{"href":"https:\/\/paymentdiscounter.com\/fr\/wp-json\/wp\/v2\/media?parent=8772"}],"wp:term":[{"taxonomy":"product_cat","embeddable":true,"href":"https:\/\/paymentdiscounter.com\/fr\/wp-json\/wp\/v2\/product_cat?post=8772"},{"taxonomy":"product_tag","embeddable":true,"href":"https:\/\/paymentdiscounter.com\/fr\/wp-json\/wp\/v2\/product_tag?post=8772"}],"curies":[{"name":"wp","href":"https:\/\/api.w.org\/{rel}","templated":true}]}}