{"id":8760,"date":"2021-11-30T17:30:52","date_gmt":"2021-11-30T17:30:52","guid":{"rendered":"https:\/\/paymentdiscounter.com\/?post_type=product&#038;p=8760"},"modified":"2024-03-05T00:47:18","modified_gmt":"2024-03-05T00:47:18","slug":"verifone-v400m-screenprotector","status":"publish","type":"product","link":"https:\/\/paymentdiscounter.com\/fr\/product\/verifone-v400m-screenprotector\/","title":{"rendered":"Protection d'\u00e9cran Verifone v400m"},"content":{"rendered":"<p>Verifone v400m Protecteur d'\u00e9cran<br \/>\nLe protecteur d'\u00e9cran est extr\u00eamement r\u00e9sistant aux rayures et facile \u00e0 placer sur votre \u00e9cran. Il est dot\u00e9 d'un rev\u00eatement anti-traces de doigts suppl\u00e9mentaire qui facilite l'\u00e9limination de la salet\u00e9 et des traces de doigts sur l'\u00e9cran. En outre, il s'adapte parfaitement \u00e0 votre \u00e9cran tactile.<\/p>\n<p>Les avantages d'une protection d'\u00e9cran<br \/>\nLa nouvelle couche adh\u00e9sive permet de fixer facilement le protecteur d'\u00e9cran. R\u00e9sultat : une protection d'\u00e9cran sans bulles.<\/p>","protected":false},"excerpt":{"rendered":"<p>Si vous utilisez un t\u00e9l\u00e9phone portable, vous souhaitez naturellement le prot\u00e9ger contre les accidents et les dommages. Le protecteur d'\u00e9cran v400m offre une protection suppl\u00e9mentaire sans restrictions. Le protecteur d'\u00e9cran fournit une couche suppl\u00e9mentaire de protection pour votre pr\u00e9cieux distributeur automatique de billets. Il prot\u00e8ge votre \u00e9cran contre les rayures et prolonge la dur\u00e9e de vie de votre terminal de paiement.<\/p>\n<p>Clair comme de l'eau de roche<br \/>\nrev\u00eatement dur<br \/>\nR\u00e9sistant \u00e0 la salet\u00e9<br \/>\nFacile \u00e0 installer et \u00e0 retirer<\/p>","protected":false},"featured_media":9653,"comment_status":"closed","ping_status":"closed","template":"","meta":[],"product_cat":[791,812],"product_tag":[762,770,3338,822],"acf":[],"_links":{"self":[{"href":"https:\/\/paymentdiscounter.com\/fr\/wp-json\/wp\/v2\/product\/8760"}],"collection":[{"href":"https:\/\/paymentdiscounter.com\/fr\/wp-json\/wp\/v2\/product"}],"about":[{"href":"https:\/\/paymentdiscounter.com\/fr\/wp-json\/wp\/v2\/types\/product"}],"replies":[{"embeddable":true,"href":"https:\/\/paymentdiscounter.com\/fr\/wp-json\/wp\/v2\/comments?post=8760"}],"version-history":[{"count":6,"href":"https:\/\/paymentdiscounter.com\/fr\/wp-json\/wp\/v2\/product\/8760\/revisions"}],"predecessor-version":[{"id":26321,"href":"https:\/\/paymentdiscounter.com\/fr\/wp-json\/wp\/v2\/product\/8760\/revisions\/26321"}],"wp:featuredmedia":[{"embeddable":true,"href":"https:\/\/paymentdiscounter.com\/fr\/wp-json\/wp\/v2\/media\/9653"}],"wp:attachment":[{"href":"https:\/\/paymentdiscounter.com\/fr\/wp-json\/wp\/v2\/media?parent=8760"}],"wp:term":[{"taxonomy":"product_cat","embeddable":true,"href":"https:\/\/paymentdiscounter.com\/fr\/wp-json\/wp\/v2\/product_cat?post=8760"},{"taxonomy":"product_tag","embeddable":true,"href":"https:\/\/paymentdiscounter.com\/fr\/wp-json\/wp\/v2\/product_tag?post=8760"}],"curies":[{"name":"wp","href":"https:\/\/api.w.org\/{rel}","templated":true}]}}