{"id":8177,"date":"2021-11-28T10:52:15","date_gmt":"2021-11-28T10:52:15","guid":{"rendered":"https:\/\/paymentdiscounter.com\/product\/verifone-v400m-autolader\/"},"modified":"2025-08-28T08:27:42","modified_gmt":"2025-08-28T08:27:42","slug":"verifone-v400m-chargeur-de-voiture","status":"publish","type":"product","link":"https:\/\/paymentdiscounter.com\/fr\/product\/verifone-v400m-chargeur-de-voiture\/","title":{"rendered":"Verifone V400m Chargeur de voiture"},"content":{"rendered":"<p><strong>Verifone V400m Chargeur de voiture<\/strong><br \/>\nLe chargeur de voiture Verifone V400m est id\u00e9al pour les entrepreneurs tels que les livreurs et les coursiers qui sont souvent sur la route. Pour ce groupe cible, il n'est pas toujours possible de recharger avec un cordon d'alimentation, ce qui signifie que vous pouvez vous retrouver avec une batterie vide. Dans ce cas, le chargeur de voiture Verifone est la solution id\u00e9ale. Le chargeur de voiture recharge la batterie de votre terminal de paiement sans probl\u00e8me pendant votre travail.<\/p>\n<p>Comme tous les chargeurs de voiture, le V400m utilise \u00e9galement l'entr\u00e9e cigarette (12V). En g\u00e9n\u00e9ral, le chargement via un chargeur de voiture est moins rapide que le chargement direct via un cordon d'alimentation. Cependant, si le chargeur de voiture est r\u00e9guli\u00e8rement branch\u00e9, vous remarquerez que cela est plus que suffisant pour accepter tous les paiements sans probl\u00e8me. Vous pouvez facilement commander le chargeur de batterie verifone dans notre boutique en ligne. Passez votre commande avant 16h00 et nous vous livrerons votre colis le jour ouvrable suivant. Command\u00e9 aujourd'hui est livr\u00e9 demain.<\/p>\n<p>Il vous manque des pi\u00e8ces ou des accessoires pour votre terminal de paiement ? N'h\u00e9sitez pas \u00e0 nous contacter pour un conseil sur mesure.<\/p>","protected":false},"excerpt":{"rendered":"<p>Pour les entrepreneurs qui sont souvent en d\u00e9placement, un chargeur de voiture Verifone est indispensable. Le chargeur de voiture V400m utilise l'entr\u00e9e de la cigarette pour recharger votre terminal de paiement. Ce chargeur de voiture a \u00e9t\u00e9 sp\u00e9cialement con\u00e7u pour le Verifone V400m et ne peut \u00eatre utilis\u00e9 qu'en combinaison avec ce mod\u00e8le.<\/p>","protected":false},"featured_media":12548,"comment_status":"closed","ping_status":"closed","template":"","meta":[],"product_cat":[791,812],"product_tag":[686,690,770,3339,776,3338,862],"acf":[],"_links":{"self":[{"href":"https:\/\/paymentdiscounter.com\/fr\/wp-json\/wp\/v2\/product\/8177"}],"collection":[{"href":"https:\/\/paymentdiscounter.com\/fr\/wp-json\/wp\/v2\/product"}],"about":[{"href":"https:\/\/paymentdiscounter.com\/fr\/wp-json\/wp\/v2\/types\/product"}],"replies":[{"embeddable":true,"href":"https:\/\/paymentdiscounter.com\/fr\/wp-json\/wp\/v2\/comments?post=8177"}],"version-history":[{"count":7,"href":"https:\/\/paymentdiscounter.com\/fr\/wp-json\/wp\/v2\/product\/8177\/revisions"}],"predecessor-version":[{"id":29072,"href":"https:\/\/paymentdiscounter.com\/fr\/wp-json\/wp\/v2\/product\/8177\/revisions\/29072"}],"wp:featuredmedia":[{"embeddable":true,"href":"https:\/\/paymentdiscounter.com\/fr\/wp-json\/wp\/v2\/media\/12548"}],"wp:attachment":[{"href":"https:\/\/paymentdiscounter.com\/fr\/wp-json\/wp\/v2\/media?parent=8177"}],"wp:term":[{"taxonomy":"product_cat","embeddable":true,"href":"https:\/\/paymentdiscounter.com\/fr\/wp-json\/wp\/v2\/product_cat?post=8177"},{"taxonomy":"product_tag","embeddable":true,"href":"https:\/\/paymentdiscounter.com\/fr\/wp-json\/wp\/v2\/product_tag?post=8177"}],"curies":[{"name":"wp","href":"https:\/\/api.w.org\/{rel}","templated":true}]}}