{"id":8165,"date":"2021-11-28T10:52:11","date_gmt":"2021-11-28T10:52:11","guid":{"rendered":"https:\/\/paymentdiscounter.com\/product\/verifone-v400m-batterij\/"},"modified":"2026-03-09T21:41:22","modified_gmt":"2026-03-09T21:41:22","slug":"verifone-v400m-batterie","status":"publish","type":"product","link":"https:\/\/paymentdiscounter.com\/fr\/product\/verifone-v400m-batterie\/","title":{"rendered":"Batterie Verifone V400m"},"content":{"rendered":"<p>Le Verifone v400m r\u00e9pond aux derni\u00e8res exigences en mati\u00e8re de s\u00e9curit\u00e9 et convient au paiement sans contact et \u00e0 l'acceptation des codes QR. La batterie Verifone v400m peut traiter jusqu'\u00e0 200 transactions avant de devoir \u00eatre recharg\u00e9e.<\/p>\n<p>La batterie Verifone v400m ne p\u00e8se que 310 grammes.<\/p>","protected":false},"excerpt":{"rendered":"<p>Si vous avez des difficult\u00e9s \u00e0 charger votre batterie Verifone v400m, il se peut qu'elle doive \u00eatre remplac\u00e9e. La batterie v400m est facile \u00e0 remplacer et \u00e0 connecter soi-m\u00eame. Sa taille compacte la rend facile \u00e0 transporter et \u00e0 utiliser comme batterie de rechange.<\/p>","protected":false},"featured_media":16345,"comment_status":"closed","ping_status":"closed","template":"","meta":[],"product_cat":[791,812],"product_tag":[681,770,776,3338,867],"acf":[],"_links":{"self":[{"href":"https:\/\/paymentdiscounter.com\/fr\/wp-json\/wp\/v2\/product\/8165"}],"collection":[{"href":"https:\/\/paymentdiscounter.com\/fr\/wp-json\/wp\/v2\/product"}],"about":[{"href":"https:\/\/paymentdiscounter.com\/fr\/wp-json\/wp\/v2\/types\/product"}],"replies":[{"embeddable":true,"href":"https:\/\/paymentdiscounter.com\/fr\/wp-json\/wp\/v2\/comments?post=8165"}],"version-history":[{"count":8,"href":"https:\/\/paymentdiscounter.com\/fr\/wp-json\/wp\/v2\/product\/8165\/revisions"}],"predecessor-version":[{"id":31684,"href":"https:\/\/paymentdiscounter.com\/fr\/wp-json\/wp\/v2\/product\/8165\/revisions\/31684"}],"wp:featuredmedia":[{"embeddable":true,"href":"https:\/\/paymentdiscounter.com\/fr\/wp-json\/wp\/v2\/media\/16345"}],"wp:attachment":[{"href":"https:\/\/paymentdiscounter.com\/fr\/wp-json\/wp\/v2\/media?parent=8165"}],"wp:term":[{"taxonomy":"product_cat","embeddable":true,"href":"https:\/\/paymentdiscounter.com\/fr\/wp-json\/wp\/v2\/product_cat?post=8165"},{"taxonomy":"product_tag","embeddable":true,"href":"https:\/\/paymentdiscounter.com\/fr\/wp-json\/wp\/v2\/product_tag?post=8165"}],"curies":[{"name":"wp","href":"https:\/\/api.w.org\/{rel}","templated":true}]}}