{"id":6134,"date":"2018-10-05T11:25:18","date_gmt":"2018-10-05T11:25:18","guid":{"rendered":"https:\/\/paymentdiscounter.com\/?post_type=product&#038;p=3500"},"modified":"2025-10-25T14:26:46","modified_gmt":"2025-10-25T14:26:46","slug":"vx820-pinpad-cable-3m","status":"publish","type":"product","link":"https:\/\/paymentdiscounter.com\/fr\/product\/vx820-pinpad-cable-3m\/","title":{"rendered":"Vx820 pinpad cable 3M"},"content":{"rendered":"<p>Pinpad et c\u00e2ble de connexion au terminal<br \/>\nLe vx820 utilise une partie caisse et une partie clients. La partie caisse, \u00e9galement appel\u00e9e unit\u00e9 marchande, est utilis\u00e9e pour saisir les montants.<br \/>\nLe pav\u00e9 num\u00e9rique est la partie que les clients utilisent pour approuver la transaction en appuyant sur le bouton OK.<\/p>\n<p>Si vous avez un magasin ou un comptoir, il arrive souvent que le c\u00e2ble standard du pinpad soit trop court.<br \/>\nLe c\u00e2ble vx820 plus long de 3 m\u00e8tres est particuli\u00e8rement utile si vous avez un caf\u00e9 ou un restaurant ou des personnes qui ont des difficult\u00e9s \u00e0 marcher.<br \/>\nDe cette fa\u00e7on, vous avez plus de libert\u00e9 de mouvement et vous pouvez tenir le pinpad pendant la transaction.<\/p>\n<p>Disponible en deux tailles<br \/>\n- C\u00e2ble de 1 m\u00e8tre pour le pav\u00e9 num\u00e9rique.<br \/>\n- C\u00e2ble de 3 m\u00e8tres pour le pinpad.<\/p>\n<p>Commandez le c\u00e2ble pinpad plus long facilement et rapidement en ligne. Command\u00e9 avant 16h00, exp\u00e9di\u00e9 aujourd'hui.<\/p>","protected":false},"excerpt":{"rendered":"<p>Le c\u00e2ble Pinpad pour le verifone vx820 est utilis\u00e9 pour envoyer la transaction de l'unit\u00e9 du caissier au Pinpad. Il y a plusieurs raisons d'envisager l'utilisation d'un c\u00e2ble Pinpad plus long. Il vous donne plus d'espace pour vous d\u00e9placer et\/ou remettre le terminal dans les caf\u00e9s ou aux personnes ayant des difficult\u00e9s \u00e0 marcher.<\/p>","protected":false},"featured_media":9829,"comment_status":"closed","ping_status":"closed","template":"","meta":[],"product_cat":[791,780,789],"product_tag":[684,897,776,1343,781],"acf":[],"_links":{"self":[{"href":"https:\/\/paymentdiscounter.com\/fr\/wp-json\/wp\/v2\/product\/6134"}],"collection":[{"href":"https:\/\/paymentdiscounter.com\/fr\/wp-json\/wp\/v2\/product"}],"about":[{"href":"https:\/\/paymentdiscounter.com\/fr\/wp-json\/wp\/v2\/types\/product"}],"replies":[{"embeddable":true,"href":"https:\/\/paymentdiscounter.com\/fr\/wp-json\/wp\/v2\/comments?post=6134"}],"version-history":[{"count":7,"href":"https:\/\/paymentdiscounter.com\/fr\/wp-json\/wp\/v2\/product\/6134\/revisions"}],"predecessor-version":[{"id":26361,"href":"https:\/\/paymentdiscounter.com\/fr\/wp-json\/wp\/v2\/product\/6134\/revisions\/26361"}],"wp:featuredmedia":[{"embeddable":true,"href":"https:\/\/paymentdiscounter.com\/fr\/wp-json\/wp\/v2\/media\/9829"}],"wp:attachment":[{"href":"https:\/\/paymentdiscounter.com\/fr\/wp-json\/wp\/v2\/media?parent=6134"}],"wp:term":[{"taxonomy":"product_cat","embeddable":true,"href":"https:\/\/paymentdiscounter.com\/fr\/wp-json\/wp\/v2\/product_cat?post=6134"},{"taxonomy":"product_tag","embeddable":true,"href":"https:\/\/paymentdiscounter.com\/fr\/wp-json\/wp\/v2\/product_tag?post=6134"}],"curies":[{"name":"wp","href":"https:\/\/api.w.org\/{rel}","templated":true}]}}