{"id":4582,"date":"2020-02-08T23:39:06","date_gmt":"2020-02-08T23:39:06","guid":{"rendered":"https:\/\/paymentdiscounter.com\/product\/v400m-beschermhoes-black\/"},"modified":"2026-04-24T16:22:09","modified_gmt":"2026-04-24T16:22:09","slug":"verifone-v400m-protective-cover-black","status":"publish","type":"product","link":"https:\/\/paymentdiscounter.com\/fr\/product\/verifone-v400m-protective-cover-black\/","title":{"rendered":"Housse de protection du V400m Noir"},"content":{"rendered":"<p><strong>Verifone V400m Case Black<\/strong><br \/>\nL'\u00e9tui Verifone v400m est le mod\u00e8le noir de notre gamme. L'\u00e9tui est facile \u00e0 appliquer et offre une protection suppl\u00e9mentaire pendant votre travail. La housse de protection est fabriqu\u00e9e en silicone respectueux de l'environnement et vous donne un contr\u00f4le suppl\u00e9mentaire lorsque vous remettez la machine de paiement. Vous \u00e9viterez ainsi les accidents et les frais de r\u00e9paration.<\/p>\n<p>Les deux c\u00f4t\u00e9s de la housse de protection sont dot\u00e9s de motifs de pr\u00e9hension qui permettent au terminal de paiement de mieux tenir dans la main. M\u00eame avec des mains mouill\u00e9es. Utilisez une housse pour terminal de paiement et optez pour une protection optimale de votre terminal.<br \/>\nParce que chaque entreprise est diff\u00e9rente, nous avons choisi diff\u00e9rentes couleurs qui correspondent \u00e0 l'aspect de votre entreprise.<\/p>\n<p><strong>Les avantages<\/strong><br \/>\nRechargez votre batterie sans retirer le couvercle<br \/>\nMeilleure prise en main lors de la remise du terminal<br \/>\nMat\u00e9riau tr\u00e8s \u00e9pais pour une protection optimale<br \/>\nTr\u00e8s visible gr\u00e2ce \u00e0 des couleurs \u00e9clatantes<\/p>\n<p><strong>Les variantes<\/strong><br \/>\nVerifone V400m Case Black<br \/>\nVerifone V400m Case Darkblue<br \/>\nVerifone V400m Case LightBue<br \/>\nVerifone V400m Case Grey<br \/>\nVerifone V400m Case Red<\/p>\n<p><strong>Extr\u00eamement adapt\u00e9 pour<\/strong><br \/>\nN\u00e9gociants du march\u00e9<br \/>\nLivreurs et coursiers<br \/>\nInd\u00e9pendants<br \/>\nChauffeurs de taxi<br \/>\nFoires et congr\u00e8s<br \/>\n\u00c9v\u00e9nements ou festivals<\/p>\n<p>La housse de protection noire Verifone V400m est le mod\u00e8le le plus sombre de notre collection. L'\u00e9tui v400m est dot\u00e9 d'une couche suppl\u00e9mentaire de silicone afin que votre terminal de paiement soit encore mieux prot\u00e9g\u00e9. En outre, vous pouvez facilement recharger le terminal de paiement gr\u00e2ce \u00e0 l'entr\u00e9e d'alimentation situ\u00e9e sur le c\u00f4t\u00e9. Pour \u00e9viter l'humidit\u00e9 et les d\u00e9g\u00e2ts des eaux, le c\u00f4t\u00e9 et le dessous du terminal de paiement sont ferm\u00e9s.<\/p>","protected":false},"excerpt":{"rendered":"<p>Vous pouvez utiliser une housse de protection pour \u00e9viter d'endommager votre terminal de paiement mobile. Fabriqu\u00e9 sur mesure pour le verifone v400m et disponible en plusieurs couleurs. L'\u00e9tui de protection Verifone est fabriqu\u00e9 en silicone durable et respectueux de l'environnement. Il est donc plus rugueux et plus agr\u00e9able \u00e0 tenir en main.<\/p>","protected":false},"featured_media":9626,"comment_status":"closed","ping_status":"closed","template":"","meta":[],"product_cat":[791,812],"product_tag":[3840,717,735,3844,749,770,775,810,811,3338,3041],"acf":[],"_links":{"self":[{"href":"https:\/\/paymentdiscounter.com\/fr\/wp-json\/wp\/v2\/product\/4582"}],"collection":[{"href":"https:\/\/paymentdiscounter.com\/fr\/wp-json\/wp\/v2\/product"}],"about":[{"href":"https:\/\/paymentdiscounter.com\/fr\/wp-json\/wp\/v2\/types\/product"}],"replies":[{"embeddable":true,"href":"https:\/\/paymentdiscounter.com\/fr\/wp-json\/wp\/v2\/comments?post=4582"}],"version-history":[{"count":8,"href":"https:\/\/paymentdiscounter.com\/fr\/wp-json\/wp\/v2\/product\/4582\/revisions"}],"predecessor-version":[{"id":36631,"href":"https:\/\/paymentdiscounter.com\/fr\/wp-json\/wp\/v2\/product\/4582\/revisions\/36631"}],"wp:featuredmedia":[{"embeddable":true,"href":"https:\/\/paymentdiscounter.com\/fr\/wp-json\/wp\/v2\/media\/9626"}],"wp:attachment":[{"href":"https:\/\/paymentdiscounter.com\/fr\/wp-json\/wp\/v2\/media?parent=4582"}],"wp:term":[{"taxonomy":"product_cat","embeddable":true,"href":"https:\/\/paymentdiscounter.com\/fr\/wp-json\/wp\/v2\/product_cat?post=4582"},{"taxonomy":"product_tag","embeddable":true,"href":"https:\/\/paymentdiscounter.com\/fr\/wp-json\/wp\/v2\/product_tag?post=4582"}],"curies":[{"name":"wp","href":"https:\/\/api.w.org\/{rel}","templated":true}]}}