{"id":39358,"date":"2026-04-18T13:07:12","date_gmt":"2026-04-18T13:07:12","guid":{"rendered":"https:\/\/paymentdiscounter.com\/"},"modified":"2026-04-18T14:55:20","modified_gmt":"2026-04-18T14:55:20","slug":"pax-a960-terminal-case-black","status":"publish","type":"product","link":"https:\/\/paymentdiscounter.com\/fr\/product\/pax-a960-terminal-case-black\/","title":{"rendered":"Pax Bo\u00eete \u00e0 bornes A960 - Noir"},"content":{"rendered":"<p><strong>\u00c9tui de protection pour le PAX A960<\/strong><br \/>\nQue vous encaissiez des paiements sur un \u00e9tal de march\u00e9, sur la route ou au domicile d'un client, votre PAX A960 est constamment en mouvement. Un \u00e9tui de protection prot\u00e8ge votre terminal contre les chocs et les chutes li\u00e9s \u00e0 une utilisation quotidienne, r\u00e9duisant ainsi le risque de dommages et de dysfonctionnements co\u00fbteux.<\/p>\n<p>Notre \u00e9tui en silicone PAX A960 offre une prise en main confortable et antid\u00e9rapante qui facilite la prise en main du terminal tout au long de la journ\u00e9e. Les bords sur\u00e9lev\u00e9s offrent une protection suppl\u00e9mentaire autour de l'\u00e9cran et des coins, de sorte que m\u00eame si le terminal glisse de votre main, les dommages sont beaucoup moins probables.<br \/>\nL'\u00e9tui est con\u00e7u pour rester en place pendant l'utilisation - il n'est pas n\u00e9cessaire de l'enlever entre les paiements. \u00c0 la fin de la journ\u00e9e, il suffit de le faire glisser et de le rincer sous le robinet.<\/p>\n<p><strong>Compatible avec :<\/strong> PAX A960<br \/>\n<strong>Mat\u00e9riau :<\/strong> Silicone<br \/>\n<strong>Caract\u00e9ristiques :<\/strong> Bords sur\u00e9lev\u00e9s, poign\u00e9e antid\u00e9rapante, facile \u00e0 nettoyer<\/p>","protected":false},"excerpt":{"rendered":"<p>Que vous encaissiez des paiements sur un \u00e9tal de march\u00e9, sur la route ou au domicile d'un client, votre PAX A960 est constamment en mouvement. Un \u00e9tui de protection prot\u00e8ge votre terminal contre les chocs et les chutes li\u00e9s \u00e0 une utilisation quotidienne.<\/p>\n<p><strong>Remarque :<br \/>\n<\/strong>Non compatible avec une station d'accueil<\/p>\n<hr \/>","protected":false},"featured_media":39360,"comment_status":"open","ping_status":"closed","template":"","meta":[],"product_cat":[730,2652],"product_tag":[3014,3840,901,728,2653,3013,2611,1536,3009,891,735,3844,996],"acf":[],"_links":{"self":[{"href":"https:\/\/paymentdiscounter.com\/fr\/wp-json\/wp\/v2\/product\/39358"}],"collection":[{"href":"https:\/\/paymentdiscounter.com\/fr\/wp-json\/wp\/v2\/product"}],"about":[{"href":"https:\/\/paymentdiscounter.com\/fr\/wp-json\/wp\/v2\/types\/product"}],"replies":[{"embeddable":true,"href":"https:\/\/paymentdiscounter.com\/fr\/wp-json\/wp\/v2\/comments?post=39358"}],"version-history":[{"count":10,"href":"https:\/\/paymentdiscounter.com\/fr\/wp-json\/wp\/v2\/product\/39358\/revisions"}],"predecessor-version":[{"id":39380,"href":"https:\/\/paymentdiscounter.com\/fr\/wp-json\/wp\/v2\/product\/39358\/revisions\/39380"}],"wp:featuredmedia":[{"embeddable":true,"href":"https:\/\/paymentdiscounter.com\/fr\/wp-json\/wp\/v2\/media\/39360"}],"wp:attachment":[{"href":"https:\/\/paymentdiscounter.com\/fr\/wp-json\/wp\/v2\/media?parent=39358"}],"wp:term":[{"taxonomy":"product_cat","embeddable":true,"href":"https:\/\/paymentdiscounter.com\/fr\/wp-json\/wp\/v2\/product_cat?post=39358"},{"taxonomy":"product_tag","embeddable":true,"href":"https:\/\/paymentdiscounter.com\/fr\/wp-json\/wp\/v2\/product_tag?post=39358"}],"curies":[{"name":"wp","href":"https:\/\/api.w.org\/{rel}","templated":true}]}}