{"id":38597,"date":"2026-01-29T14:43:58","date_gmt":"2026-01-29T14:43:58","guid":{"rendered":"https:\/\/paymentdiscounter.com\/?post_type=product&#038;p=38597"},"modified":"2026-01-29T15:06:06","modified_gmt":"2026-01-29T15:06:06","slug":"newland-n750-holster","status":"publish","type":"product","link":"https:\/\/paymentdiscounter.com\/fr\/product\/newland-n750-holster\/","title":{"rendered":"Newland N750 Holster"},"content":{"rendered":"<p>L'\u00e9tui Newland N750 est un moyen s\u00fbr et l\u00e9ger de garder votre terminal de paiement \u00e0 port\u00e9e de main dans les caf\u00e9s, les restaurants ou les \u00e9v\u00e9nements tr\u00e8s fr\u00e9quent\u00e9s. Fabriqu\u00e9 en tissu Cordura\u00ae r\u00e9sistant et ne pesant que 75 gR, il allie durabilit\u00e9 et confort au quotidien.<\/p>\n<p>Con\u00e7u pour un usage professionnel, il est dot\u00e9 d'une solide sangle de ceinture pour une utilisation mains libres et d'une bandouli\u00e8re optionnelle pour une plus grande flexibilit\u00e9. Avec une garantie de 5 ans, cet \u00e9tui est con\u00e7u pour r\u00e9pondre aux exigences d'un travail quotidien intensif.<\/p>\n<ul>\n<li>Mat\u00e9riau Cordura\u00ae r\u00e9sistant \u00e0 l'usure pour une solidit\u00e9 maximale<\/li>\n<li>Solide sangle de ceinture fournie<\/li>\n<li>L\u00e9ger comme une plume - seulement 75 g<\/li>\n<li>Compatible avec la bandouli\u00e8re<\/li>\n<li>Prot\u00e9g\u00e9 par une garantie de 5 ans<\/li>\n<\/ul>","protected":false},"excerpt":{"rendered":"<p>Travaillez plus efficacement avec l'\u00e9tui Newland N750, con\u00e7u pour le traitement des paiements en mains libres dans les restaurants, les caf\u00e9s ou les environnements \u00e9v\u00e9nementiels. Fabriqu\u00e9 en tissu Cordura\u00ae de premi\u00e8re qualit\u00e9, cet \u00e9tui de 75 g offre une durabilit\u00e9 fiable tout en restant exceptionnellement l\u00e9ger et confortable \u00e0 porter.<\/p>\n<p>Il est \u00e9quip\u00e9 d'une solide sangle de ceinture pour une fixation s\u00fbre et peut \u00eatre associ\u00e9 \u00e0 une sangle d'\u00e9paule optionnelle pour plus de flexibilit\u00e9. B\u00e9n\u00e9ficiant d'une garantie de 5 ans, il assure la protection de votre appareil et le maintient \u00e0 port\u00e9e de main.<\/p>\n<ul>\n<li>Tissu Cordura\u00ae durable pour une utilisation \u00e0 long terme<\/li>\n<li>Sangle de s\u00e9curit\u00e9 fournie<\/li>\n<li>L\u00e9ger - seulement 75 g<\/li>\n<li>Support de bandouli\u00e8re en option<\/li>\n<li>Garantie de 5 ans<\/li>\n<\/ul>","protected":false},"featured_media":38601,"comment_status":"closed","ping_status":"closed","template":"","meta":[],"product_cat":[1657,3088],"product_tag":[702,3902,4273,1693,3425,4270,3089,3816],"acf":[],"_links":{"self":[{"href":"https:\/\/paymentdiscounter.com\/fr\/wp-json\/wp\/v2\/product\/38597"}],"collection":[{"href":"https:\/\/paymentdiscounter.com\/fr\/wp-json\/wp\/v2\/product"}],"about":[{"href":"https:\/\/paymentdiscounter.com\/fr\/wp-json\/wp\/v2\/types\/product"}],"replies":[{"embeddable":true,"href":"https:\/\/paymentdiscounter.com\/fr\/wp-json\/wp\/v2\/comments?post=38597"}],"version-history":[{"count":1,"href":"https:\/\/paymentdiscounter.com\/fr\/wp-json\/wp\/v2\/product\/38597\/revisions"}],"predecessor-version":[{"id":38605,"href":"https:\/\/paymentdiscounter.com\/fr\/wp-json\/wp\/v2\/product\/38597\/revisions\/38605"}],"wp:featuredmedia":[{"embeddable":true,"href":"https:\/\/paymentdiscounter.com\/fr\/wp-json\/wp\/v2\/media\/38601"}],"wp:attachment":[{"href":"https:\/\/paymentdiscounter.com\/fr\/wp-json\/wp\/v2\/media?parent=38597"}],"wp:term":[{"taxonomy":"product_cat","embeddable":true,"href":"https:\/\/paymentdiscounter.com\/fr\/wp-json\/wp\/v2\/product_cat?post=38597"},{"taxonomy":"product_tag","embeddable":true,"href":"https:\/\/paymentdiscounter.com\/fr\/wp-json\/wp\/v2\/product_tag?post=38597"}],"curies":[{"name":"wp","href":"https:\/\/api.w.org\/{rel}","templated":true}]}}