{"id":38334,"date":"2026-01-29T11:44:38","date_gmt":"2026-01-29T11:44:38","guid":{"rendered":"https:\/\/paymentdiscounter.com\/?post_type=product&#038;p=38334"},"modified":"2026-01-29T11:48:55","modified_gmt":"2026-01-29T11:48:55","slug":"holster-ciontek-cs30","status":"publish","type":"product","link":"https:\/\/paymentdiscounter.com\/fr\/product\/holster-ciontek-cs30\/","title":{"rendered":"Ciontek CS30 Holster"},"content":{"rendered":"<p><strong>Ciontek CS30 | Robuste, l\u00e9ger et s\u00e9curis\u00e9<\/strong><\/p>\n<p>L'\u00e9tui Ciontek CS30 Pouch Holster offre \u00e0 la fois confort et stabilit\u00e9. Il est con\u00e7u pour les professionnels qui ont besoin d'avoir leur terminal de paiement ou leur appareil de point de vente mobile toujours \u00e0 port\u00e9e de main. Fabriqu\u00e9 en Cordura\u00ae, il offre une r\u00e9sistance extr\u00eame \u00e0 l'usure et dure jusqu'\u00e0 dix fois plus longtemps que les mat\u00e9riaux standard. M\u00eame dans des environnements de travail exigeants.<\/p>\n<p>\ud83d\udd39 <strong>Confort ultra-l\u00e9ger :<\/strong> Il ne p\u00e8se que 46 g et passe presque inaper\u00e7u lorsqu'il est port\u00e9.<br \/>\n\ud83d\udd39 <strong>Coupe ajust\u00e9e :<\/strong> Parfait pour les terminaux de paiement plats et minces.<br \/>\n\ud83d\udd39 <strong>Bande \u00e9lastique de s\u00e9curit\u00e9 :<\/strong> Prot\u00e8ge votre appareil et pr\u00e9vient les chutes accidentelles.<br \/>\n\ud83d\udd39 <strong>Acc\u00e8s rapide :<\/strong> Les glissi\u00e8res s'ins\u00e8rent ou se retirent rapidement pour une utilisation efficace et sans heurts.<br \/>\n\ud83d\udd39 <strong>Porte-stylo int\u00e9gr\u00e9 :<\/strong> Ayez toujours un stylo \u00e0 port\u00e9e de main.<br \/>\n\ud83d\udd39 <strong>Clip et boucle de ceinture :<\/strong> Fermeture r\u00e9glable, pr\u00eat \u00e0 porter instantan\u00e9ment.<br \/>\n\ud83d\udd39 <strong>Garantie de 5 ans :<\/strong> Longue dur\u00e9e de vie, durable et r\u00e9sistant aux d\u00e9chirures.<\/p>\n<p>Que ce soit dans le commerce de d\u00e9tail, la logistique ou les services sur le terrain, le Ciontek CS30 Pouch Holster offre une combinaison parfaite de durabilit\u00e9, de confort et de s\u00e9curit\u00e9.<\/p>","protected":false},"excerpt":{"rendered":"<p>L'\u00e9tui Ciontek CS30 est une solution l\u00e9g\u00e8re et pratique pour transporter des terminaux de paiement plats et minces dans les caf\u00e9s, les restaurants ou les entrep\u00f4ts. Pesant seulement 46 g, il est fabriqu\u00e9 en Cordura\u00ae, un mat\u00e9riau durable qui offre une excellente r\u00e9sistance \u00e0 la d\u00e9chirure, une durabilit\u00e9 \u00e0 long terme et une utilisation quotidienne s\u00fbre.<\/p>\n<ul>\n<li>Comprend une garantie de 5 ans<\/li>\n<li>Livr\u00e9 avec ceinture de hanche<\/li>\n<li>Adaptation parfaite aux terminaux de paiement plats et minces<\/li>\n<li>L\u00e9ger comme une plume - seulement 46 g<\/li>\n<li>Sangle \u00e9lastique pour une s\u00e9curit\u00e9 suppl\u00e9mentaire de l'appareil<\/li>\n<li>Porte-stylo int\u00e9gr\u00e9 pour plus de commodit\u00e9<\/li>\n<\/ul>","protected":false},"featured_media":38340,"comment_status":"closed","ping_status":"closed","template":"","meta":[],"product_cat":[3225,4154],"product_tag":[3228,4146,4155,4147,4156,702,3816],"acf":[],"_links":{"self":[{"href":"https:\/\/paymentdiscounter.com\/fr\/wp-json\/wp\/v2\/product\/38334"}],"collection":[{"href":"https:\/\/paymentdiscounter.com\/fr\/wp-json\/wp\/v2\/product"}],"about":[{"href":"https:\/\/paymentdiscounter.com\/fr\/wp-json\/wp\/v2\/types\/product"}],"replies":[{"embeddable":true,"href":"https:\/\/paymentdiscounter.com\/fr\/wp-json\/wp\/v2\/comments?post=38334"}],"version-history":[{"count":2,"href":"https:\/\/paymentdiscounter.com\/fr\/wp-json\/wp\/v2\/product\/38334\/revisions"}],"predecessor-version":[{"id":38343,"href":"https:\/\/paymentdiscounter.com\/fr\/wp-json\/wp\/v2\/product\/38334\/revisions\/38343"}],"wp:featuredmedia":[{"embeddable":true,"href":"https:\/\/paymentdiscounter.com\/fr\/wp-json\/wp\/v2\/media\/38340"}],"wp:attachment":[{"href":"https:\/\/paymentdiscounter.com\/fr\/wp-json\/wp\/v2\/media?parent=38334"}],"wp:term":[{"taxonomy":"product_cat","embeddable":true,"href":"https:\/\/paymentdiscounter.com\/fr\/wp-json\/wp\/v2\/product_cat?post=38334"},{"taxonomy":"product_tag","embeddable":true,"href":"https:\/\/paymentdiscounter.com\/fr\/wp-json\/wp\/v2\/product_tag?post=38334"}],"curies":[{"name":"wp","href":"https:\/\/api.w.org\/{rel}","templated":true}]}}