{"id":38225,"date":"2026-01-14T10:44:21","date_gmt":"2026-01-14T10:44:21","guid":{"rendered":"https:\/\/paymentdiscounter.com\/?post_type=product&#038;p=38225"},"modified":"2026-01-14T10:46:39","modified_gmt":"2026-01-14T10:46:39","slug":"protege-ecran-axium-ex6000","status":"publish","type":"product","link":"https:\/\/paymentdiscounter.com\/fr\/product\/protege-ecran-axium-ex6000\/","title":{"rendered":"Protection d'\u00e9cran AXIUM EX6000"},"content":{"rendered":"<p>Ingenico EX6000 Screen Protector - Protection ultime pour votre terminal de paiement<\/p>\n<p>Prot\u00e9gez votre terminal de paiement mobile Ingenico EX6000 avec cette protection d'\u00e9cran durable. Pr\u00e9venez les rayures, la poussi\u00e8re et les dommages pour garder votre appareil en parfait \u00e9tat plus longtemps.<\/p>\n<p>Avantages :<br \/>\n\u00c9cran cristallin avec fonctionnalit\u00e9 tactile compl\u00e8te<br \/>\n\u2714 Rev\u00eatement r\u00e9sistant aux rayures et \u00e0 la salet\u00e9 pour une protection durable<br \/>\n\u2714 Facile \u00e0 appliquer et \u00e0 enlever sans r\u00e9sidus collants<br \/>\n\u2714 Parfait pour les entrepreneurs qui utilisent leur terminal de paiement de mani\u00e8re intensive<\/p>","protected":false},"excerpt":{"rendered":"<p>Prot\u00e9gez votre terminal de paiement Ingenico EX6000 avec cette protection d'\u00e9cran durable et \u00e9vitez les rayures de l'\u00e9cran. Prolongez la dur\u00e9e de vie de votre terminal - parfaitement adapt\u00e9 \u00e0 une utilisation intensive dans le secteur de la vente au d\u00e9tail et de l'h\u00f4tellerie.<\/p>","protected":false},"featured_media":35842,"comment_status":"closed","ping_status":"closed","template":"","meta":[],"product_cat":[705,2672],"product_tag":[3413,2673,3808,4128,3411,3809,762],"acf":[],"_links":{"self":[{"href":"https:\/\/paymentdiscounter.com\/fr\/wp-json\/wp\/v2\/product\/38225"}],"collection":[{"href":"https:\/\/paymentdiscounter.com\/fr\/wp-json\/wp\/v2\/product"}],"about":[{"href":"https:\/\/paymentdiscounter.com\/fr\/wp-json\/wp\/v2\/types\/product"}],"replies":[{"embeddable":true,"href":"https:\/\/paymentdiscounter.com\/fr\/wp-json\/wp\/v2\/comments?post=38225"}],"version-history":[{"count":1,"href":"https:\/\/paymentdiscounter.com\/fr\/wp-json\/wp\/v2\/product\/38225\/revisions"}],"predecessor-version":[{"id":38226,"href":"https:\/\/paymentdiscounter.com\/fr\/wp-json\/wp\/v2\/product\/38225\/revisions\/38226"}],"wp:featuredmedia":[{"embeddable":true,"href":"https:\/\/paymentdiscounter.com\/fr\/wp-json\/wp\/v2\/media\/35842"}],"wp:attachment":[{"href":"https:\/\/paymentdiscounter.com\/fr\/wp-json\/wp\/v2\/media?parent=38225"}],"wp:term":[{"taxonomy":"product_cat","embeddable":true,"href":"https:\/\/paymentdiscounter.com\/fr\/wp-json\/wp\/v2\/product_cat?post=38225"},{"taxonomy":"product_tag","embeddable":true,"href":"https:\/\/paymentdiscounter.com\/fr\/wp-json\/wp\/v2\/product_tag?post=38225"}],"curies":[{"name":"wp","href":"https:\/\/api.w.org\/{rel}","templated":true}]}}