{"id":37758,"date":"2025-09-17T19:21:23","date_gmt":"2025-09-17T19:21:23","guid":{"rendered":"https:\/\/paymentdiscounter.com\/?post_type=product&#038;p=37758"},"modified":"2025-09-17T19:34:53","modified_gmt":"2025-09-17T19:34:53","slug":"verifone-v660p-holster-large","status":"publish","type":"product","link":"https:\/\/paymentdiscounter.com\/fr\/product\/verifone-v660p-holster-large\/","title":{"rendered":"Verifone V660p Holster Large"},"content":{"rendered":"<p>L'\u00e9tui Verifone V660p est un moyen fin et l\u00e9ger de transporter votre terminal de paiement en toute s\u00e9curit\u00e9 tout au long de la journ\u00e9e. Fabriqu\u00e9 en tissu Cordura\u00ae durable, cet \u00e9tui de 75 g offre une excellente r\u00e9sistance aux d\u00e9chirures et \u00e0 l'usure, ce qui garantit une solidit\u00e9 et un confort durables dans le cadre d'une utilisation professionnelle quotidienne.<\/p>\n<p>Con\u00e7ue pour les mod\u00e8les de terminaux traditionnels, elle est dot\u00e9e d'une fermeture velcro discr\u00e8te pour une fixation s\u00fbre et est compatible avec une bandouli\u00e8re optionnelle pour un transport flexible.<\/p>\n<ul>\n<li>Tissu Cordura\u00ae r\u00e9sistant : Garantie de 5 ans incluse<\/li>\n<li>Construction l\u00e9g\u00e8re : 75 g seulement<\/li>\n<li>Porte-stylo int\u00e9gr\u00e9 pour plus de commodit\u00e9<\/li>\n<li>Syst\u00e8me de fermeture velcro cach\u00e9<\/li>\n<li>Compatible avec la bandouli\u00e8re en option<\/li>\n<li>Id\u00e9al pour les mod\u00e8les de terminaux de paiement classiques<\/li>\n<\/ul>","protected":false},"excerpt":{"rendered":"<p>L'\u00e9tui Verifone V660p est une solution de transport mains libres pour les terminaux de paiement dans les caf\u00e9s, les restaurants ou les environnements \u00e9v\u00e9nementiels. Il offre une durabilit\u00e9 \u00e0 long terme tout en restant l\u00e9ger et confortable. Avec seulement 75 grammes, il garantit que votre appareil est toujours en s\u00e9curit\u00e9 et facile d'acc\u00e8s sans ajouter d'encombrement suppl\u00e9mentaire.<\/p>\n<ul>\n<li>Mat\u00e9riau Cordura\u00ae de premi\u00e8re qualit\u00e9<\/li>\n<li>Solide sangle de ceinture incluse<\/li>\n<li>Ultra l\u00e9ger : Seulement 75 g<\/li>\n<li>Compatible avec la bandouli\u00e8re en option<\/li>\n<li>Garantie de 5 ans incluse<\/li>\n<\/ul>","protected":false},"featured_media":37771,"comment_status":"closed","ping_status":"closed","template":"","meta":[],"product_cat":[791,4069],"product_tag":[702,3816,4073,4071,3338,4032,4072,4070],"acf":[],"_links":{"self":[{"href":"https:\/\/paymentdiscounter.com\/fr\/wp-json\/wp\/v2\/product\/37758"}],"collection":[{"href":"https:\/\/paymentdiscounter.com\/fr\/wp-json\/wp\/v2\/product"}],"about":[{"href":"https:\/\/paymentdiscounter.com\/fr\/wp-json\/wp\/v2\/types\/product"}],"replies":[{"embeddable":true,"href":"https:\/\/paymentdiscounter.com\/fr\/wp-json\/wp\/v2\/comments?post=37758"}],"version-history":[{"count":1,"href":"https:\/\/paymentdiscounter.com\/fr\/wp-json\/wp\/v2\/product\/37758\/revisions"}],"predecessor-version":[{"id":37772,"href":"https:\/\/paymentdiscounter.com\/fr\/wp-json\/wp\/v2\/product\/37758\/revisions\/37772"}],"wp:featuredmedia":[{"embeddable":true,"href":"https:\/\/paymentdiscounter.com\/fr\/wp-json\/wp\/v2\/media\/37771"}],"wp:attachment":[{"href":"https:\/\/paymentdiscounter.com\/fr\/wp-json\/wp\/v2\/media?parent=37758"}],"wp:term":[{"taxonomy":"product_cat","embeddable":true,"href":"https:\/\/paymentdiscounter.com\/fr\/wp-json\/wp\/v2\/product_cat?post=37758"},{"taxonomy":"product_tag","embeddable":true,"href":"https:\/\/paymentdiscounter.com\/fr\/wp-json\/wp\/v2\/product_tag?post=37758"}],"curies":[{"name":"wp","href":"https:\/\/api.w.org\/{rel}","templated":true}]}}