{"id":37590,"date":"2025-09-17T10:33:06","date_gmt":"2025-09-17T10:33:06","guid":{"rendered":"https:\/\/paymentdiscounter.com\/?post_type=product&#038;p=37590"},"modified":"2025-09-17T10:38:58","modified_gmt":"2025-09-17T10:38:58","slug":"verifone-victa-mobile-holster-compact","status":"publish","type":"product","link":"https:\/\/paymentdiscounter.com\/fr\/product\/verifone-victa-mobile-holster-compact\/","title":{"rendered":"Verifone Victa Mobile Holster"},"content":{"rendered":"<p>Le Verifone Victa Mobile Holster Compact offre un moyen s\u00fbr et l\u00e9ger de transporter des terminaux de paiement compacts et ne p\u00e8se que 66 g. Il est fabriqu\u00e9 dans un mat\u00e9riau Cordura\u00ae authentique qui est dix fois plus r\u00e9sistant que les tissus habituels. Id\u00e9al pour les professionnels du commerce de d\u00e9tail, de la logistique et du paiement mobile qui ont besoin d'une performance fiable au quotidien.<\/p>\n<p>Cet \u00e9tui comprend une fermeture velcro cach\u00e9e, un porte-stylo int\u00e9gr\u00e9 et une poche suppl\u00e9mentaire pour les accessoires ou les re\u00e7us. Il est fourni avec une ceinture de hanche de 30 mm et peut \u00e9galement \u00eatre utilis\u00e9 avec une bandouli\u00e8re optionnelle pour un confort maximal et des options de transport flexibles.<\/p>\n<p><strong>Sp\u00e9cifications techniques<\/strong><\/p>\n<ul>\n<li>Fabriqu\u00e9 en Cordura\u00ae original - 10 fois plus r\u00e9sistant que les textiles standard<\/li>\n<li>Conception l\u00e9g\u00e8re - seulement 66 g<\/li>\n<li>Garantie de 5 ans avec r\u00e9sistance \u00e0 la d\u00e9chirure<\/li>\n<li>Convient aux dispositifs de paiement de la taille d'un smartphone<\/li>\n<li>Fermeture velcro discr\u00e8te pour plus de s\u00e9curit\u00e9<\/li>\n<li>Livr\u00e9 avec une ceinture de hanche de 30 mm<\/li>\n<li>Compatible avec la bandouli\u00e8re optionnelle<\/li>\n<li>Compartiment suppl\u00e9mentaire pour les re\u00e7us ou les accessoires<\/li>\n<li>Porte-stylo int\u00e9gr\u00e9 pour une utilisation pratique<\/li>\n<\/ul>","protected":false},"excerpt":{"rendered":"<p>Le Verifone Victa Mobile Holster Compact est con\u00e7u pour les professionnels qui ont besoin d'un moyen l\u00e9ger et fiable pour transporter des terminaux de paiement de la taille d'un smartphone. Avec un poids de seulement 66 grammes, il allie portabilit\u00e9 et robustesse. Qu'il s'agisse de commerce de d\u00e9tail, de messagerie ou de vente itin\u00e9rante, cet \u00e9tui garantit des performances fiables au quotidien.<\/p>\n<ul>\n<li>L\u00e9ger comme une plume - seulement 66 g<\/li>\n<li>Fabriqu\u00e9 en Cordura\u00ae r\u00e9sistant<\/li>\n<li>Fermeture Velcro pour la s\u00e9curit\u00e9 de l'appareil<\/li>\n<li>Ceinture de hanche incluse pour une utilisation quotidienne<\/li>\n<li>Bandouli\u00e8re en option<\/li>\n<li>Garantie de 5 ans<\/li>\n<\/ul>","protected":false},"featured_media":37592,"comment_status":"closed","ping_status":"closed","template":"","meta":[],"product_cat":[791,3720],"product_tag":[702,3816,3338,4032,3722,4041,3723,4042],"acf":[],"_links":{"self":[{"href":"https:\/\/paymentdiscounter.com\/fr\/wp-json\/wp\/v2\/product\/37590"}],"collection":[{"href":"https:\/\/paymentdiscounter.com\/fr\/wp-json\/wp\/v2\/product"}],"about":[{"href":"https:\/\/paymentdiscounter.com\/fr\/wp-json\/wp\/v2\/types\/product"}],"replies":[{"embeddable":true,"href":"https:\/\/paymentdiscounter.com\/fr\/wp-json\/wp\/v2\/comments?post=37590"}],"version-history":[{"count":3,"href":"https:\/\/paymentdiscounter.com\/fr\/wp-json\/wp\/v2\/product\/37590\/revisions"}],"predecessor-version":[{"id":37597,"href":"https:\/\/paymentdiscounter.com\/fr\/wp-json\/wp\/v2\/product\/37590\/revisions\/37597"}],"wp:featuredmedia":[{"embeddable":true,"href":"https:\/\/paymentdiscounter.com\/fr\/wp-json\/wp\/v2\/media\/37592"}],"wp:attachment":[{"href":"https:\/\/paymentdiscounter.com\/fr\/wp-json\/wp\/v2\/media?parent=37590"}],"wp:term":[{"taxonomy":"product_cat","embeddable":true,"href":"https:\/\/paymentdiscounter.com\/fr\/wp-json\/wp\/v2\/product_cat?post=37590"},{"taxonomy":"product_tag","embeddable":true,"href":"https:\/\/paymentdiscounter.com\/fr\/wp-json\/wp\/v2\/product_tag?post=37590"}],"curies":[{"name":"wp","href":"https:\/\/api.w.org\/{rel}","templated":true}]}}