{"id":37564,"date":"2025-09-16T19:35:50","date_gmt":"2025-09-16T19:35:50","guid":{"rendered":"https:\/\/paymentdiscounter.com\/?post_type=product&#038;p=37564"},"modified":"2025-09-16T19:51:18","modified_gmt":"2025-09-16T19:51:18","slug":"verifone-e280s-holster-compact","status":"publish","type":"product","link":"https:\/\/paymentdiscounter.com\/fr\/product\/verifone-e280s-holster-compact\/","title":{"rendered":"Verifone E280s Holster Compact"},"content":{"rendered":"<p>L'\u00e9tui Verifone E280s Holster Compact offre un moyen s\u00fbr et ultra-l\u00e9ger de transporter votre terminal de paiement, pesant seulement 66 g. Fabriqu\u00e9 en Cordura\u00ae, qui est jusqu'\u00e0 dix fois plus r\u00e9sistant que les tissus standard, cet \u00e9tui garantit une durabilit\u00e9 et une protection exceptionnelles. Il est con\u00e7u pour les professionnels de la vente au d\u00e9tail, de la livraison et de la vente mobile qui ont besoin de fiabilit\u00e9 et de confort au quotidien.<\/p>\n<p>Il est \u00e9quip\u00e9 d'une fermeture velcro cach\u00e9e, d'un porte-stylo int\u00e9gr\u00e9 et d'un compartiment suppl\u00e9mentaire pour les petits objets ou les notes. Il offre \u00e0 la fois s\u00e9curit\u00e9 et praticit\u00e9. L'\u00e9tui est livr\u00e9 avec une ceinture de hanche de 30 mm et peut \u00e9galement \u00eatre utilis\u00e9 avec une bandouli\u00e8re optionnelle pour un confort de portage flexible.<\/p>\n<p><strong>Sp\u00e9cifications techniques<\/strong><\/p>\n<ul>\n<li>Fabriqu\u00e9 en Cordura\u00ae authentique - jusqu'\u00e0 10 fois plus r\u00e9sistant qu'un tissu standard<\/li>\n<li>Construction l\u00e9g\u00e8re - seulement 66 g<\/li>\n<li>Durabilit\u00e9 assur\u00e9e par une garantie de 5 ans<\/li>\n<li>Adapt\u00e9 aux dispositifs de paiement de la taille d'un smartphone<\/li>\n<li>Fermeture velcro cach\u00e9e pour un maintien s\u00fbr<\/li>\n<li>Ceinture de hanche de 30 mm incluse<\/li>\n<li>Support de bandouli\u00e8re en option<\/li>\n<li>Pochette suppl\u00e9mentaire pour les accessoires ou les re\u00e7us<\/li>\n<li>Porte-stylo int\u00e9gr\u00e9 pour un usage quotidien<\/li>\n<\/ul>","protected":false},"excerpt":{"rendered":"<p>Le Verifone E280s Holster Compact est une solution de transport l\u00e9g\u00e8re de seulement 66 grammes con\u00e7ue pour prot\u00e9ger et transporter les terminaux de paiement de la taille d'un smartphone. Fabriqu\u00e9 en Cordura\u00ae, cet \u00e9tui est con\u00e7u pour une utilisation quotidienne intensive dans les environnements de vente au d\u00e9tail, de livraison et de paiement mobile.<\/p>\n<p>Livr\u00e9 avec une ceinture de hanches et compatible avec une bandouli\u00e8re en option, il offre un confort de transport polyvalent, ce qui en fait le compagnon id\u00e9al des professionnels en d\u00e9placement.<\/p>\n<ul>\n<li>Poids plume - seulement 66 g<\/li>\n<li>Syst\u00e8me d'attache Velcro s\u00e9curis\u00e9<\/li>\n<li>Support de bandouli\u00e8re en option<\/li>\n<li>Fourni avec une ceinture de hanches<\/li>\n<li>Garantie de 5 ans<\/li>\n<\/ul>","protected":false},"featured_media":37565,"comment_status":"closed","ping_status":"closed","template":"","meta":[],"product_cat":[791,1595],"product_tag":[4034,702,3816,3338,1781,4033,4032],"acf":[],"_links":{"self":[{"href":"https:\/\/paymentdiscounter.com\/fr\/wp-json\/wp\/v2\/product\/37564"}],"collection":[{"href":"https:\/\/paymentdiscounter.com\/fr\/wp-json\/wp\/v2\/product"}],"about":[{"href":"https:\/\/paymentdiscounter.com\/fr\/wp-json\/wp\/v2\/types\/product"}],"replies":[{"embeddable":true,"href":"https:\/\/paymentdiscounter.com\/fr\/wp-json\/wp\/v2\/comments?post=37564"}],"version-history":[{"count":1,"href":"https:\/\/paymentdiscounter.com\/fr\/wp-json\/wp\/v2\/product\/37564\/revisions"}],"predecessor-version":[{"id":37569,"href":"https:\/\/paymentdiscounter.com\/fr\/wp-json\/wp\/v2\/product\/37564\/revisions\/37569"}],"wp:featuredmedia":[{"embeddable":true,"href":"https:\/\/paymentdiscounter.com\/fr\/wp-json\/wp\/v2\/media\/37565"}],"wp:attachment":[{"href":"https:\/\/paymentdiscounter.com\/fr\/wp-json\/wp\/v2\/media?parent=37564"}],"wp:term":[{"taxonomy":"product_cat","embeddable":true,"href":"https:\/\/paymentdiscounter.com\/fr\/wp-json\/wp\/v2\/product_cat?post=37564"},{"taxonomy":"product_tag","embeddable":true,"href":"https:\/\/paymentdiscounter.com\/fr\/wp-json\/wp\/v2\/product_tag?post=37564"}],"curies":[{"name":"wp","href":"https:\/\/api.w.org\/{rel}","templated":true}]}}