{"id":37558,"date":"2025-09-16T19:30:16","date_gmt":"2025-09-16T19:30:16","guid":{"rendered":"https:\/\/paymentdiscounter.com\/?post_type=product&#038;p=37558"},"modified":"2025-09-16T19:51:33","modified_gmt":"2025-09-16T19:51:33","slug":"verifone-e280-holster-compact","status":"publish","type":"product","link":"https:\/\/paymentdiscounter.com\/fr\/product\/verifone-e280-holster-compact\/","title":{"rendered":"Verifone e280 Holster Compact"},"content":{"rendered":"<p>L'\u00e9tui Verifone e280 Holster Compact est une solution l\u00e9g\u00e8re, pesant seulement 66 g, con\u00e7ue pour les transactions mobiles, les magasins de d\u00e9tail et les op\u00e9rations de livraison. Fabriqu\u00e9 en Cordura\u00ae authentique, jusqu'\u00e0 dix fois plus r\u00e9sistant que les tissus ordinaires, cet \u00e9tui allie r\u00e9silience et protection durable et b\u00e9n\u00e9ficie d'une garantie de 5 ans.<\/p>\n<p>Il comprend une fermeture velcro discr\u00e8te pour s\u00e9curiser votre appareil, une fente pour stylo int\u00e9gr\u00e9e et une poche suppl\u00e9mentaire pour les re\u00e7us ou les petits objets. Livr\u00e9 avec une ceinture de hanche de 30 mm et compatible avec une bandouli\u00e8re optionnelle, il offre des options de transport flexibles et confortables.<\/p>\n<p><strong>Sp\u00e9cifications techniques<\/strong><\/p>\n<ul>\n<li>Fabriqu\u00e9 en Cordura\u00ae original - jusqu'\u00e0 10 fois plus r\u00e9sistant que les textiles standard<\/li>\n<li>Conception ultra-l\u00e9g\u00e8re - seulement 66 g<\/li>\n<li>Garantie de 5 ans, r\u00e9sistance garantie \u00e0 la d\u00e9chirure<\/li>\n<li>Parfaitement adapt\u00e9 aux terminaux de paiement de la taille d'un smartphone<\/li>\n<li>Fermeture Velcro s\u00e9curis\u00e9e - style discret<\/li>\n<li>Fourni avec une ceinture de hanche de 30 mm de large<\/li>\n<li>Fixation de la bandouli\u00e8re en option<\/li>\n<li>Pochette suppl\u00e9mentaire pour les re\u00e7us ou les accessoires<\/li>\n<li>Porte-stylo int\u00e9gr\u00e9 pour une utilisation quotidienne<\/li>\n<\/ul>","protected":false},"excerpt":{"rendered":"<p>L'\u00e9tui Verifone e280 Holster Compact, qui ne p\u00e8se que 66 g, offre un moyen fiable de prot\u00e9ger et de transporter votre terminal de paiement de la taille d'un smartphone. Fabriqu\u00e9 en Cordura\u00ae durable, il est con\u00e7u pour une utilisation professionnelle \u00e0 long terme dans les secteurs de la vente mobile, des services de messagerie et de la vente au d\u00e9tail. L'\u00e9tui est dot\u00e9 d'une fermeture velcro discr\u00e8te, d'un porte-stylo int\u00e9gr\u00e9 et d'une pochette pour les notes ou les accessoires.<\/p>\n<p>Pour une flexibilit\u00e9 maximale, il est \u00e9quip\u00e9 d'une ceinture de hanches et peut \u00eatre associ\u00e9 \u00e0 une bandouli\u00e8re optionnelle, ce qui en fait la solution id\u00e9ale pour les professionnels en d\u00e9placement.<\/p>\n<ul>\n<li>Fabriqu\u00e9 en Cordura\u00ae robuste<\/li>\n<li>Ultra-l\u00e9ger - seulement 66 g<\/li>\n<li>Fermeture velcro discr\u00e8te pour un rangement s\u00e9curis\u00e9<\/li>\n<li>Compatibilit\u00e9 avec la bandouli\u00e8re en option<\/li>\n<li>Ceinture de hanche incluse pour une utilisation quotidienne<\/li>\n<li>Porte-stylo int\u00e9gr\u00e9 pratique<\/li>\n<li>Poche suppl\u00e9mentaire pour les notes ou les petits objets<\/li>\n<li>Prot\u00e9g\u00e9 par une garantie de 5 ans<\/li>\n<\/ul>","protected":false},"featured_media":37560,"comment_status":"closed","ping_status":"closed","template":"","meta":[],"product_cat":[791,1553],"product_tag":[4031,702,3816,3338,1780,4030,4032],"acf":[],"_links":{"self":[{"href":"https:\/\/paymentdiscounter.com\/fr\/wp-json\/wp\/v2\/product\/37558"}],"collection":[{"href":"https:\/\/paymentdiscounter.com\/fr\/wp-json\/wp\/v2\/product"}],"about":[{"href":"https:\/\/paymentdiscounter.com\/fr\/wp-json\/wp\/v2\/types\/product"}],"replies":[{"embeddable":true,"href":"https:\/\/paymentdiscounter.com\/fr\/wp-json\/wp\/v2\/comments?post=37558"}],"version-history":[{"count":1,"href":"https:\/\/paymentdiscounter.com\/fr\/wp-json\/wp\/v2\/product\/37558\/revisions"}],"predecessor-version":[{"id":37563,"href":"https:\/\/paymentdiscounter.com\/fr\/wp-json\/wp\/v2\/product\/37558\/revisions\/37563"}],"wp:featuredmedia":[{"embeddable":true,"href":"https:\/\/paymentdiscounter.com\/fr\/wp-json\/wp\/v2\/media\/37560"}],"wp:attachment":[{"href":"https:\/\/paymentdiscounter.com\/fr\/wp-json\/wp\/v2\/media?parent=37558"}],"wp:term":[{"taxonomy":"product_cat","embeddable":true,"href":"https:\/\/paymentdiscounter.com\/fr\/wp-json\/wp\/v2\/product_cat?post=37558"},{"taxonomy":"product_tag","embeddable":true,"href":"https:\/\/paymentdiscounter.com\/fr\/wp-json\/wp\/v2\/product_tag?post=37558"}],"curies":[{"name":"wp","href":"https:\/\/api.w.org\/{rel}","templated":true}]}}