{"id":37486,"date":"2025-09-16T18:16:09","date_gmt":"2025-09-16T18:16:09","guid":{"rendered":"https:\/\/paymentdiscounter.com\/?post_type=product&#038;p=37486"},"modified":"2025-09-16T18:21:49","modified_gmt":"2025-09-16T18:21:49","slug":"pax-a920-pro-holster-large","status":"publish","type":"product","link":"https:\/\/paymentdiscounter.com\/fr\/product\/pax-a920-pro-holster-large\/","title":{"rendered":"PAX A920 Pro Holster Large"},"content":{"rendered":"<p>L'\u00e9tui PAX A920 Pro Holster Large prot\u00e8ge votre terminal de paiement, le rend l\u00e9ger et facile d'acc\u00e8s dans les environnements de vente au d\u00e9tail, d'entreposage et de logistique o\u00f9 les activit\u00e9s se d\u00e9roulent \u00e0 un rythme soutenu. Fabriqu\u00e9 en Cordura\u00ae robuste, cet \u00e9tui de 75 g offre durabilit\u00e9, confort et stabilit\u00e9 fiable. Dot\u00e9 d'une fermeture velcro cach\u00e9e, d'un porte-stylo int\u00e9gr\u00e9 et d'une bandouli\u00e8re en option, il convient parfaitement aux mod\u00e8les de terminaux traditionnels.<\/p>\n<ul>\n<li>Mat\u00e9riau Cordura\u00ae robuste - garantie de 5 ans<\/li>\n<li>Construction l\u00e9g\u00e8re - seulement 75 g<\/li>\n<li>Porte-stylo int\u00e9gr\u00e9 pour une utilisation quotidienne<\/li>\n<li>Fermeture velcro discr\u00e8te<\/li>\n<li>Compatible avec la bandouli\u00e8re<\/li>\n<li>Convient aux terminaux de paiement standard<\/li>\n<\/ul>","protected":false},"excerpt":{"rendered":"<p>L'\u00e9tui PAX A920 Pro est la solution intelligente pour le traitement des paiements en mains libres dans les caf\u00e9s, les restaurants et les lieux \u00e9v\u00e9nementiels. Fabriqu\u00e9 en Cordura\u00ae r\u00e9sistant, cet \u00e9tui ultra-l\u00e9ger de 75 g allie confort, stabilit\u00e9 et performance \u00e0 long terme. Avec sa sangle de ceinture s\u00e9curis\u00e9e, son porte-stylo int\u00e9gr\u00e9 et son support de bandouli\u00e8re optionnel, il constitue une solution pratique pour les terminaux de paiement traditionnels.<\/p>\n<ul>\n<li>Construction durable en Cordura\u00ae - con\u00e7ue pour durer<\/li>\n<li>Compatibilit\u00e9 avec la bandouli\u00e8re en option<\/li>\n<li>Sangle de ceinture s\u00e9curis\u00e9e incluse<\/li>\n<li>Porte-stylo int\u00e9gr\u00e9 pour une utilisation quotidienne<\/li>\n<li>Conception l\u00e9g\u00e8re - seulement 75 g<\/li>\n<li>Garantie de 5 ans<\/li>\n<\/ul>","protected":false},"featured_media":37492,"comment_status":"closed","ping_status":"closed","template":"","meta":[],"product_cat":[730,1489],"product_tag":[2913,4019,702,1492,4018,2611,3983,3816],"acf":[],"_links":{"self":[{"href":"https:\/\/paymentdiscounter.com\/fr\/wp-json\/wp\/v2\/product\/37486"}],"collection":[{"href":"https:\/\/paymentdiscounter.com\/fr\/wp-json\/wp\/v2\/product"}],"about":[{"href":"https:\/\/paymentdiscounter.com\/fr\/wp-json\/wp\/v2\/types\/product"}],"replies":[{"embeddable":true,"href":"https:\/\/paymentdiscounter.com\/fr\/wp-json\/wp\/v2\/comments?post=37486"}],"version-history":[{"count":1,"href":"https:\/\/paymentdiscounter.com\/fr\/wp-json\/wp\/v2\/product\/37486\/revisions"}],"predecessor-version":[{"id":37495,"href":"https:\/\/paymentdiscounter.com\/fr\/wp-json\/wp\/v2\/product\/37486\/revisions\/37495"}],"wp:featuredmedia":[{"embeddable":true,"href":"https:\/\/paymentdiscounter.com\/fr\/wp-json\/wp\/v2\/media\/37492"}],"wp:attachment":[{"href":"https:\/\/paymentdiscounter.com\/fr\/wp-json\/wp\/v2\/media?parent=37486"}],"wp:term":[{"taxonomy":"product_cat","embeddable":true,"href":"https:\/\/paymentdiscounter.com\/fr\/wp-json\/wp\/v2\/product_cat?post=37486"},{"taxonomy":"product_tag","embeddable":true,"href":"https:\/\/paymentdiscounter.com\/fr\/wp-json\/wp\/v2\/product_tag?post=37486"}],"curies":[{"name":"wp","href":"https:\/\/api.w.org\/{rel}","templated":true}]}}