{"id":3714,"date":"2018-10-15T18:27:09","date_gmt":"2018-10-15T18:27:09","guid":{"rendered":"https:\/\/paymentdiscounter.com\/product\/verifone-vx820-standaard\/"},"modified":"2025-01-13T22:29:39","modified_gmt":"2025-01-13T22:29:39","slug":"verifone-vx820-stand-complet","status":"publish","type":"product","link":"https:\/\/paymentdiscounter.com\/fr\/product\/verifone-vx820-stand-complet\/","title":{"rendered":"Verifone Vx820 Stand complet"},"content":{"rendered":"<p>Verifone Vx820 P\u00f4le<br \/>\nLe support Verifone Vx820 est id\u00e9al pour les magasins disposant d'un comptoir fixe. Un support de terminal de paiement offre un emplacement fixe pour votre terminal et r\u00e9duit l'espace n\u00e9cessaire sur votre comptoir.<\/p>\n<p>Il r\u00e9duit \u00e9galement le risque d'accidents et de dommages. La borne de paiement verifone est disponible dans les mod\u00e8les : Bas | Haut | Fix\u00e9 au mur. Il peut \u00eatre fix\u00e9 \u00e0 l'aide de la bande adh\u00e9sive ou du jeu de vis inclus dans l'achat.<\/p>\n<p>Les avantages<\/p>\n<ul>\n<li>Une solution de montage tout-en-un.<\/li>\n<li>Inclinable jusqu'\u00e0 140 degr\u00e9s.<\/li>\n<li>Rotation jusqu'\u00e0 330 degr\u00e9s.<\/li>\n<li>Plaque de montage incluse.<\/li>\n<li>Se fixe facilement \u00e0 l'aide de vis ou d'une bande adh\u00e9sive.<\/li>\n<li>\u00c9vite la rupture des c\u00e2bles.<\/li>\n<\/ul>\n<p>&nbsp;<\/p>","protected":false},"excerpt":{"rendered":"<p>Le m\u00e2t Verifone Vx820 permet de fixer facilement votre terminal de paiement \u00e0 votre comptoir ou au mur. Il peut pivoter jusqu'\u00e0 330 degr\u00e9s et est facile \u00e0 utiliser pour l'entrepreneur et le client. Il permet \u00e9galement d'\u00e9viter les dommages et de conserver votre terminal de paiement plus longtemps et en meilleur \u00e9tat.<\/p>","protected":false},"featured_media":9841,"comment_status":"closed","ping_status":"closed","template":"","meta":[],"product_cat":[791,780],"product_tag":[3349,1326,768,776,3338,781,913],"acf":[],"_links":{"self":[{"href":"https:\/\/paymentdiscounter.com\/fr\/wp-json\/wp\/v2\/product\/3714"}],"collection":[{"href":"https:\/\/paymentdiscounter.com\/fr\/wp-json\/wp\/v2\/product"}],"about":[{"href":"https:\/\/paymentdiscounter.com\/fr\/wp-json\/wp\/v2\/types\/product"}],"replies":[{"embeddable":true,"href":"https:\/\/paymentdiscounter.com\/fr\/wp-json\/wp\/v2\/comments?post=3714"}],"version-history":[{"count":6,"href":"https:\/\/paymentdiscounter.com\/fr\/wp-json\/wp\/v2\/product\/3714\/revisions"}],"predecessor-version":[{"id":26333,"href":"https:\/\/paymentdiscounter.com\/fr\/wp-json\/wp\/v2\/product\/3714\/revisions\/26333"}],"wp:featuredmedia":[{"embeddable":true,"href":"https:\/\/paymentdiscounter.com\/fr\/wp-json\/wp\/v2\/media\/9841"}],"wp:attachment":[{"href":"https:\/\/paymentdiscounter.com\/fr\/wp-json\/wp\/v2\/media?parent=3714"}],"wp:term":[{"taxonomy":"product_cat","embeddable":true,"href":"https:\/\/paymentdiscounter.com\/fr\/wp-json\/wp\/v2\/product_cat?post=3714"},{"taxonomy":"product_tag","embeddable":true,"href":"https:\/\/paymentdiscounter.com\/fr\/wp-json\/wp\/v2\/product_tag?post=3714"}],"curies":[{"name":"wp","href":"https:\/\/api.w.org\/{rel}","templated":true}]}}