{"id":36744,"date":"2025-08-09T19:37:34","date_gmt":"2025-08-09T19:37:34","guid":{"rendered":"https:\/\/paymentdiscounter.com\/?post_type=product&#038;p=36744"},"modified":"2025-08-09T19:45:22","modified_gmt":"2025-08-09T19:45:22","slug":"axium-rx5000-stand-stack","status":"publish","type":"product","link":"https:\/\/paymentdiscounter.com\/fr\/product\/axium-rx5000-stand-stack\/","title":{"rendered":"Support Axium RX5000 - Stack"},"content":{"rendered":"<p>Le Spacepole Stack Axium RX5000 est un support de terminal de paiement innovant d'Ergonomic Solutions, au design modulaire et ergonomique.<\/p>\n<p>- Inclinaison jusqu'\u00e0 70\u00b0 et rotation jusqu'\u00e0 310\u00b0.<br \/>\n- Stabilit\u00e9 am\u00e9lior\u00e9e pour les terminaux de plus grande taille<br \/>\n- R\u00e9glable en hauteur : 96 mm\/3.77 inch ou 124 mm\/4.88 inch<br \/>\n- Conception plus large pour une gestion et une protection efficaces des c\u00e2bles<br \/>\n- Montage : Montage facile \u00e0 l'aide de ruban adh\u00e9sif double face et\/ou de vis<\/p>\n<p><strong>La s\u00e9curit\u00e9 :<\/strong><br \/>\nSi vous le souhaitez, le stand peut \u00eatre compl\u00e9t\u00e9 par une option de s\u00e9curit\u00e9 ClickSafe\u00ae pour pr\u00e9venir le vol et les dommages.<\/p>\n<p><strong>Mise \u00e0 niveau :<\/strong><br \/>\nPassez-vous \u00e0 un autre terminal de paiement Axium ?<br \/>\nIl suffit alors de changer la plaque de montage. La base reste toujours la m\u00eame.<\/p>\n<p><strong>Mat\u00e9riaux :<\/strong><br \/>\n- Le support est fabriqu\u00e9 en composite durable<br \/>\n- Pour une dur\u00e9e de vie plus longue, la plaque de montage est en m\u00e9tal.<\/p>","protected":false},"excerpt":{"rendered":"<p>L'Axium RX5000 Stack est un support de comptoir facilement r\u00e9glable en hauteur. Il se compose de 4 parties. La base, une partie centrale \u00e9l\u00e9vatrice et une partie sup\u00e9rieure inclinable. Avec une plaque de montage en m\u00e9tal faite sur mesure, le stand est facilement r\u00e9glable en hauteur.<\/p>","protected":false},"featured_media":36745,"comment_status":"closed","ping_status":"closed","template":"","meta":[],"product_cat":[705,3001],"product_tag":[2662,3413,3003,3971,703,3411,3004,3972],"acf":[],"_links":{"self":[{"href":"https:\/\/paymentdiscounter.com\/fr\/wp-json\/wp\/v2\/product\/36744"}],"collection":[{"href":"https:\/\/paymentdiscounter.com\/fr\/wp-json\/wp\/v2\/product"}],"about":[{"href":"https:\/\/paymentdiscounter.com\/fr\/wp-json\/wp\/v2\/types\/product"}],"replies":[{"embeddable":true,"href":"https:\/\/paymentdiscounter.com\/fr\/wp-json\/wp\/v2\/comments?post=36744"}],"version-history":[{"count":1,"href":"https:\/\/paymentdiscounter.com\/fr\/wp-json\/wp\/v2\/product\/36744\/revisions"}],"predecessor-version":[{"id":36750,"href":"https:\/\/paymentdiscounter.com\/fr\/wp-json\/wp\/v2\/product\/36744\/revisions\/36750"}],"wp:featuredmedia":[{"embeddable":true,"href":"https:\/\/paymentdiscounter.com\/fr\/wp-json\/wp\/v2\/media\/36745"}],"wp:attachment":[{"href":"https:\/\/paymentdiscounter.com\/fr\/wp-json\/wp\/v2\/media?parent=36744"}],"wp:term":[{"taxonomy":"product_cat","embeddable":true,"href":"https:\/\/paymentdiscounter.com\/fr\/wp-json\/wp\/v2\/product_cat?post=36744"},{"taxonomy":"product_tag","embeddable":true,"href":"https:\/\/paymentdiscounter.com\/fr\/wp-json\/wp\/v2\/product_tag?post=36744"}],"curies":[{"name":"wp","href":"https:\/\/api.w.org\/{rel}","templated":true}]}}