{"id":36209,"date":"2025-07-05T19:59:21","date_gmt":"2025-07-05T19:59:21","guid":{"rendered":"https:\/\/paymentdiscounter.com\/?post_type=product&#038;p=36209"},"modified":"2026-02-03T11:47:52","modified_gmt":"2026-02-03T11:47:52","slug":"holster-sunmi-m3","status":"publish","type":"product","link":"https:\/\/paymentdiscounter.com\/fr\/product\/holster-sunmi-m3\/","title":{"rendered":"Holster Sunmi M3"},"content":{"rendered":"<p><strong>S\u00e9curit\u00e9 renforc\u00e9e :<\/strong><br \/>\nDot\u00e9 d'un anneau m\u00e9tallique durable \u00e0 l'arri\u00e8re, cet \u00e9tui pour terminal de paiement vous permet d'attacher votre appareil en toute s\u00e9curit\u00e9 \u00e0 une ceinture ou \u00e0 une sangle de cou. Cette conception robuste minimise les risques de chute accidentelle, de perte ou de vol. Votre terminal de paiement mobile Sunmi M3 est ainsi toujours en s\u00e9curit\u00e9.<\/p>\n<p><strong>Un confort maximal en d\u00e9placement :<\/strong><br \/>\nUn \u00e9tui simplifie le transport de votre terminal POS portable tout au long de la journ\u00e9e et le rend plus confortable pendant les longues p\u00e9riodes de travail. En lib\u00e9rant les mains et en r\u00e9duisant la fatigue des bras, il contribue \u00e0 am\u00e9liorer la mobilit\u00e9 et \u00e0 r\u00e9duire le risque de glissades ou de chutes accidentelles lors du service aux clients.<\/p>\n<p><strong>Augmentation de la productivit\u00e9 :<\/strong><br \/>\nAvec l'\u00e9tui Sunmi M3, votre terminal de paiement est toujours accessible, ce qui permet au personnel d'effectuer les transactions plus rapidement. Le fait d'avoir le terminal \u00e0 port\u00e9e de main acc\u00e9l\u00e8re les processus de paiement et am\u00e9liore l'exp\u00e9rience globale du client. Il est indispensable dans les environnements de vente au d\u00e9tail et d'h\u00f4tellerie o\u00f9 le rythme est soutenu.<\/p>\n<p><strong>Protection fiable des appareils :<\/strong><br \/>\nUn \u00e9tui sp\u00e9cialis\u00e9 constitue une couche suppl\u00e9mentaire de d\u00e9fense contre les rayures de l'\u00e9cran, les chocs et l'usure quotidienne. En prot\u00e9geant votre terminal de paiement Sunmi, vous pouvez r\u00e9duire les co\u00fbts de r\u00e9paration impr\u00e9vus et prolonger la dur\u00e9e de vie de votre appareil.<\/p>","protected":false},"excerpt":{"rendered":"<p>L'\u00e9tui Sunmi M3 Holster offre un moyen s\u00fbr et pratique de transporter votre appareil de paiement mobile partout o\u00f9 votre entreprise vous emm\u00e8ne. Il a \u00e9t\u00e9 sp\u00e9cialement con\u00e7u pour les entrepreneurs et les professionnels en d\u00e9placement. Des food trucks aux caf\u00e9s en plein air, cet \u00e9tui garantit que votre terminal de paiement reste prot\u00e9g\u00e9 et facilement accessible \u00e0 tout moment.<\/p>\n<p>Ceinture pour une utilisation mains libres confortable incluse<\/p>","protected":false},"featured_media":38287,"comment_status":"closed","ping_status":"closed","template":"","meta":[],"product_cat":[1555,3811],"product_tag":[702,3846,3855,3864,3816,2704,3522,3849,4407,3865],"acf":[],"_links":{"self":[{"href":"https:\/\/paymentdiscounter.com\/fr\/wp-json\/wp\/v2\/product\/36209"}],"collection":[{"href":"https:\/\/paymentdiscounter.com\/fr\/wp-json\/wp\/v2\/product"}],"about":[{"href":"https:\/\/paymentdiscounter.com\/fr\/wp-json\/wp\/v2\/types\/product"}],"replies":[{"embeddable":true,"href":"https:\/\/paymentdiscounter.com\/fr\/wp-json\/wp\/v2\/comments?post=36209"}],"version-history":[{"count":4,"href":"https:\/\/paymentdiscounter.com\/fr\/wp-json\/wp\/v2\/product\/36209\/revisions"}],"predecessor-version":[{"id":36248,"href":"https:\/\/paymentdiscounter.com\/fr\/wp-json\/wp\/v2\/product\/36209\/revisions\/36248"}],"wp:featuredmedia":[{"embeddable":true,"href":"https:\/\/paymentdiscounter.com\/fr\/wp-json\/wp\/v2\/media\/38287"}],"wp:attachment":[{"href":"https:\/\/paymentdiscounter.com\/fr\/wp-json\/wp\/v2\/media?parent=36209"}],"wp:term":[{"taxonomy":"product_cat","embeddable":true,"href":"https:\/\/paymentdiscounter.com\/fr\/wp-json\/wp\/v2\/product_cat?post=36209"},{"taxonomy":"product_tag","embeddable":true,"href":"https:\/\/paymentdiscounter.com\/fr\/wp-json\/wp\/v2\/product_tag?post=36209"}],"curies":[{"name":"wp","href":"https:\/\/api.w.org\/{rel}","templated":true}]}}