{"id":36190,"date":"2025-07-05T19:43:17","date_gmt":"2025-07-05T19:43:17","guid":{"rendered":"https:\/\/paymentdiscounter.com\/?post_type=product&#038;p=36190"},"modified":"2026-02-03T11:47:53","modified_gmt":"2026-02-03T11:47:53","slug":"sunmi-m3-handstrap","status":"publish","type":"product","link":"https:\/\/paymentdiscounter.com\/fr\/product\/sunmi-m3-handstrap\/","title":{"rendered":"Sunmi M3 Handstrap"},"content":{"rendered":"<p data-start=\"150\" data-end=\"495\"><strong data-start=\"150\" data-end=\"173\">Sunmi M3 Dragonne<\/strong><br data-start=\"173\" data-end=\"176\" \/>La dragonne Sunmi pour le terminal mobile M3 est un accessoire indispensable pour les entreprises qui recherchent une manipulation s\u00fbre et ergonomique de leur appareil de paiement. Con\u00e7ue pour offrir une meilleure adh\u00e9rence et \u00e9viter les chutes accidentelles, cette dragonne contribue \u00e0 prot\u00e9ger votre investissement et \u00e0 garantir des transactions mobiles fluides et ininterrompues.<\/p>\n<p data-start=\"497\" data-end=\"824\">Con\u00e7ue exclusivement pour le Sunmi M3, cette sangle garantit un ajustement pr\u00e9cis et s'adapte \u00e0 des environnements en constante \u00e9volution tels que le commerce de d\u00e9tail, l'h\u00f4tellerie et la logistique. En gardant le terminal confortablement en main, il stimule la productivit\u00e9 et pr\u00e9sente une image \u00e9l\u00e9gante et professionnelle aux clients.<\/p>\n<p data-start=\"826\" data-end=\"1104\">Fabriqu\u00e9e \u00e0 partir de mat\u00e9riaux durables de premi\u00e8re qualit\u00e9, la dragonne Sunmi M3 offre un \u00e9quilibre optimal entre durabilit\u00e9, confort et fonctionnalit\u00e9. C'est le choix id\u00e9al pour les entrepreneurs qui cherchent \u00e0 am\u00e9liorer la s\u00e9curit\u00e9 et l'efficacit\u00e9 op\u00e9rationnelle de leurs solutions de paiement mobile.<\/p>","protected":false},"excerpt":{"rendered":"<p>La dragonne mobile Sunmi M3 est un accessoire indispensable con\u00e7u pour les chefs d'entreprise qui recherchent un moyen s\u00fbr et ergonomique de manipuler leur terminal de paiement mobile. Cette sangle durable am\u00e9liore la prise en main et la stabilit\u00e9 et aide \u00e0 pr\u00e9venir les chutes accidentelles et \u00e0 prot\u00e9ger votre terminal de paiement pendant les op\u00e9rations quotidiennes.<\/p>","protected":false},"featured_media":36191,"comment_status":"closed","ping_status":"closed","template":"","meta":[],"product_cat":[1555,3811],"product_tag":[1419,3846,3855,3856,3857,2704,3833,3849,4407,3858],"acf":[],"_links":{"self":[{"href":"https:\/\/paymentdiscounter.com\/fr\/wp-json\/wp\/v2\/product\/36190"}],"collection":[{"href":"https:\/\/paymentdiscounter.com\/fr\/wp-json\/wp\/v2\/product"}],"about":[{"href":"https:\/\/paymentdiscounter.com\/fr\/wp-json\/wp\/v2\/types\/product"}],"replies":[{"embeddable":true,"href":"https:\/\/paymentdiscounter.com\/fr\/wp-json\/wp\/v2\/comments?post=36190"}],"version-history":[{"count":4,"href":"https:\/\/paymentdiscounter.com\/fr\/wp-json\/wp\/v2\/product\/36190\/revisions"}],"predecessor-version":[{"id":39060,"href":"https:\/\/paymentdiscounter.com\/fr\/wp-json\/wp\/v2\/product\/36190\/revisions\/39060"}],"wp:featuredmedia":[{"embeddable":true,"href":"https:\/\/paymentdiscounter.com\/fr\/wp-json\/wp\/v2\/media\/36191"}],"wp:attachment":[{"href":"https:\/\/paymentdiscounter.com\/fr\/wp-json\/wp\/v2\/media?parent=36190"}],"wp:term":[{"taxonomy":"product_cat","embeddable":true,"href":"https:\/\/paymentdiscounter.com\/fr\/wp-json\/wp\/v2\/product_cat?post=36190"},{"taxonomy":"product_tag","embeddable":true,"href":"https:\/\/paymentdiscounter.com\/fr\/wp-json\/wp\/v2\/product_tag?post=36190"}],"curies":[{"name":"wp","href":"https:\/\/api.w.org\/{rel}","templated":true}]}}