{"id":36181,"date":"2025-07-05T19:35:17","date_gmt":"2025-07-05T19:35:17","guid":{"rendered":"https:\/\/paymentdiscounter.com\/?post_type=product&#038;p=36181"},"modified":"2026-02-03T11:47:53","modified_gmt":"2026-02-03T11:47:53","slug":"sunmi-m3-dockingstation-multi","status":"publish","type":"product","link":"https:\/\/paymentdiscounter.com\/fr\/product\/sunmi-m3-dockingstation-multi\/","title":{"rendered":"Sunmi M3 Dockingstation Multi"},"content":{"rendered":"<p><strong>Hub de chargement et de stockage polyvalent<br \/>\n<\/strong>La station d'accueil Sunmi M3 est con\u00e7ue pour aider les entreprises \u00e0 g\u00e9rer simultan\u00e9ment plusieurs terminaux mobiles Sunmi. Elle convient parfaitement aux restaurants, aux magasins de d\u00e9tail et aux op\u00e9rations logistiques. Cette station multifonctionnelle permet d'am\u00e9liorer l'efficacit\u00e9 et de rationaliser les flux de travail quotidiens.<\/p>\n<p><strong>Chargement simultan\u00e9 de quatre appareils<br \/>\n<\/strong>Con\u00e7ue pour \u00eatre \u00e0 la fois moderne et peu encombrante, cette solution d'accueil vous permet d'alimenter simultan\u00e9ment jusqu'\u00e0 quatre terminaux de paiement Sunmi. En \u00e9liminant les cordons emm\u00eal\u00e9s et en minimisant l'utilisation des prises de courant, elle permet \u00e0 vos comptoirs de rester propres et professionnels.<\/p>\n<p><strong>Stockage s\u00e9curis\u00e9 et organis\u00e9<br \/>\n<\/strong>Lorsque les terminaux ne sont pas utilis\u00e9s, la station d'accueil offre un endroit s\u00fbr et d\u00e9di\u00e9 pour les ranger. Cela permet non seulement de prot\u00e9ger votre investissement contre les chutes accidentelles ou les erreurs de placement, mais aussi d'am\u00e9liorer la long\u00e9vit\u00e9 de vos terminaux de paiement mobiles.<\/p>\n<p><strong>Des op\u00e9rations fluides et un acc\u00e8s rapide<br \/>\n<\/strong>De construction robuste et stable, la station d'accueil M3 permet de r\u00e9cup\u00e9rer rapidement et sans effort vos terminaux lorsque le service l'exige. Maintenez des transactions fluides et assurez-vous que votre \u00e9quipe peut toujours servir les clients sans retard.<\/p>","protected":false},"excerpt":{"rendered":"<p>La station d'accueil Sunmi M3 est une solution innovante con\u00e7ue pour les entreprises qui utilisent plusieurs appareils de paiement mobile \u00e0 la fois. D'un design moderne et peu encombrant, cette station d'accueil vous permet d'alimenter jusqu'\u00e0 quatre terminaux de paiement portables Sunmi en une seule fois.<\/p>\n<p>Id\u00e9al pour les secteurs dynamiques tels que l'h\u00f4tellerie, la vente au d\u00e9tail et la logistique.<\/p>","protected":false},"featured_media":36184,"comment_status":"closed","ping_status":"closed","template":"","meta":[],"product_cat":[1555,3811],"product_tag":[2707,690,694,3846,3855,3851,3852,2704,3605,4407,3854,3853],"acf":[],"_links":{"self":[{"href":"https:\/\/paymentdiscounter.com\/fr\/wp-json\/wp\/v2\/product\/36181"}],"collection":[{"href":"https:\/\/paymentdiscounter.com\/fr\/wp-json\/wp\/v2\/product"}],"about":[{"href":"https:\/\/paymentdiscounter.com\/fr\/wp-json\/wp\/v2\/types\/product"}],"replies":[{"embeddable":true,"href":"https:\/\/paymentdiscounter.com\/fr\/wp-json\/wp\/v2\/comments?post=36181"}],"version-history":[{"count":6,"href":"https:\/\/paymentdiscounter.com\/fr\/wp-json\/wp\/v2\/product\/36181\/revisions"}],"predecessor-version":[{"id":39058,"href":"https:\/\/paymentdiscounter.com\/fr\/wp-json\/wp\/v2\/product\/36181\/revisions\/39058"}],"wp:featuredmedia":[{"embeddable":true,"href":"https:\/\/paymentdiscounter.com\/fr\/wp-json\/wp\/v2\/media\/36184"}],"wp:attachment":[{"href":"https:\/\/paymentdiscounter.com\/fr\/wp-json\/wp\/v2\/media?parent=36181"}],"wp:term":[{"taxonomy":"product_cat","embeddable":true,"href":"https:\/\/paymentdiscounter.com\/fr\/wp-json\/wp\/v2\/product_cat?post=36181"},{"taxonomy":"product_tag","embeddable":true,"href":"https:\/\/paymentdiscounter.com\/fr\/wp-json\/wp\/v2\/product_tag?post=36181"}],"curies":[{"name":"wp","href":"https:\/\/api.w.org\/{rel}","templated":true}]}}