{"id":36177,"date":"2025-07-05T19:30:11","date_gmt":"2025-07-05T19:30:11","guid":{"rendered":"https:\/\/paymentdiscounter.com\/?post_type=product&#038;p=36177"},"modified":"2026-02-03T11:47:54","modified_gmt":"2026-02-03T11:47:54","slug":"station-daccueil-sunmi-m3","status":"publish","type":"product","link":"https:\/\/paymentdiscounter.com\/fr\/product\/station-daccueil-sunmi-m3\/","title":{"rendered":"Station d'accueil Sunmi M3"},"content":{"rendered":"<p><strong>Sunmi Station d'accueil M3<br \/>\n<\/strong>La station d'accueil Sunmi M3 est une solution professionnelle et transparente permettant aux entreprises d'alimenter et d'organiser leurs appareils de paiement mobile Sunmi. Dites adieu aux c\u00e2bles emm\u00eal\u00e9s et aux chargeurs peu fiables. Il vous suffit de glisser votre terminal de point de vente Sunmi dans la station d'accueil robuste pour qu'il reste charg\u00e9 et stock\u00e9 en toute s\u00e9curit\u00e9 en un seul endroit. Il r\u00e9duit les temps d'arr\u00eat et assure des op\u00e9rations quotidiennes fluides.<\/p>\n<p><strong>Chargement s\u00fbr et sans effort des terminaux de paiement mobiles<br \/>\n<\/strong>Con\u00e7ue pour une installation facile, la station d'accueil Sunmi M3 se connecte \u00e0 l'aide de l'adaptateur Sunmi d'origine et offre une base stable pour \u00e9viter les chutes ou les glissements accidentels. Sa construction solide permet de prot\u00e9ger votre appareil de paiement tout en conservant un comptoir propre et bien rang\u00e9.<\/p>\n<p><strong>Prot\u00e9gez votre terminal et minimisez les co\u00fbts de r\u00e9paration<br \/>\n<\/strong>Le choix d'une station d'accueil authentique Sunmi permet d'\u00e9viter l'endommagement des connecteurs, l'usure de la batterie et une maintenance co\u00fbteuse. Cette station de charge fiable prot\u00e8ge votre appareil de point de vente mobile, en le maintenant dans un \u00e9tat optimal plus longtemps et en r\u00e9duisant les d\u00e9penses d'entretien impr\u00e9vues.<\/p>\n<p><strong>Toujours pr\u00eat \u00e0 accepter des paiements<br \/>\n<\/strong>Avec la station d'accueil Sunmi M3, votre terminal de paiement mobile reste enti\u00e8rement charg\u00e9 et pr\u00eat \u00e0 traiter des transactions \u00e0 tout moment. La station d'accueil est simple - une fois plac\u00e9e, l'appareil commence \u00e0 se charger instantan\u00e9ment, ce qui \u00e9limine les interruptions li\u00e9es \u00e0 la batterie, m\u00eame pendant les p\u00e9riodes d'affluence.<\/p>\n<p><strong>Renforcez votre image de marque gr\u00e2ce \u00e0 une installation professionnelle<br \/>\n<\/strong>Une station d'accueil de haute qualit\u00e9 permet non seulement de rationaliser les flux de travail quotidiens, mais aussi de renforcer le professionnalisme de votre marque. Elle prolonge la dur\u00e9e de vie de votre appareil Sunmi tout en cr\u00e9ant un environnement \u00e9l\u00e9gant et sans encombrement qui refl\u00e8te la fiabilit\u00e9 et la confiance de vos clients.<\/p>","protected":false},"excerpt":{"rendered":"<p>La station d'accueil Sunmi M3 est la solution id\u00e9ale pour que votre terminal de paiement mobile soit charg\u00e9, prot\u00e9g\u00e9 et toujours pr\u00eat \u00e0 l'emploi. Con\u00e7ue pour offrir un maximum de confort et une fiabilit\u00e9 \u00e0 toute \u00e9preuve, elle contribue \u00e0 maintenir les performances de l'appareil et \u00e0 prolonger sa dur\u00e9e de vie.<\/p>","protected":false},"featured_media":36178,"comment_status":"closed","ping_status":"closed","template":"","meta":[],"product_cat":[1555,3811],"product_tag":[2707,690,694,3846,3855,3851,3852,2704,3605,4407,3853],"acf":[],"_links":{"self":[{"href":"https:\/\/paymentdiscounter.com\/fr\/wp-json\/wp\/v2\/product\/36177"}],"collection":[{"href":"https:\/\/paymentdiscounter.com\/fr\/wp-json\/wp\/v2\/product"}],"about":[{"href":"https:\/\/paymentdiscounter.com\/fr\/wp-json\/wp\/v2\/types\/product"}],"replies":[{"embeddable":true,"href":"https:\/\/paymentdiscounter.com\/fr\/wp-json\/wp\/v2\/comments?post=36177"}],"version-history":[{"count":5,"href":"https:\/\/paymentdiscounter.com\/fr\/wp-json\/wp\/v2\/product\/36177\/revisions"}],"predecessor-version":[{"id":39057,"href":"https:\/\/paymentdiscounter.com\/fr\/wp-json\/wp\/v2\/product\/36177\/revisions\/39057"}],"wp:featuredmedia":[{"embeddable":true,"href":"https:\/\/paymentdiscounter.com\/fr\/wp-json\/wp\/v2\/media\/36178"}],"wp:attachment":[{"href":"https:\/\/paymentdiscounter.com\/fr\/wp-json\/wp\/v2\/media?parent=36177"}],"wp:term":[{"taxonomy":"product_cat","embeddable":true,"href":"https:\/\/paymentdiscounter.com\/fr\/wp-json\/wp\/v2\/product_cat?post=36177"},{"taxonomy":"product_tag","embeddable":true,"href":"https:\/\/paymentdiscounter.com\/fr\/wp-json\/wp\/v2\/product_tag?post=36177"}],"curies":[{"name":"wp","href":"https:\/\/api.w.org\/{rel}","templated":true}]}}