{"id":36167,"date":"2025-07-05T19:01:10","date_gmt":"2025-07-05T19:01:10","guid":{"rendered":"https:\/\/paymentdiscounter.com\/?post_type=product&#038;p=36167"},"modified":"2026-02-03T11:47:54","modified_gmt":"2026-02-03T11:47:54","slug":"etui-de-protection-pour-le-sunmi-m3","status":"publish","type":"product","link":"https:\/\/paymentdiscounter.com\/fr\/product\/etui-de-protection-pour-le-sunmi-m3\/","title":{"rendered":"\u00c9tui protecteur Sunmi M3"},"content":{"rendered":"<p>L'\u00e9tui Sunmi M3 offre aux propri\u00e9taires d'entreprises un moyen fiable de prot\u00e9ger leur terminal mobile sans compromettre le style ou le professionnalisme. Con\u00e7u pour les environnements \u00e0 rythme rapide tels que les restaurants, les magasins de d\u00e9tail, les camions de nourriture et les ventes sur le terrain. Cette housse de protection garantit que votre Sunmi M3 reste en s\u00e9curit\u00e9 et pleinement op\u00e9rationnel \u00e0 tout moment.<\/p>\n<p>Fabriqu\u00e9 en silicone robuste et absorbant les chocs, l'\u00e9tui prot\u00e8ge votre Sunmi M3 contre les chutes accidentelles, les rayures, la salet\u00e9 et l'usure quotidienne.<\/p>\n<p>\u2714 Coupe sur mesure - Con\u00e7ue exclusivement pour le Sunmi M3<br \/>\n\u2714 Prise en main am\u00e9lior\u00e9e - Finition antid\u00e9rapante pour une manipulation plus s\u00fbre pendant les p\u00e9riodes de travail intense<br \/>\n\u2714 R\u00e9sistance sup\u00e9rieure aux chocs - Le silicone souple absorbe les chocs et r\u00e9duit le risque de dommages.<br \/>\n\u2714 Acc\u00e8s complet - Toutes les touches, les ports de chargement et l'imprimante int\u00e9gr\u00e9e restent facilement accessibles.<br \/>\n\u2714 R\u00e9duire les temps d'arr\u00eat - \u00c9viter les fissures de l'\u00e9cran et les r\u00e9parations co\u00fbteuses<br \/>\n\u2714 Entretien simple - Facile \u00e0 essuyer, id\u00e9al pour les services de restauration et les normes d'hygi\u00e8ne du commerce de d\u00e9tail.<br \/>\n\u2714 Aspect professionnel - Maintenir une pr\u00e9sentation propre et \u00e9l\u00e9gante pour gagner la confiance des clients<br \/>\n\u2714 Mise en place instantan\u00e9e - Rapide \u00e0 appliquer, pr\u00eat \u00e0 l'emploi sans souci<\/p>","protected":false},"excerpt":{"rendered":"<p>Prot\u00e9gez votre terminal portable Sunmi M3 avec cette housse de protection robuste et con\u00e7ue avec pr\u00e9cision. Le prot\u00e9geant des rayures, des impacts, de la poussi\u00e8re et des chutes mineures, cet \u00e9tui durable contribue \u00e0 maintenir une apparence \u00e9l\u00e9gante et professionnelle tout en prolongeant la long\u00e9vit\u00e9 de votre appareil.<\/p>","protected":false},"featured_media":36169,"comment_status":"closed","ping_status":"closed","template":"","meta":[],"product_cat":[1555,3811],"product_tag":[3840,901,3846,3855,3847,3848,891,3844,1874,2704,2722,3849,4407,3850],"acf":[],"_links":{"self":[{"href":"https:\/\/paymentdiscounter.com\/fr\/wp-json\/wp\/v2\/product\/36167"}],"collection":[{"href":"https:\/\/paymentdiscounter.com\/fr\/wp-json\/wp\/v2\/product"}],"about":[{"href":"https:\/\/paymentdiscounter.com\/fr\/wp-json\/wp\/v2\/types\/product"}],"replies":[{"embeddable":true,"href":"https:\/\/paymentdiscounter.com\/fr\/wp-json\/wp\/v2\/comments?post=36167"}],"version-history":[{"count":4,"href":"https:\/\/paymentdiscounter.com\/fr\/wp-json\/wp\/v2\/product\/36167\/revisions"}],"predecessor-version":[{"id":39056,"href":"https:\/\/paymentdiscounter.com\/fr\/wp-json\/wp\/v2\/product\/36167\/revisions\/39056"}],"wp:featuredmedia":[{"embeddable":true,"href":"https:\/\/paymentdiscounter.com\/fr\/wp-json\/wp\/v2\/media\/36169"}],"wp:attachment":[{"href":"https:\/\/paymentdiscounter.com\/fr\/wp-json\/wp\/v2\/media?parent=36167"}],"wp:term":[{"taxonomy":"product_cat","embeddable":true,"href":"https:\/\/paymentdiscounter.com\/fr\/wp-json\/wp\/v2\/product_cat?post=36167"},{"taxonomy":"product_tag","embeddable":true,"href":"https:\/\/paymentdiscounter.com\/fr\/wp-json\/wp\/v2\/product_tag?post=36167"}],"curies":[{"name":"wp","href":"https:\/\/api.w.org\/{rel}","templated":true}]}}