{"id":36134,"date":"2025-07-05T12:42:58","date_gmt":"2025-07-05T12:42:58","guid":{"rendered":"https:\/\/paymentdiscounter.com\/?post_type=product&#038;p=36134"},"modified":"2026-04-08T14:35:13","modified_gmt":"2026-04-08T14:35:13","slug":"etui-de-protection-sunmi-l3","status":"publish","type":"product","link":"https:\/\/paymentdiscounter.com\/fr\/product\/etui-de-protection-sunmi-l3\/","title":{"rendered":"\u00c9tui protecteur Sunmi L3"},"content":{"rendered":"<p>L'\u00e9tui de protection Sunmi L3 est sp\u00e9cialement con\u00e7u pour les entrepreneurs qui veulent garder leur terminal de paiement mobile en s\u00e9curit\u00e9 tout en conservant une apparence professionnelle. Que vous travailliez dans l'h\u00f4tellerie, le commerce de d\u00e9tail, les food trucks ou la vente mobile, cet \u00e9tui est essentiel pour garder votre terminal en s\u00e9curit\u00e9 et accepter les paiements sans interruption.<\/p>\n<p>Gr\u00e2ce \u00e0 cet \u00e9tui durable et personnalis\u00e9, votre Sunmi L3 est efficacement prot\u00e9g\u00e9 contre les rayures, les bosses, la salet\u00e9 et m\u00eame les chocs mineurs. Cela prolonge non seulement la dur\u00e9e de vie de votre terminal de paiement, mais vous aide \u00e9galement \u00e0 conserver un aspect propre et professionnel vis-\u00e0-vis de vos clients.<\/p>\n<p>\u2714 Ajustement parfait - Sp\u00e9cialement con\u00e7u pour le Sunmi L3<br \/>\n\u2714 Prise en main suppl\u00e9mentaire - Le mat\u00e9riau antid\u00e9rapant offre une s\u00e9curit\u00e9 accrue lors de l'utilisation.<br \/>\n\u2714 Mat\u00e9riau en silicone absorbant les chocs - Durable et flexible.<br \/>\n\u2714 Fonctionnalit\u00e9 compl\u00e8te - Tous les boutons, ports et l'imprimante restent enti\u00e8rement accessibles.<br \/>\n\u2714 Pr\u00e9vient les r\u00e9parations co\u00fbteuses - Prot\u00e8ge l'\u00e9cran contre les dommages, les fissures et autres probl\u00e8mes courants.<br \/>\n\u2714 Hygi\u00e9nique et facile \u00e0 nettoyer - Le bo\u00eetier est facile \u00e0 nettoyer, id\u00e9al pour l'h\u00f4tellerie et la restauration.<br \/>\n\u2714 Aspect professionnel - Votre terminal de paiement doit \u00eatre pr\u00e9sentable et digne de confiance.<br \/>\n\u2714 Rapide et facile \u00e0 installer - Pas de configuration compliqu\u00e9e, pr\u00eat \u00e0 l'emploi imm\u00e9diatement<\/p>\n<p>&nbsp;<\/p>","protected":false},"excerpt":{"rendered":"<p>Avec cet \u00e9tui robuste et personnalis\u00e9, vous prot\u00e9gez votre Sunmi L3 des rayures, des bosses, de la salet\u00e9 et des chocs l\u00e9gers. Cela prolonge sa dur\u00e9e de vie et lui donne un aspect propre et professionnel pour vos clients.<\/p>","protected":false},"featured_media":38196,"comment_status":"closed","ping_status":"closed","template":"","meta":[],"product_cat":[1555,3706],"product_tag":[3840,901,3708,3841,3842,891,3844,1874,2704,2722,3707,3843],"acf":[],"_links":{"self":[{"href":"https:\/\/paymentdiscounter.com\/fr\/wp-json\/wp\/v2\/product\/36134"}],"collection":[{"href":"https:\/\/paymentdiscounter.com\/fr\/wp-json\/wp\/v2\/product"}],"about":[{"href":"https:\/\/paymentdiscounter.com\/fr\/wp-json\/wp\/v2\/types\/product"}],"replies":[{"embeddable":true,"href":"https:\/\/paymentdiscounter.com\/fr\/wp-json\/wp\/v2\/comments?post=36134"}],"version-history":[{"count":5,"href":"https:\/\/paymentdiscounter.com\/fr\/wp-json\/wp\/v2\/product\/36134\/revisions"}],"predecessor-version":[{"id":38204,"href":"https:\/\/paymentdiscounter.com\/fr\/wp-json\/wp\/v2\/product\/36134\/revisions\/38204"}],"wp:featuredmedia":[{"embeddable":true,"href":"https:\/\/paymentdiscounter.com\/fr\/wp-json\/wp\/v2\/media\/38196"}],"wp:attachment":[{"href":"https:\/\/paymentdiscounter.com\/fr\/wp-json\/wp\/v2\/media?parent=36134"}],"wp:term":[{"taxonomy":"product_cat","embeddable":true,"href":"https:\/\/paymentdiscounter.com\/fr\/wp-json\/wp\/v2\/product_cat?post=36134"},{"taxonomy":"product_tag","embeddable":true,"href":"https:\/\/paymentdiscounter.com\/fr\/wp-json\/wp\/v2\/product_tag?post=36134"}],"curies":[{"name":"wp","href":"https:\/\/api.w.org\/{rel}","templated":true}]}}