{"id":36124,"date":"2025-07-05T12:21:24","date_gmt":"2025-07-05T12:21:24","guid":{"rendered":"https:\/\/paymentdiscounter.com\/?post_type=product&#038;p=36124"},"modified":"2025-12-05T14:18:00","modified_gmt":"2025-12-05T14:18:00","slug":"sunmi-l3-dockingstation-multi","status":"publish","type":"product","link":"https:\/\/paymentdiscounter.com\/fr\/product\/sunmi-l3-dockingstation-multi\/","title":{"rendered":"Sunmi L3 Dockingstation Multi"},"content":{"rendered":"<p><strong>Station d'accueil avanc\u00e9e et multifonctionnelle<\/strong><br \/>\nLa station d'accueil Sunmi L3 est sp\u00e9cialement con\u00e7ue pour les entreprises qui utilisent simultan\u00e9ment plusieurs terminaux de paiement mobile. Elle est id\u00e9ale pour l'h\u00f4tellerie, la vente au d\u00e9tail et les environnements logistiques o\u00f9 la rapidit\u00e9 et l'efficacit\u00e9 sont cruciales.<\/p>\n<p><strong>Chargez jusqu'\u00e0 quatre terminaux de paiement \u00e0 la fois<\/strong><br \/>\nGr\u00e2ce \u00e0 sa conception \u00e9l\u00e9gante et compacte, vous pouvez charger simultan\u00e9ment jusqu'\u00e0 quatre terminaux de paiement Sunmi. Il n'est donc plus n\u00e9cessaire d'utiliser des c\u00e2bles de charge distincts et de multiples prises de courant, ce qui permet de conserver un espace de travail ordonn\u00e9 et organis\u00e9.<\/p>\n<p><strong>Stockage et organisation en toute s\u00e9curit\u00e9<\/strong><br \/>\nLa station d'accueil offre un endroit s\u00fbr pour stocker vos terminaux lorsqu'ils ne sont pas utilis\u00e9s. Vous \u00e9vitez ainsi les dommages et les pertes tout en prolongeant la dur\u00e9e de vie de vos appareils.<\/p>\n<p><strong>Efficace et convivial<\/strong><br \/>\nGr\u00e2ce \u00e0 sa conception robuste et \u00e0 son emplacement stable, vous pouvez facilement saisir les terminaux lorsque vous en avez besoin. Cela vous permet d'assurer le bon d\u00e9roulement de vos op\u00e9rations quotidiennes et d'\u00eatre toujours pr\u00eat \u00e0 aider vos clients lors de leur passage en caisse.<\/p>","protected":false},"excerpt":{"rendered":"<p>La station d'accueil Sunmi L3 est sp\u00e9cialement con\u00e7ue pour les entreprises qui utilisent plusieurs terminaux de paiement mobiles en m\u00eame temps. Gr\u00e2ce \u00e0 son design \u00e9l\u00e9gant et compact, vous pouvez charger simultan\u00e9ment jusqu'\u00e0 quatre terminaux de paiement Sunmi.<\/p>\n<p>Parfait pour l'h\u00f4tellerie, la vente au d\u00e9tail et les environnements logistiques o\u00f9 la rapidit\u00e9 et l'efficacit\u00e9 sont essentielles.<br \/>\n<\/p>\n<p><h1 style=\"color: #ed0000; font-size: 13px;\">* D\u00e9lai de livraison 7 jours<\/h1>","protected":false},"featured_media":36126,"comment_status":"closed","ping_status":"closed","template":"","meta":[],"product_cat":[1555,3706],"product_tag":[2707,690,694,3708,3838,3835,2704,3605,3839,3836],"acf":[],"_links":{"self":[{"href":"https:\/\/paymentdiscounter.com\/fr\/wp-json\/wp\/v2\/product\/36124"}],"collection":[{"href":"https:\/\/paymentdiscounter.com\/fr\/wp-json\/wp\/v2\/product"}],"about":[{"href":"https:\/\/paymentdiscounter.com\/fr\/wp-json\/wp\/v2\/types\/product"}],"replies":[{"embeddable":true,"href":"https:\/\/paymentdiscounter.com\/fr\/wp-json\/wp\/v2\/comments?post=36124"}],"version-history":[{"count":5,"href":"https:\/\/paymentdiscounter.com\/fr\/wp-json\/wp\/v2\/product\/36124\/revisions"}],"predecessor-version":[{"id":38157,"href":"https:\/\/paymentdiscounter.com\/fr\/wp-json\/wp\/v2\/product\/36124\/revisions\/38157"}],"wp:featuredmedia":[{"embeddable":true,"href":"https:\/\/paymentdiscounter.com\/fr\/wp-json\/wp\/v2\/media\/36126"}],"wp:attachment":[{"href":"https:\/\/paymentdiscounter.com\/fr\/wp-json\/wp\/v2\/media?parent=36124"}],"wp:term":[{"taxonomy":"product_cat","embeddable":true,"href":"https:\/\/paymentdiscounter.com\/fr\/wp-json\/wp\/v2\/product_cat?post=36124"},{"taxonomy":"product_tag","embeddable":true,"href":"https:\/\/paymentdiscounter.com\/fr\/wp-json\/wp\/v2\/product_tag?post=36124"}],"curies":[{"name":"wp","href":"https:\/\/api.w.org\/{rel}","templated":true}]}}