{"id":36090,"date":"2025-07-05T11:08:39","date_gmt":"2025-07-05T11:08:39","guid":{"rendered":"https:\/\/paymentdiscounter.com\/?post_type=product&#038;p=36090"},"modified":"2025-12-05T14:18:47","modified_gmt":"2025-12-05T14:18:47","slug":"holster-sunmi-l3","status":"publish","type":"product","link":"https:\/\/paymentdiscounter.com\/fr\/product\/holster-sunmi-l3\/","title":{"rendered":"Sunmi L3 Holster Compact"},"content":{"rendered":"<p><strong>Sunmi L3 Holster Compact<\/strong><\/p>\n<p>Le Sunmi L3 Holster Compact est con\u00e7u pour les professionnels du commerce de d\u00e9tail, de la logistique et de la livraison qui utilisent quotidiennement des terminaux de paiement mobiles. Pesant seulement 66 grammes, il est exceptionnellement l\u00e9ger tout en offrant une protection fiable.<\/p>\n<p>Fabriqu\u00e9 en Cordura\u00ae authentique (r\u00e9put\u00e9 pour sa r\u00e9sistance \u00e0 la d\u00e9chirure et sa longue dur\u00e9e de vie), il r\u00e9siste \u00e0 une utilisation intensive dans des environnements exigeants. Pour un maximum de praticit\u00e9, l'\u00e9tui est dot\u00e9 d'une solide fermeture velcro, d'un porte-stylo int\u00e9gr\u00e9 et d'une poche suppl\u00e9mentaire pour les notes ou les accessoires.<\/p>\n<p>Dot\u00e9 d'une ceinture de hanches de 30 mm et de points d'attache pour une bandouli\u00e8re optionnelle, il offre des options de transport polyvalentes. Il b\u00e9n\u00e9ficie d'une garantie de 5 ans.<\/p>\n<p><strong>Sp\u00e9cifications techniques<\/strong><\/p>\n<ul>\n<li>L\u00e9ger comme une plume : Seulement 66 g<\/li>\n<li>Fabriqu\u00e9 en Cordura\u00ae original<\/li>\n<li>Fermeture s\u00e9curis\u00e9e par velcro pour plus de fiabilit\u00e9<\/li>\n<li>Pochette suppl\u00e9mentaire pour les accessoires ou les notes<\/li>\n<li>Porte-stylo int\u00e9gr\u00e9<\/li>\n<li>Ceinture de hanche de 30 mm incluse<\/li>\n<li>Compatible avec la bandouli\u00e8re en option<\/li>\n<li>Parfaitement adapt\u00e9 aux dispositifs de paiement de la taille d'un smartphone<\/li>\n<li>Garantie de 5 ans avec garantie de r\u00e9sistance \u00e0 la d\u00e9chirure<\/li>\n<\/ul>","protected":false},"excerpt":{"rendered":"<p>Le Sunmi L3 Holster Compact est un \u00e9tui l\u00e9ger et fiable pour les terminaux de paiement Android au format smartphone. Il offre une r\u00e9sistance exceptionnelle \u00e0 l'usure et une protection durable, ce qui en fait le choix id\u00e9al pour les professionnels de la vente au d\u00e9tail, de la logistique et de la vente mobile.<\/p>\n<ul>\n<li>Construction ultra-l\u00e9g\u00e8re : Seulement 66 g<\/li>\n<li>Construction robuste en Cordura\u00ae.<\/li>\n<li>Porte-stylo int\u00e9gr\u00e9 pour les t\u00e2ches quotidiennes<\/li>\n<li>Fourni avec une ceinture de hanches<\/li>\n<li>Compatible avec la bandouli\u00e8re en option<\/li>\n<li>Garantie de 5 ans incluse<\/li>\n<\/ul>","protected":false},"featured_media":37711,"comment_status":"closed","ping_status":"closed","template":"","meta":[],"product_cat":[1555,3706],"product_tag":[702,3708,3814,3815,3816,2704,3522,3707,3817],"acf":[],"_links":{"self":[{"href":"https:\/\/paymentdiscounter.com\/fr\/wp-json\/wp\/v2\/product\/36090"}],"collection":[{"href":"https:\/\/paymentdiscounter.com\/fr\/wp-json\/wp\/v2\/product"}],"about":[{"href":"https:\/\/paymentdiscounter.com\/fr\/wp-json\/wp\/v2\/types\/product"}],"replies":[{"embeddable":true,"href":"https:\/\/paymentdiscounter.com\/fr\/wp-json\/wp\/v2\/comments?post=36090"}],"version-history":[{"count":7,"href":"https:\/\/paymentdiscounter.com\/fr\/wp-json\/wp\/v2\/product\/36090\/revisions"}],"predecessor-version":[{"id":37713,"href":"https:\/\/paymentdiscounter.com\/fr\/wp-json\/wp\/v2\/product\/36090\/revisions\/37713"}],"wp:featuredmedia":[{"embeddable":true,"href":"https:\/\/paymentdiscounter.com\/fr\/wp-json\/wp\/v2\/media\/37711"}],"wp:attachment":[{"href":"https:\/\/paymentdiscounter.com\/fr\/wp-json\/wp\/v2\/media?parent=36090"}],"wp:term":[{"taxonomy":"product_cat","embeddable":true,"href":"https:\/\/paymentdiscounter.com\/fr\/wp-json\/wp\/v2\/product_cat?post=36090"},{"taxonomy":"product_tag","embeddable":true,"href":"https:\/\/paymentdiscounter.com\/fr\/wp-json\/wp\/v2\/product_tag?post=36090"}],"curies":[{"name":"wp","href":"https:\/\/api.w.org\/{rel}","templated":true}]}}