{"id":35628,"date":"2025-03-24T22:28:40","date_gmt":"2025-03-24T22:28:40","guid":{"rendered":"https:\/\/paymentdiscounter.com\/?post_type=product&#038;p=35628"},"modified":"2025-03-24T22:31:36","modified_gmt":"2025-03-24T22:31:36","slug":"pax-a35-copie-du-protecteur-decran","status":"publish","type":"product","link":"https:\/\/paymentdiscounter.com\/fr\/product\/pax-a35-copie-du-protecteur-decran\/","title":{"rendered":"Protection d'\u00e9cran Pax A6650"},"content":{"rendered":"<p><strong>Protection d'\u00e9cran Pax A6650<\/strong><br \/>\nLa protection d'\u00e9cran Pax A6650 est tr\u00e8s r\u00e9sistante aux rayures et facile \u00e0 appliquer. Il est dot\u00e9 d'un rev\u00eatement anti-traces de doigts qui facilite l'\u00e9limination des taches et de la salet\u00e9. Il s'adapte parfaitement \u00e0 votre \u00e9cran tactile.<\/p>\n<p><strong>Avantages d'un protecteur d'\u00e9cran<\/strong><br \/>\nLa couche adh\u00e9sive innovante permet une application facile, ce qui permet d'obtenir un protecteur d'\u00e9cran sans bulles d'air.<\/p>","protected":false},"excerpt":{"rendered":"<p>Si vous utilisez un terminal de paiement mobile, vous voudrez naturellement le prot\u00e9ger contre les accidents et les dommages. Le protecteur d'\u00e9cran Pax A6650 offre une protection suppl\u00e9mentaire sans compromettre la fonctionnalit\u00e9. Il ajoute une couche suppl\u00e9mentaire de d\u00e9fense pour votre pr\u00e9cieux terminal, prot\u00e9geant l'\u00e9cran des rayures et prolongeant la dur\u00e9e de vie de votre terminal de paiement.<\/p>\n<ul>\n<li>Clair comme de l'eau de roche<\/li>\n<li>Rev\u00eatement dur<\/li>\n<li>R\u00e9sistant \u00e0 la salet\u00e9<\/li>\n<li>Facile \u00e0 installer et \u00e0 retirer<\/li>\n<\/ul>","protected":false},"featured_media":35629,"comment_status":"closed","ping_status":"closed","template":"","meta":[],"product_cat":[730,2655],"product_tag":[2658,3596,3775,728,2657,3774,2611,3760,762],"acf":[],"_links":{"self":[{"href":"https:\/\/paymentdiscounter.com\/fr\/wp-json\/wp\/v2\/product\/35628"}],"collection":[{"href":"https:\/\/paymentdiscounter.com\/fr\/wp-json\/wp\/v2\/product"}],"about":[{"href":"https:\/\/paymentdiscounter.com\/fr\/wp-json\/wp\/v2\/types\/product"}],"replies":[{"embeddable":true,"href":"https:\/\/paymentdiscounter.com\/fr\/wp-json\/wp\/v2\/comments?post=35628"}],"version-history":[{"count":1,"href":"https:\/\/paymentdiscounter.com\/fr\/wp-json\/wp\/v2\/product\/35628\/revisions"}],"predecessor-version":[{"id":35630,"href":"https:\/\/paymentdiscounter.com\/fr\/wp-json\/wp\/v2\/product\/35628\/revisions\/35630"}],"wp:featuredmedia":[{"embeddable":true,"href":"https:\/\/paymentdiscounter.com\/fr\/wp-json\/wp\/v2\/media\/35629"}],"wp:attachment":[{"href":"https:\/\/paymentdiscounter.com\/fr\/wp-json\/wp\/v2\/media?parent=35628"}],"wp:term":[{"taxonomy":"product_cat","embeddable":true,"href":"https:\/\/paymentdiscounter.com\/fr\/wp-json\/wp\/v2\/product_cat?post=35628"},{"taxonomy":"product_tag","embeddable":true,"href":"https:\/\/paymentdiscounter.com\/fr\/wp-json\/wp\/v2\/product_tag?post=35628"}],"curies":[{"name":"wp","href":"https:\/\/api.w.org\/{rel}","templated":true}]}}