{"id":35547,"date":"2025-03-16T20:27:14","date_gmt":"2025-03-16T20:27:14","guid":{"rendered":"https:\/\/paymentdiscounter.com\/?post_type=product&#038;p=35547"},"modified":"2026-03-26T12:38:39","modified_gmt":"2026-03-26T12:38:39","slug":"couvercle-de-limprimante-pax-a920-pro","status":"publish","type":"product","link":"https:\/\/paymentdiscounter.com\/fr\/product\/couvercle-de-limprimante-pax-a920-pro\/","title":{"rendered":"Pax Couvercle de l'imprimante A920 PRO"},"content":{"rendered":"<p>Le couvercle d'imprimante Pax A920 PRO est un \u00e9l\u00e9ment essentiel de votre terminal de paiement mobile. Il comporte un rouleau d'impression qui alimente le papier des re\u00e7us et garantit des re\u00e7us de transaction clairs. Il est important de noter qu'avec le temps, le rouleau d'impression peut s'user, ce qui indique qu'il faut remplacer le couvercle de l'imprimante.<\/p>\n<p>Il convient de mentionner que l'entretien du couvercle de l'imprimante de votre terminal de paiement peut prolonger sa dur\u00e9e de vie et r\u00e9duire la fr\u00e9quence des remplacements n\u00e9cessaires. En outre, le nettoyage r\u00e9gulier du rouleau d'impression peut am\u00e9liorer la qualit\u00e9 de vos re\u00e7us de transaction.<\/p>","protected":false},"excerpt":{"rendered":"<p>Le couvercle d'imprimante Pax A920 PRO est un \u00e9l\u00e9ment essentiel de votre terminal de paiement mobile. Il comporte un rouleau d'impression qui alimente le papier des re\u00e7us et garantit des re\u00e7us de transaction clairs. Il est important de noter qu'avec le temps, le rouleau d'impression peut s'user, ce qui indique qu'il faut remplacer le couvercle de l'imprimante.<\/p>\n<p>Heureusement, le remplacement du couvercle de l'imprimante Pax est un processus simple et il est facilement disponible dans notre inventaire. Lorsqu'il est command\u00e9 avant 16h00, nous pouvons l'exp\u00e9dier le jour m\u00eame.<\/p>","protected":false},"featured_media":35605,"comment_status":"closed","ping_status":"closed","template":"","meta":[],"product_cat":[730,1489],"product_tag":[3768,728,1492,3769,2611,2613,1539,851],"acf":[],"_links":{"self":[{"href":"https:\/\/paymentdiscounter.com\/fr\/wp-json\/wp\/v2\/product\/35547"}],"collection":[{"href":"https:\/\/paymentdiscounter.com\/fr\/wp-json\/wp\/v2\/product"}],"about":[{"href":"https:\/\/paymentdiscounter.com\/fr\/wp-json\/wp\/v2\/types\/product"}],"replies":[{"embeddable":true,"href":"https:\/\/paymentdiscounter.com\/fr\/wp-json\/wp\/v2\/comments?post=35547"}],"version-history":[{"count":3,"href":"https:\/\/paymentdiscounter.com\/fr\/wp-json\/wp\/v2\/product\/35547\/revisions"}],"predecessor-version":[{"id":35606,"href":"https:\/\/paymentdiscounter.com\/fr\/wp-json\/wp\/v2\/product\/35547\/revisions\/35606"}],"wp:featuredmedia":[{"embeddable":true,"href":"https:\/\/paymentdiscounter.com\/fr\/wp-json\/wp\/v2\/media\/35605"}],"wp:attachment":[{"href":"https:\/\/paymentdiscounter.com\/fr\/wp-json\/wp\/v2\/media?parent=35547"}],"wp:term":[{"taxonomy":"product_cat","embeddable":true,"href":"https:\/\/paymentdiscounter.com\/fr\/wp-json\/wp\/v2\/product_cat?post=35547"},{"taxonomy":"product_tag","embeddable":true,"href":"https:\/\/paymentdiscounter.com\/fr\/wp-json\/wp\/v2\/product_tag?post=35547"}],"curies":[{"name":"wp","href":"https:\/\/api.w.org\/{rel}","templated":true}]}}