{"id":35543,"date":"2025-03-16T20:26:48","date_gmt":"2025-03-16T20:26:48","guid":{"rendered":"https:\/\/paymentdiscounter.com\/?post_type=product&#038;p=35543"},"modified":"2025-07-31T15:09:12","modified_gmt":"2025-07-31T15:09:12","slug":"pax-a920-pro-stand-contour","status":"publish","type":"product","link":"https:\/\/paymentdiscounter.com\/fr\/product\/pax-a920-pro-stand-contour\/","title":{"rendered":"Pax A920 PRO Stand Contour"},"content":{"rendered":"<p><strong>Pax A920 PRO Stand Contour<\/strong><br \/>\nLe contour Pax A920 PRO est une m\u00e9thode s\u00fbre et durable pour fixer votre terminal de paiement au mur. La base pivotante offre un emplacement fixe pour votre terminal Pax et r\u00e9duit l'espace n\u00e9cessaire sur votre comptoir. Il r\u00e9duit le risque d'accident et aide \u00e0 pr\u00e9venir les dommages caus\u00e9s par l'eau ou les chutes sur votre machine.<\/p>\n<p>Le support est disponible dans les mod\u00e8les : Bas | Haut | Fixation murale.<br \/>\nLe support du terminal peut \u00eatre fix\u00e9 \u00e0 l'aide d'une bande adh\u00e9sive ou d'un jeu de vis.<\/p>\n<p><strong>Les avantages :<\/strong><\/p>\n<ul>\n<li>Solution de montage am\u00e9lior\u00e9e et renforc\u00e9e.<\/li>\n<li>Inclinable jusqu'\u00e0 140 degr\u00e9s.<\/li>\n<li>Rotation jusqu'\u00e0 330 degr\u00e9s.<\/li>\n<li>Livr\u00e9 avec une plaque de montage.<\/li>\n<li>Peut \u00eatre fix\u00e9 \u00e0 l'aide de vis ou de bandes adh\u00e9sives.<\/li>\n<li>\u00c9vite la rupture des c\u00e2bles.<\/li>\n<\/ul>\n<p>&nbsp;<\/p>","protected":false},"excerpt":{"rendered":"<p>Le contour Pax A920 PRO est une m\u00e9thode s\u00fbre et durable pour fixer votre terminal de paiement au mur. Id\u00e9al pour les entrepreneurs du secteur de la restauration, les propri\u00e9taires de caf\u00e9s ou les entreprises qui souhaitent garder une vue d'ensemble et \u00e9viter les accidents lors du passage en caisse.<\/p>\n<p>Inclinable jusqu'\u00e0 140 degr\u00e9s et rotatif jusqu'\u00e0 330 degr\u00e9s.<\/p>","protected":false},"featured_media":35583,"comment_status":"open","ping_status":"closed","template":"","meta":[],"product_cat":[730,1489],"product_tag":[3768,1917,3349,2615,2618,728,1492,3769,2611,908,909,1326],"acf":[],"_links":{"self":[{"href":"https:\/\/paymentdiscounter.com\/fr\/wp-json\/wp\/v2\/product\/35543"}],"collection":[{"href":"https:\/\/paymentdiscounter.com\/fr\/wp-json\/wp\/v2\/product"}],"about":[{"href":"https:\/\/paymentdiscounter.com\/fr\/wp-json\/wp\/v2\/types\/product"}],"replies":[{"embeddable":true,"href":"https:\/\/paymentdiscounter.com\/fr\/wp-json\/wp\/v2\/comments?post=35543"}],"version-history":[{"count":2,"href":"https:\/\/paymentdiscounter.com\/fr\/wp-json\/wp\/v2\/product\/35543\/revisions"}],"predecessor-version":[{"id":35586,"href":"https:\/\/paymentdiscounter.com\/fr\/wp-json\/wp\/v2\/product\/35543\/revisions\/35586"}],"wp:featuredmedia":[{"embeddable":true,"href":"https:\/\/paymentdiscounter.com\/fr\/wp-json\/wp\/v2\/media\/35583"}],"wp:attachment":[{"href":"https:\/\/paymentdiscounter.com\/fr\/wp-json\/wp\/v2\/media?parent=35543"}],"wp:term":[{"taxonomy":"product_cat","embeddable":true,"href":"https:\/\/paymentdiscounter.com\/fr\/wp-json\/wp\/v2\/product_cat?post=35543"},{"taxonomy":"product_tag","embeddable":true,"href":"https:\/\/paymentdiscounter.com\/fr\/wp-json\/wp\/v2\/product_tag?post=35543"}],"curies":[{"name":"wp","href":"https:\/\/api.w.org\/{rel}","templated":true}]}}