{"id":35536,"date":"2025-03-16T15:23:39","date_gmt":"2025-03-16T15:23:39","guid":{"rendered":"https:\/\/paymentdiscounter.com\/?post_type=product&#038;p=35536"},"modified":"2026-04-04T04:36:47","modified_gmt":"2026-04-04T04:36:47","slug":"pax-a920-pro-dockingstation","status":"publish","type":"product","link":"https:\/\/paymentdiscounter.com\/fr\/product\/pax-a920-pro-dockingstation\/","title":{"rendered":"Pax Station d'accueil A920 PRO"},"content":{"rendered":"","protected":false},"excerpt":{"rendered":"<p>La station d'accueil Pax A920 PRO vous permet de recharger facilement votre terminal de paiement mobile sans avoir \u00e0 le brancher en permanence sur le c\u00e2ble d'alimentation. Utilisez votre propre bloc d'alimentation et connectez-le \u00e0 l'arri\u00e8re de la station d'accueil. Une fois connect\u00e9e, vous n'avez plus \u00e0 vous en soucier.<\/p>\n<p>Placez le terminal sur le support apr\u00e8s chaque transaction et votre terminal de paiement sera automatiquement recharg\u00e9. \u00c9vitez les ruptures de c\u00e2ble et les co\u00fbts de r\u00e9paration \u00e9lev\u00e9s et commencez \u00e0 utiliser une station d'accueil originale Pax.<\/p>","protected":false},"featured_media":35539,"comment_status":"open","ping_status":"closed","template":"","meta":[],"product_cat":[730,1489],"product_tag":[2610,3333,690,694,728,1488,1492,3767,2611,1314,2609],"acf":[],"_links":{"self":[{"href":"https:\/\/paymentdiscounter.com\/fr\/wp-json\/wp\/v2\/product\/35536"}],"collection":[{"href":"https:\/\/paymentdiscounter.com\/fr\/wp-json\/wp\/v2\/product"}],"about":[{"href":"https:\/\/paymentdiscounter.com\/fr\/wp-json\/wp\/v2\/types\/product"}],"replies":[{"embeddable":true,"href":"https:\/\/paymentdiscounter.com\/fr\/wp-json\/wp\/v2\/comments?post=35536"}],"version-history":[{"count":3,"href":"https:\/\/paymentdiscounter.com\/fr\/wp-json\/wp\/v2\/product\/35536\/revisions"}],"predecessor-version":[{"id":38182,"href":"https:\/\/paymentdiscounter.com\/fr\/wp-json\/wp\/v2\/product\/35536\/revisions\/38182"}],"wp:featuredmedia":[{"embeddable":true,"href":"https:\/\/paymentdiscounter.com\/fr\/wp-json\/wp\/v2\/media\/35539"}],"wp:attachment":[{"href":"https:\/\/paymentdiscounter.com\/fr\/wp-json\/wp\/v2\/media?parent=35536"}],"wp:term":[{"taxonomy":"product_cat","embeddable":true,"href":"https:\/\/paymentdiscounter.com\/fr\/wp-json\/wp\/v2\/product_cat?post=35536"},{"taxonomy":"product_tag","embeddable":true,"href":"https:\/\/paymentdiscounter.com\/fr\/wp-json\/wp\/v2\/product_tag?post=35536"}],"curies":[{"name":"wp","href":"https:\/\/api.w.org\/{rel}","templated":true}]}}