{"id":35227,"date":"2025-01-08T10:45:36","date_gmt":"2025-01-08T10:45:36","guid":{"rendered":"https:\/\/paymentdiscounter.com\/?post_type=product&#038;p=35227"},"modified":"2025-01-31T10:32:22","modified_gmt":"2025-01-31T10:32:22","slug":"verifone-p400-stand-composite","status":"publish","type":"product","link":"https:\/\/paymentdiscounter.com\/fr\/product\/verifone-p400-stand-composite\/","title":{"rendered":"Verifone P400 Stand Composite"},"content":{"rendered":"<p>Le Verifone P400 Spacepole Stack est un support de terminal de paiement innovant d'Ergonomic Solutions, au design modulaire et ergonomique.<\/p>\n<p>- Inclinaison jusqu'\u00e0 70\u00b0 et rotation jusqu'\u00e0 310\u00b0.<br \/>\n- Stabilit\u00e9 am\u00e9lior\u00e9e pour les terminaux de plus grande taille<br \/>\n- R\u00e9glable en hauteur : 96 mm\/3.77 inch ou 124 mm\/4.88 inch<br \/>\n- Conception plus large pour une gestion et une protection efficaces des c\u00e2bles<br \/>\n- Montage : Montage facile \u00e0 l'aide de ruban adh\u00e9sif double face et\/ou de vis<\/p>\n<p><strong>La s\u00e9curit\u00e9 :<\/strong><br \/>\nSi vous le souhaitez, le stand peut \u00eatre compl\u00e9t\u00e9 par une option de s\u00e9curit\u00e9 ClickSafe\u00ae pour pr\u00e9venir le vol et les dommages.<\/p>\n<p><strong>Mise \u00e0 niveau :<\/strong><br \/>\nVous passez \u00e0 un autre terminal de paiement Verifone ?<br \/>\nIl suffit alors de changer la plaque de montage. La base reste toujours la m\u00eame.<\/p>\n<p><strong>Mat\u00e9riaux :<\/strong><br \/>\n- Le support est fabriqu\u00e9 en composite durable<br \/>\n- Pour une dur\u00e9e de vie plus longue, la plaque de montage est en m\u00e9tal.<\/p>","protected":false},"excerpt":{"rendered":"<p>Le Verifone P400 Stack est un support de comptoir facilement r\u00e9glable en hauteur. Il se compose de 4 parties. La base, une partie centrale \u00e9l\u00e9vatrice et une partie sup\u00e9rieure inclinable. Avec une plaque de montage en m\u00e9tal faite sur mesure, le stand est facilement r\u00e9glable en hauteur.<\/p>","protected":false},"featured_media":35232,"comment_status":"closed","ping_status":"closed","template":"","meta":[],"product_cat":[791,1598,1549,824],"product_tag":[3587,3589,3340,3618,908,3588,776,3338,821,1347],"acf":[],"_links":{"self":[{"href":"https:\/\/paymentdiscounter.com\/fr\/wp-json\/wp\/v2\/product\/35227"}],"collection":[{"href":"https:\/\/paymentdiscounter.com\/fr\/wp-json\/wp\/v2\/product"}],"about":[{"href":"https:\/\/paymentdiscounter.com\/fr\/wp-json\/wp\/v2\/types\/product"}],"replies":[{"embeddable":true,"href":"https:\/\/paymentdiscounter.com\/fr\/wp-json\/wp\/v2\/comments?post=35227"}],"version-history":[{"count":1,"href":"https:\/\/paymentdiscounter.com\/fr\/wp-json\/wp\/v2\/product\/35227\/revisions"}],"predecessor-version":[{"id":35234,"href":"https:\/\/paymentdiscounter.com\/fr\/wp-json\/wp\/v2\/product\/35227\/revisions\/35234"}],"wp:featuredmedia":[{"embeddable":true,"href":"https:\/\/paymentdiscounter.com\/fr\/wp-json\/wp\/v2\/media\/35232"}],"wp:attachment":[{"href":"https:\/\/paymentdiscounter.com\/fr\/wp-json\/wp\/v2\/media?parent=35227"}],"wp:term":[{"taxonomy":"product_cat","embeddable":true,"href":"https:\/\/paymentdiscounter.com\/fr\/wp-json\/wp\/v2\/product_cat?post=35227"},{"taxonomy":"product_tag","embeddable":true,"href":"https:\/\/paymentdiscounter.com\/fr\/wp-json\/wp\/v2\/product_tag?post=35227"}],"curies":[{"name":"wp","href":"https:\/\/api.w.org\/{rel}","templated":true}]}}