{"id":33400,"date":"2024-09-20T20:01:02","date_gmt":"2024-09-20T20:01:02","guid":{"rendered":"https:\/\/paymentdiscounter.com\/?post_type=product&#038;p=33400"},"modified":"2026-03-20T22:41:09","modified_gmt":"2026-03-20T22:41:09","slug":"etui-castles-s1f4-pro","status":"publish","type":"product","link":"https:\/\/paymentdiscounter.com\/fr\/product\/etui-castles-s1f4-pro\/","title":{"rendered":"Castles S1F4 PRO Holster"},"content":{"rendered":"<p>Gardez votre terminal de paiement Castles S1F4 PRO en s\u00e9curit\u00e9 et accessible gr\u00e2ce \u00e0 cet \u00e9tui l\u00e9ger. Fabriqu\u00e9 en tissu Cordura\u00ae de premi\u00e8re qualit\u00e9, il ne p\u00e8se que 75 g tout en offrant une excellente r\u00e9sistance \u00e0 la d\u00e9chirure et une grande durabilit\u00e9 pour un usage quotidien intensif. Parfait pour le commerce de d\u00e9tail, l'h\u00f4tellerie et la logistique. Cet \u00e9tui allie r\u00e9sistance, confort et fonctionnalit\u00e9.<\/p>\n<p>Con\u00e7u pour les mod\u00e8les de terminaux de paiement standard, il comprend un syst\u00e8me de fixation Velcro discret, un porte-stylo int\u00e9gr\u00e9 pratique et une compatibilit\u00e9 optionnelle avec une bandouli\u00e8re pour un transport flexible. Il b\u00e9n\u00e9ficie d'une garantie de 5 ans.<\/p>\n<ul>\n<li>Cordura\u00ae de premi\u00e8re qualit\u00e9 : Garantie de 5 ans<\/li>\n<li>Construction ultra-l\u00e9g\u00e8re : Seulement 75 g<\/li>\n<li>Porte-stylo int\u00e9gr\u00e9 pratique<\/li>\n<li>Syst\u00e8me discret de fermeture par velcro<\/li>\n<li>Bandouli\u00e8re en option<\/li>\n<li>Con\u00e7u pour s'adapter aux mod\u00e8les de terminaux traditionnels<\/li>\n<\/ul>","protected":false},"excerpt":{"rendered":"<p>L'\u00e9tui Castles S1F4 PRO permet de transporter votre terminal de paiement en toute s\u00e9curit\u00e9 et sans les mains dans les caf\u00e9s et les restaurants. Fabriqu\u00e9 en tissu Cordura\u00ae de premi\u00e8re qualit\u00e9, il ne p\u00e8se que 75 grammes.<\/p>\n<p>L'\u00e9tui comprend une solide sangle de ceinture, une compatibilit\u00e9 avec les bandouli\u00e8res en option et une garantie fiable de 5 ans.<\/p>\n<ul>\n<li>Mat\u00e9riau Cordura\u00ae de premi\u00e8re qualit\u00e9<\/li>\n<li>Solide sangle de ceinture incluse<\/li>\n<li>Ultra l\u00e9ger : Seulement 75 g<\/li>\n<li>Compatible avec la bandouli\u00e8re en option<\/li>\n<li>Garantie de 5 ans incluse<\/li>\n<\/ul>","protected":false},"featured_media":37849,"comment_status":"closed","ping_status":"closed","template":"","meta":[],"product_cat":[1550,3558],"product_tag":[3335,3584,3559,702,3562,3585,3560,3582],"acf":[],"_links":{"self":[{"href":"https:\/\/paymentdiscounter.com\/fr\/wp-json\/wp\/v2\/product\/33400"}],"collection":[{"href":"https:\/\/paymentdiscounter.com\/fr\/wp-json\/wp\/v2\/product"}],"about":[{"href":"https:\/\/paymentdiscounter.com\/fr\/wp-json\/wp\/v2\/types\/product"}],"replies":[{"embeddable":true,"href":"https:\/\/paymentdiscounter.com\/fr\/wp-json\/wp\/v2\/comments?post=33400"}],"version-history":[{"count":8,"href":"https:\/\/paymentdiscounter.com\/fr\/wp-json\/wp\/v2\/product\/33400\/revisions"}],"predecessor-version":[{"id":37852,"href":"https:\/\/paymentdiscounter.com\/fr\/wp-json\/wp\/v2\/product\/33400\/revisions\/37852"}],"wp:featuredmedia":[{"embeddable":true,"href":"https:\/\/paymentdiscounter.com\/fr\/wp-json\/wp\/v2\/media\/37849"}],"wp:attachment":[{"href":"https:\/\/paymentdiscounter.com\/fr\/wp-json\/wp\/v2\/media?parent=33400"}],"wp:term":[{"taxonomy":"product_cat","embeddable":true,"href":"https:\/\/paymentdiscounter.com\/fr\/wp-json\/wp\/v2\/product_cat?post=33400"},{"taxonomy":"product_tag","embeddable":true,"href":"https:\/\/paymentdiscounter.com\/fr\/wp-json\/wp\/v2\/product_tag?post=33400"}],"curies":[{"name":"wp","href":"https:\/\/api.w.org\/{rel}","templated":true}]}}