{"id":33398,"date":"2024-09-20T19:58:14","date_gmt":"2024-09-20T19:58:14","guid":{"rendered":"https:\/\/paymentdiscounter.com\/?post_type=product&#038;p=33398"},"modified":"2025-04-08T22:27:03","modified_gmt":"2025-04-08T22:27:03","slug":"protecteur-decran-castles-s1f4-pro","status":"publish","type":"product","link":"https:\/\/paymentdiscounter.com\/fr\/product\/protecteur-decran-castles-s1f4-pro\/","title":{"rendered":"Castles S1F4 PRO Prot\u00e8ge-\u00e9cran"},"content":{"rendered":"<p><strong>Si vous utilisez un terminal de paiement mobile, vous voudrez naturellement le prot\u00e9ger contre les accidents et les dommages. La protection d'\u00e9cran Castles S1F4 PRO offre une protection suppl\u00e9mentaire sans compromettre la fonctionnalit\u00e9.<\/strong><\/p>\n<p>Castles S1F4 PRO Protecteur d'\u00e9cran<br \/>\nLa protection d'\u00e9cran Castles S1F4 PRO est tr\u00e8s r\u00e9sistante aux rayures et facile \u00e0 appliquer. Il est dot\u00e9 d'un rev\u00eatement anti-traces de doigts qui facilite l'\u00e9limination des taches et de la salet\u00e9. Il s'int\u00e8gre parfaitement \u00e0 votre \u00e9cran tactile.<\/p>\n<p><strong>Avantages d'un protecteur d'\u00e9cran<\/strong><br \/>\nLa couche adh\u00e9sive innovante permet une application facile, ce qui permet d'obtenir un protecteur d'\u00e9cran sans bulles d'air.<\/p>\n<p>Le protecteur d'\u00e9cran ajoute une couche de d\u00e9fense suppl\u00e9mentaire \u00e0 votre pr\u00e9cieux terminal, prot\u00e9geant l'\u00e9cran des rayures et prolongeant la dur\u00e9e de vie de votre terminal de paiement.<\/p>\n<ul>\n<li>Clair comme de l'eau de roche<\/li>\n<li>Rev\u00eatement dur<\/li>\n<li>R\u00e9sistant \u00e0 la salet\u00e9<\/li>\n<li>Facile \u00e0 installer et \u00e0 retirer<\/li>\n<\/ul>","protected":false},"excerpt":{"rendered":"<p>Le S1F4 Pro poss\u00e8de deux \u00e9crans. L'\u00e9cran principal mais aussi un \u00e9cran NFC \u00e0 l'avant. Deux types de protections d'\u00e9cran sont disponibles.<\/p>\n<ul>\n<li><strong>Version 1<\/strong> est le mod\u00e8le standard<\/li>\n<li><strong>Version 2<\/strong> comprend le <strong>Protection d'\u00e9cran NFC<\/strong> pour une protection optimale.<\/li>\n<\/ul>\n<p>&nbsp;<\/p>","protected":false},"featured_media":33424,"comment_status":"closed","ping_status":"closed","template":"","meta":[],"product_cat":[1550,3558],"product_tag":[3335,3559,3583,3562,3560,3582,762],"acf":[],"_links":{"self":[{"href":"https:\/\/paymentdiscounter.com\/fr\/wp-json\/wp\/v2\/product\/33398"}],"collection":[{"href":"https:\/\/paymentdiscounter.com\/fr\/wp-json\/wp\/v2\/product"}],"about":[{"href":"https:\/\/paymentdiscounter.com\/fr\/wp-json\/wp\/v2\/types\/product"}],"replies":[{"embeddable":true,"href":"https:\/\/paymentdiscounter.com\/fr\/wp-json\/wp\/v2\/comments?post=33398"}],"version-history":[{"count":17,"href":"https:\/\/paymentdiscounter.com\/fr\/wp-json\/wp\/v2\/product\/33398\/revisions"}],"predecessor-version":[{"id":35777,"href":"https:\/\/paymentdiscounter.com\/fr\/wp-json\/wp\/v2\/product\/33398\/revisions\/35777"}],"wp:featuredmedia":[{"embeddable":true,"href":"https:\/\/paymentdiscounter.com\/fr\/wp-json\/wp\/v2\/media\/33424"}],"wp:attachment":[{"href":"https:\/\/paymentdiscounter.com\/fr\/wp-json\/wp\/v2\/media?parent=33398"}],"wp:term":[{"taxonomy":"product_cat","embeddable":true,"href":"https:\/\/paymentdiscounter.com\/fr\/wp-json\/wp\/v2\/product_cat?post=33398"},{"taxonomy":"product_tag","embeddable":true,"href":"https:\/\/paymentdiscounter.com\/fr\/wp-json\/wp\/v2\/product_tag?post=33398"}],"curies":[{"name":"wp","href":"https:\/\/api.w.org\/{rel}","templated":true}]}}