{"id":33211,"date":"2024-09-03T16:35:10","date_gmt":"2024-09-03T16:35:10","guid":{"rendered":"https:\/\/paymentdiscounter.com\/?post_type=product&#038;p=33211"},"modified":"2025-09-17T11:18:02","modified_gmt":"2025-09-17T11:18:02","slug":"holster-sunmi-p3","status":"publish","type":"product","link":"https:\/\/paymentdiscounter.com\/fr\/product\/holster-sunmi-p3\/","title":{"rendered":"Sunmi P3 Pouch Holster"},"content":{"rendered":"<p><strong>Sunmi P3 Pouch Holster<\/strong><\/p>\n<p>L'\u00e9tui Sunmi P3 Pouch Holster est con\u00e7u pour les professionnels qui ont besoin d'un terminal de paiement fin ou d'un appareil de point de vente mobile \u00e0 port\u00e9e de main \u00e0 tout moment. Fabriqu\u00e9 en tissu Cordura\u00ae durable, il offre une solidit\u00e9 exceptionnelle et est jusqu'\u00e0 dix fois plus r\u00e9sistant \u00e0 l'usure que les textiles standard. Il est id\u00e9al pour une utilisation quotidienne intensive dans des environnements difficiles.<\/p>\n<p>\ud83d\udd39 <strong>Confort l\u00e9ger comme une plume :<\/strong> Avec seulement 46 grammes, il est \u00e0 peine perceptible lorsqu'il est port\u00e9.<br \/>\n\ud83d\udd39 <strong>Ajustement sur mesure :<\/strong> Con\u00e7u pour les appareils de paiement plats et minces.<br \/>\n\ud83d\udd39 <strong>Sangle de s\u00e9curit\u00e9 \u00e9lastique :<\/strong> Emp\u00eache les glissements et s\u00e9curise l'appareil.<br \/>\n\ud83d\udd39 <strong>Conception \u00e0 acc\u00e8s rapide :<\/strong> Ins\u00e9rez ou retirez votre terminal sans effort.<br \/>\n\ud83d\udd39 <strong>Porte-stylo int\u00e9gr\u00e9 :<\/strong> Gardez toujours un stylo \u00e0 port\u00e9e de main.<br \/>\n\ud83d\udd39 <strong>Clip et boucle de ceinture :<\/strong> Fermeture r\u00e9glable pour une utilisation imm\u00e9diate.<br \/>\n\ud83d\udd39 <strong>Garantie de 5 ans :<\/strong> Fiable, r\u00e9sistant \u00e0 la d\u00e9chirure et durable.<\/p>\n<p>Qu'il s'agisse de commerce de d\u00e9tail, de logistique ou d'op\u00e9rations sur le terrain, l'\u00e9tui Sunmi P3 Pouch Holster combine durabilit\u00e9, confort et port s\u00e9curis\u00e9 dans un seul accessoire professionnel.<\/p>","protected":false},"excerpt":{"rendered":"<p>L'\u00e9tui Sunmi P3 Pouch Holster offre un moyen s\u00fbr et pratique de transporter des terminaux de paiement plats et minces dans les caf\u00e9s, les restaurants ou les entrep\u00f4ts. D'un poids de 46 grammes seulement, il est exceptionnellement l\u00e9ger tout en offrant une forte r\u00e9sistance \u00e0 la d\u00e9chirure, une longue dur\u00e9e de vie et une protection quotidienne fiable. Cet \u00e9tui am\u00e9liore le confort tout en gardant votre appareil en s\u00e9curit\u00e9 et accessible \u00e0 tout moment.<\/p>\n<ul>\n<li>Garantie de 5 ans<\/li>\n<li>Livr\u00e9 avec ceinture de hanche<\/li>\n<li>Con\u00e7u pour les terminaux de paiement plats et minces<\/li>\n<li>Ultra-l\u00e9ger - seulement 46 g<\/li>\n<li>La sangle \u00e9lastique garantit une s\u00e9curit\u00e9 accrue de l'appareil<\/li>\n<li>Porte-stylo int\u00e9gr\u00e9 pour une utilisation quotidienne<\/li>\n<\/ul>","protected":false},"featured_media":37614,"comment_status":"closed","ping_status":"closed","template":"","meta":[],"product_cat":[1555,3500],"product_tag":[3502,3543,3537,3547,3536,1874,2704,3522,3501,3538,3539,3505,3504],"acf":[],"_links":{"self":[{"href":"https:\/\/paymentdiscounter.com\/fr\/wp-json\/wp\/v2\/product\/33211"}],"collection":[{"href":"https:\/\/paymentdiscounter.com\/fr\/wp-json\/wp\/v2\/product"}],"about":[{"href":"https:\/\/paymentdiscounter.com\/fr\/wp-json\/wp\/v2\/types\/product"}],"replies":[{"embeddable":true,"href":"https:\/\/paymentdiscounter.com\/fr\/wp-json\/wp\/v2\/comments?post=33211"}],"version-history":[{"count":7,"href":"https:\/\/paymentdiscounter.com\/fr\/wp-json\/wp\/v2\/product\/33211\/revisions"}],"predecessor-version":[{"id":37621,"href":"https:\/\/paymentdiscounter.com\/fr\/wp-json\/wp\/v2\/product\/33211\/revisions\/37621"}],"wp:featuredmedia":[{"embeddable":true,"href":"https:\/\/paymentdiscounter.com\/fr\/wp-json\/wp\/v2\/media\/37614"}],"wp:attachment":[{"href":"https:\/\/paymentdiscounter.com\/fr\/wp-json\/wp\/v2\/media?parent=33211"}],"wp:term":[{"taxonomy":"product_cat","embeddable":true,"href":"https:\/\/paymentdiscounter.com\/fr\/wp-json\/wp\/v2\/product_cat?post=33211"},{"taxonomy":"product_tag","embeddable":true,"href":"https:\/\/paymentdiscounter.com\/fr\/wp-json\/wp\/v2\/product_tag?post=33211"}],"curies":[{"name":"wp","href":"https:\/\/api.w.org\/{rel}","templated":true}]}}