{"id":33204,"date":"2024-09-03T15:11:49","date_gmt":"2024-09-03T15:11:49","guid":{"rendered":"https:\/\/paymentdiscounter.com\/?post_type=product&#038;p=33204"},"modified":"2024-09-03T17:59:50","modified_gmt":"2024-09-03T17:59:50","slug":"protecteur-decran-sunmi-p3","status":"publish","type":"product","link":"https:\/\/paymentdiscounter.com\/fr\/product\/protecteur-decran-sunmi-p3\/","title":{"rendered":"Sunmi P3 Prot\u00e8ge-\u00e9cran"},"content":{"rendered":"<div class=\"flex-shrink-0 flex flex-col relative items-end\">\n<div>\n<div class=\"pt-0\">\n<div class=\"gizmo-bot-avatar flex h-8 w-8 items-center justify-center overflow-hidden rounded-full\">\n<div class=\"relative p-1 rounded-sm flex items-center justify-center bg-token-main-surface-primary text-token-text-primary h-8 w-8\">\n<p><strong>Sunmi P3 Protecteur d'\u00e9cran<br \/>\n<\/strong>Am\u00e9liorez la protection de votre \u00e9cran avec la protection d'\u00e9cran Sunmi P3. Con\u00e7u pour r\u00e9sister aux rayures et s'appliquer sans effort. Son rev\u00eatement anti-traces de doigts garde votre \u00e9cran propre et clair tout en pr\u00e9servant la fonctionnalit\u00e9 de l'\u00e9cran tactile.<\/p>\n<p><strong>Avantages du choix de ce protecteur d'\u00e9cran<\/strong><br \/>\nGr\u00e2ce \u00e0 sa couche adh\u00e9sive avanc\u00e9e, l'application de la protection d'\u00e9cran Sunmi P3 est un jeu d'enfant, garantissant une finition lisse et sans bulles \u00e0 chaque fois.<\/p>\n<\/div>\n<\/div>\n<\/div>\n<\/div>\n<\/div>","protected":false},"excerpt":{"rendered":"<p>Pour prot\u00e9ger votre terminal de paiement mobile contre les accidents et les dommages, l'utilisation du protecteur d'\u00e9cran Sunmi P3 est un choix judicieux. Ce protecteur d'\u00e9cran offre une protection robuste tout en conservant une fonctionnalit\u00e9 totale. Il prot\u00e8ge votre \u00e9cran des rayures et prolonge la dur\u00e9e de vie du terminal.<\/p>\n<p><strong>Caract\u00e9ristiques :<\/strong><\/p>\n<ul>\n<li>Visibilit\u00e9 claire comme de l'eau de roche<\/li>\n<li>Rev\u00eatement dur pour une meilleure durabilit\u00e9<\/li>\n<li>R\u00e9sistant \u00e0 la salet\u00e9<\/li>\n<li>Facile \u00e0 installer et \u00e0 retirer<\/li>\n<\/ul>","protected":false},"featured_media":33205,"comment_status":"closed","ping_status":"closed","template":"","meta":[],"product_cat":[1555,3500],"product_tag":[3502,3543,3537,3536,762,1874,2704,3538,3539],"acf":[],"_links":{"self":[{"href":"https:\/\/paymentdiscounter.com\/fr\/wp-json\/wp\/v2\/product\/33204"}],"collection":[{"href":"https:\/\/paymentdiscounter.com\/fr\/wp-json\/wp\/v2\/product"}],"about":[{"href":"https:\/\/paymentdiscounter.com\/fr\/wp-json\/wp\/v2\/types\/product"}],"replies":[{"embeddable":true,"href":"https:\/\/paymentdiscounter.com\/fr\/wp-json\/wp\/v2\/comments?post=33204"}],"version-history":[{"count":5,"href":"https:\/\/paymentdiscounter.com\/fr\/wp-json\/wp\/v2\/product\/33204\/revisions"}],"predecessor-version":[{"id":33265,"href":"https:\/\/paymentdiscounter.com\/fr\/wp-json\/wp\/v2\/product\/33204\/revisions\/33265"}],"wp:featuredmedia":[{"embeddable":true,"href":"https:\/\/paymentdiscounter.com\/fr\/wp-json\/wp\/v2\/media\/33205"}],"wp:attachment":[{"href":"https:\/\/paymentdiscounter.com\/fr\/wp-json\/wp\/v2\/media?parent=33204"}],"wp:term":[{"taxonomy":"product_cat","embeddable":true,"href":"https:\/\/paymentdiscounter.com\/fr\/wp-json\/wp\/v2\/product_cat?post=33204"},{"taxonomy":"product_tag","embeddable":true,"href":"https:\/\/paymentdiscounter.com\/fr\/wp-json\/wp\/v2\/product_tag?post=33204"}],"curies":[{"name":"wp","href":"https:\/\/api.w.org\/{rel}","templated":true}]}}