{"id":33161,"date":"2024-09-02T16:24:39","date_gmt":"2024-09-02T16:24:39","guid":{"rendered":"https:\/\/paymentdiscounter.com\/?post_type=product&#038;p=33161"},"modified":"2025-09-17T11:26:35","modified_gmt":"2025-09-17T11:26:35","slug":"holster-sunmi-p3h","status":"publish","type":"product","link":"https:\/\/paymentdiscounter.com\/fr\/product\/holster-sunmi-p3h\/","title":{"rendered":"Sunmi P3H Pouch Holster"},"content":{"rendered":"<p>L'\u00e9tui Sunmi P3H Pouch Holster est la solution id\u00e9ale pour transporter en toute s\u00e9curit\u00e9 et confortablement des terminaux de paiement minces et des appareils de point de vente mobiles. Fabriqu\u00e9 en tissu Cordura\u00ae r\u00e9sistant, il est jusqu'\u00e0 dix fois plus solide que les mat\u00e9riaux conventionnels, ce qui lui conf\u00e8re une excellente durabilit\u00e9 et une grande r\u00e9sistance \u00e0 l'usure.<\/p>\n<p>Avec son poids ultra-l\u00e9ger de seulement 46 g, il est parfaitement adapt\u00e9 aux professionnels qui ont besoin de performances fiables dans les environnements exigeants de la vente au d\u00e9tail, de la logistique ou sur le terrain.<\/p>\n<p>\ud83d\udd39 <strong>Confort l\u00e9ger :<\/strong> Seulement 46 g, presque sans poids pendant l'utilisation.<br \/>\n\ud83d\udd39 <strong>Un ajustement parfait :<\/strong> Con\u00e7u sp\u00e9cialement pour les terminaux plats et minces.<br \/>\n\ud83d\udd39 <strong>Sangle de fixation \u00e9lastique :<\/strong> Maintient l'appareil fermement en place.<br \/>\n\ud83d\udd39 <strong>Acc\u00e8s rapide :<\/strong> Insertion et retrait rapides pour des flux de travail fluides.<br \/>\n\ud83d\udd39 <strong>Porte-stylo int\u00e9gr\u00e9 :<\/strong> Veille \u00e0 ce qu'un stylo soit toujours disponible.<br \/>\n\ud83d\udd39 <strong>Clip et boucle de ceinture :<\/strong> Fermeture r\u00e9glable pour une utilisation flexible.<br \/>\n\ud83d\udd39 <strong>Garantie de 5 ans :<\/strong> Solide, durable et r\u00e9sistant aux d\u00e9chirures.<\/p>\n<p>Quel que soit l'endroit o\u00f9 les terminaux de paiement sont utilis\u00e9s, que ce soit dans les magasins, les entrep\u00f4ts ou en d\u00e9placement, l'\u00e9tui Sunmi P3H Pouch Holster offre le bon m\u00e9lange de protection, de confort et de praticit\u00e9.<\/p>","protected":false},"excerpt":{"rendered":"<p>L'\u00e9tui Sunmi P3H est une solution de transport l\u00e9g\u00e8re et professionnelle pour les terminaux de paiement plats et minces. Pesant seulement 46 grammes, il allie la durabilit\u00e9 du Cordura\u00ae \u00e0 une forte r\u00e9sistance \u00e0 la d\u00e9chirure. Il est id\u00e9al pour une utilisation quotidienne dans les caf\u00e9s, les restaurants ou les entrep\u00f4ts.<\/p>\n<ul>\n<li>Comprend une garantie de 5 ans<\/li>\n<li>Fourni avec une ceinture de hanches<\/li>\n<li>Optimis\u00e9 pour les terminaux de paiement plats et minces<\/li>\n<li>Extr\u00eamement l\u00e9ger - seulement 46 g<\/li>\n<li>Sangle \u00e9lastique pour une s\u00e9curit\u00e9 accrue de l'appareil<\/li>\n<li>Porte-stylo int\u00e9gr\u00e9 pour plus de commodit\u00e9<\/li>\n<\/ul>","protected":false},"featured_media":37623,"comment_status":"open","ping_status":"closed","template":"","meta":[],"product_cat":[1555,3530],"product_tag":[3537,3536,3508,3533,3534,1874,2704,3522,3538,3539,3507,3505,3504],"acf":[],"_links":{"self":[{"href":"https:\/\/paymentdiscounter.com\/fr\/wp-json\/wp\/v2\/product\/33161"}],"collection":[{"href":"https:\/\/paymentdiscounter.com\/fr\/wp-json\/wp\/v2\/product"}],"about":[{"href":"https:\/\/paymentdiscounter.com\/fr\/wp-json\/wp\/v2\/types\/product"}],"replies":[{"embeddable":true,"href":"https:\/\/paymentdiscounter.com\/fr\/wp-json\/wp\/v2\/comments?post=33161"}],"version-history":[{"count":5,"href":"https:\/\/paymentdiscounter.com\/fr\/wp-json\/wp\/v2\/product\/33161\/revisions"}],"predecessor-version":[{"id":37626,"href":"https:\/\/paymentdiscounter.com\/fr\/wp-json\/wp\/v2\/product\/33161\/revisions\/37626"}],"wp:featuredmedia":[{"embeddable":true,"href":"https:\/\/paymentdiscounter.com\/fr\/wp-json\/wp\/v2\/media\/37623"}],"wp:attachment":[{"href":"https:\/\/paymentdiscounter.com\/fr\/wp-json\/wp\/v2\/media?parent=33161"}],"wp:term":[{"taxonomy":"product_cat","embeddable":true,"href":"https:\/\/paymentdiscounter.com\/fr\/wp-json\/wp\/v2\/product_cat?post=33161"},{"taxonomy":"product_tag","embeddable":true,"href":"https:\/\/paymentdiscounter.com\/fr\/wp-json\/wp\/v2\/product_tag?post=33161"}],"curies":[{"name":"wp","href":"https:\/\/api.w.org\/{rel}","templated":true}]}}