{"id":33011,"date":"2024-08-29T17:35:50","date_gmt":"2024-08-29T17:35:50","guid":{"rendered":"https:\/\/paymentdiscounter.com\/?post_type=product&#038;p=33011"},"modified":"2025-09-04T08:56:33","modified_gmt":"2025-09-04T08:56:33","slug":"station-daccueil-sunmi-p3k","status":"publish","type":"product","link":"https:\/\/paymentdiscounter.com\/fr\/product\/station-daccueil-sunmi-p3k\/","title":{"rendered":"Sunmi P3K Dockingstation"},"content":{"rendered":"<p><strong>Sunmi P3K Dockingstation<\/strong><br \/>\nL'utilisation d'une station de base pr\u00e9sente de nombreux avantages. Vous n'\u00eates plus tributaire de c\u00e2bles et de cordons, mais vous placez simplement le terminal de paiement sur le support. Comme vous chargez toujours le terminal \u00e0 un endroit fixe, vous savez exactement o\u00f9 il se trouve. La station de base Sunmi P3K est facile \u00e0 installer avec un c\u00e2ble d'alimentation s\u00e9par\u00e9.<\/p>\n<p>Pour une exp\u00e9rience optimale, nous recommandons d'utiliser une station de base d'origine. Vous \u00e9viterez ainsi d'endommager votre terminal de paiement et de devoir engager des frais de r\u00e9paration co\u00fbteux.<\/p>\n<p><strong>A propos de la famille Sunmi P3<\/strong><br \/>\nPr\u00e9sentation de la <strong>Famille SUNMI P3<\/strong>-le dernier <strong>terminaux de paiement intelligents <\/strong>fonctionnant sous Android. Disponible en trois versions<a href=\"https:\/\/paymentdiscounter.com\/fr\/magasin\/sunmi\/sunmi-p3\/\"><strong>SUNMI P3<\/strong><\/a>, <a href=\"https:\/\/paymentdiscounter.com\/fr\/magasin\/sunmi\/sunmi-p3h\/\"><strong>SUNMI P3H<\/strong><\/a>\u00a0et <a href=\"\/fr\/magasin\/sunmi\/sunmi-p3k\/\"><strong>SUNMI P3K<\/strong><\/a>Ceux-ci <a href=\"\/fr\/boutique\/?attro-product-type=2619&amp;attro-os=2930&amp;attro-brand=1603\"><strong>Terminaux de paiement Android<\/strong><\/a> offrent une flexibilit\u00e9 et une fonctionnalit\u00e9 adapt\u00e9es \u00e0 tous les besoins des entreprises. Les <strong>P3K<\/strong> Le mod\u00e8le est m\u00eame dot\u00e9 d'un clavier physique pour faciliter son utilisation.<\/p>\n<p>Am\u00e9liorez votre terminal avec notre gamme de <a href=\"\/fr\/boutique\/?attro-product-type=2620&amp;attro-brand=1603\"><strong>Accessoires Sunmi<\/strong><\/a> pour votre terminal Sunmi P3K. Des chargeurs aux supports en passant par les \u00e9tuis et les protections d'\u00e9cran. Nous avons tout ce qu'il faut pour assurer le bon fonctionnement de votre appareil. Vous cherchez des pi\u00e8ces ou des accessoires pour votre Sunmi et vous ne les trouvez pas dans la boutique ? <a href=\"\/fr\/contact\/\">Envoyer un message<\/a> !<\/p>\n<p><strong>A propos de la famille Sunmi P3<\/strong><br \/>\nPr\u00e9sentation de la <strong>Famille SUNMI P3<\/strong>-le dernier <strong>terminaux de paiement intelligents <\/strong>fonctionnant sous Android. Disponible en trois versions<a href=\"https:\/\/paymentdiscounter.com\/fr\/magasin\/sunmi\/sunmi-p3\/\"><strong>SUNMI P3<\/strong><\/a>, <a href=\"https:\/\/paymentdiscounter.com\/fr\/magasin\/sunmi\/sunmi-p3h\/\"><strong>SUNMI P3H<\/strong><\/a>\u00a0et <a href=\"\/fr\/magasin\/sunmi\/sunmi-p3k\/\"><strong>SUNMI P3K<\/strong><\/a>Ceux-ci <a href=\"\/fr\/boutique\/?attro-product-type=2619&amp;attro-os=2930&amp;attro-brand=1603\"><strong>Terminaux de paiement Android<\/strong><\/a> offrent une flexibilit\u00e9 et une fonctionnalit\u00e9 adapt\u00e9es \u00e0 tous les besoins des entreprises. Les <strong>P3K<\/strong> Le mod\u00e8le est m\u00eame dot\u00e9 d'un clavier physique pour faciliter son utilisation.<\/p>\n<p>Am\u00e9liorez votre terminal avec notre gamme de <a href=\"\/fr\/boutique\/?attro-product-type=2620&amp;attro-brand=1603\"><strong>Accessoires Sunmi<\/strong><\/a> pour votre terminal Sunmi P3K. Des chargeurs aux supports en passant par les \u00e9tuis et les protections d'\u00e9cran. Nous avons tout ce qu'il faut pour assurer le bon fonctionnement de votre appareil. Vous cherchez des pi\u00e8ces ou des accessoires pour votre Sunmi et vous ne les trouvez pas dans la boutique ? <a href=\"\/fr\/contact\/\">Envoyer un message<\/a> !<\/p>","protected":false},"excerpt":{"rendered":"<p>Avec une station d'accueil Sunmi P3K, votre terminal de paiement aura toujours une batterie pleine. Vous pouvez facilement placer le terminal de paiement dans le support, le connecter \u00e0 un chargeur Sunmi et laisser la station d'accueil faire le reste.<\/p>\n<p>Cette station de base Sunmi permet d'\u00e9viter des probl\u00e8mes tels que des piles d\u00e9charg\u00e9es ou des dommages dus \u00e0 la rupture de c\u00e2bles pouvant entra\u00eener des courts-circuits. Utilisez la base Sunmi d'origine pour garantir une compatibilit\u00e9 et des performances optimales.<\/p>\n<p>* D\u00e9lai de livraison 7 jours<\/p>","protected":false},"featured_media":33304,"comment_status":"open","ping_status":"closed","template":"","meta":[],"product_cat":[1555,3511],"product_tag":[2707,694,3537,3536,3515,3532,3524,2708,1874,2704,3538,3539,3514,3513,3512],"acf":[],"_links":{"self":[{"href":"https:\/\/paymentdiscounter.com\/fr\/wp-json\/wp\/v2\/product\/33011"}],"collection":[{"href":"https:\/\/paymentdiscounter.com\/fr\/wp-json\/wp\/v2\/product"}],"about":[{"href":"https:\/\/paymentdiscounter.com\/fr\/wp-json\/wp\/v2\/types\/product"}],"replies":[{"embeddable":true,"href":"https:\/\/paymentdiscounter.com\/fr\/wp-json\/wp\/v2\/comments?post=33011"}],"version-history":[{"count":8,"href":"https:\/\/paymentdiscounter.com\/fr\/wp-json\/wp\/v2\/product\/33011\/revisions"}],"predecessor-version":[{"id":37271,"href":"https:\/\/paymentdiscounter.com\/fr\/wp-json\/wp\/v2\/product\/33011\/revisions\/37271"}],"wp:featuredmedia":[{"embeddable":true,"href":"https:\/\/paymentdiscounter.com\/fr\/wp-json\/wp\/v2\/media\/33304"}],"wp:attachment":[{"href":"https:\/\/paymentdiscounter.com\/fr\/wp-json\/wp\/v2\/media?parent=33011"}],"wp:term":[{"taxonomy":"product_cat","embeddable":true,"href":"https:\/\/paymentdiscounter.com\/fr\/wp-json\/wp\/v2\/product_cat?post=33011"},{"taxonomy":"product_tag","embeddable":true,"href":"https:\/\/paymentdiscounter.com\/fr\/wp-json\/wp\/v2\/product_tag?post=33011"}],"curies":[{"name":"wp","href":"https:\/\/api.w.org\/{rel}","templated":true}]}}