{"id":32568,"date":"2024-08-03T10:30:48","date_gmt":"2024-08-03T10:30:48","guid":{"rendered":"https:\/\/paymentdiscounter.com\/?post_type=product&#038;p=32568"},"modified":"2026-01-29T01:47:05","modified_gmt":"2026-01-29T01:47:05","slug":"batterie-chateaux-s1f2","status":"publish","type":"product","link":"https:\/\/paymentdiscounter.com\/fr\/product\/batterie-chateaux-s1f2\/","title":{"rendered":"Castles S1F2 Batterie"},"content":{"rendered":"","protected":false},"excerpt":{"rendered":"<p>Si vous avez des difficult\u00e9s \u00e0 charger votre Castles S1F2, il se peut que la batterie doive \u00eatre remplac\u00e9e. La batterie Castles S1F2 est facile \u00e0 remplacer et \u00e0 connecter soi-m\u00eame. Sa taille compacte la rend facile \u00e0 transporter et \u00e0 utiliser comme batterie de rechange.<\/p>","protected":false},"featured_media":32797,"comment_status":"closed","ping_status":"closed","template":"","meta":[],"product_cat":[1550,3149],"product_tag":[681,3335,3150,3411,3151,3336,3416],"acf":[],"_links":{"self":[{"href":"https:\/\/paymentdiscounter.com\/fr\/wp-json\/wp\/v2\/product\/32568"}],"collection":[{"href":"https:\/\/paymentdiscounter.com\/fr\/wp-json\/wp\/v2\/product"}],"about":[{"href":"https:\/\/paymentdiscounter.com\/fr\/wp-json\/wp\/v2\/types\/product"}],"replies":[{"embeddable":true,"href":"https:\/\/paymentdiscounter.com\/fr\/wp-json\/wp\/v2\/comments?post=32568"}],"version-history":[{"count":6,"href":"https:\/\/paymentdiscounter.com\/fr\/wp-json\/wp\/v2\/product\/32568\/revisions"}],"predecessor-version":[{"id":38309,"href":"https:\/\/paymentdiscounter.com\/fr\/wp-json\/wp\/v2\/product\/32568\/revisions\/38309"}],"wp:featuredmedia":[{"embeddable":true,"href":"https:\/\/paymentdiscounter.com\/fr\/wp-json\/wp\/v2\/media\/32797"}],"wp:attachment":[{"href":"https:\/\/paymentdiscounter.com\/fr\/wp-json\/wp\/v2\/media?parent=32568"}],"wp:term":[{"taxonomy":"product_cat","embeddable":true,"href":"https:\/\/paymentdiscounter.com\/fr\/wp-json\/wp\/v2\/product_cat?post=32568"},{"taxonomy":"product_tag","embeddable":true,"href":"https:\/\/paymentdiscounter.com\/fr\/wp-json\/wp\/v2\/product_tag?post=32568"}],"curies":[{"name":"wp","href":"https:\/\/api.w.org\/{rel}","templated":true}]}}