{"id":31587,"date":"2024-04-06T09:05:40","date_gmt":"2024-04-06T09:05:40","guid":{"rendered":"https:\/\/paymentdiscounter.com\/?post_type=product&#038;p=31587"},"modified":"2026-05-05T11:06:29","modified_gmt":"2026-05-05T11:06:29","slug":"pax-a920-dockingstation-multi","status":"publish","type":"product","link":"https:\/\/paymentdiscounter.com\/fr\/product\/pax-a920-dockingstation-multi\/","title":{"rendered":"Pax A920 Dockingstation Multi"},"content":{"rendered":"<p>La base de chargement multiple Pax L-920 est une station d'accueil polyvalente con\u00e7ue pour charger simultan\u00e9ment jusqu'\u00e0 5 batteries Pax A920. Cette station de charge est id\u00e9ale pour les propri\u00e9taires d'entreprises qui utilisent plusieurs terminaux de paiement dans leur entreprise. L'avantage est qu'il n'est pas n\u00e9cessaire d'acheter plusieurs stations d'accueil et qu'il est possible de charger plusieurs batteries simultan\u00e9ment avec une seule unit\u00e9.<\/p>\n<p>La base de chargement multiple Pax A920 a un design \u00e9l\u00e9gant et compact qui peut facilement \u00eatre plac\u00e9 sur votre comptoir ou \u00e0 la caisse. Le fond de la station de charge est dot\u00e9 de nervures antid\u00e9rapantes qui l'emp\u00eachent de glisser ou de s'ab\u00eemer. De plus, la station de charge est \u00e9quip\u00e9e d'un voyant lumineux sur la face avant qui vous permet de voir si les terminaux sont correctement charg\u00e9s.<\/p>\n<p>Avec ce chargeur multiple original de Pax, charger vos terminaux de paiement n'a jamais \u00e9t\u00e9 aussi facile. Ce produit est indispensable pour tous ceux qui recherchent un moyen pratique et efficace de charger plusieurs terminaux de paiement.<\/p>\n<p><strong>Voici quelques-uns des avantages de ce mod\u00e8le :<\/strong><\/p>\n<ul>\n<li>Produit original Pax (L-920 AC)<\/li>\n<li>Charge jusqu'\u00e0 5 piles simultan\u00e9ment<\/li>\n<li>Ne n\u00e9cessite qu'une seule prise de courant<\/li>\n<li>L'alimentation \u00e9lectrique est incluse<\/li>\n<\/ul>","protected":false},"excerpt":{"rendered":"<p>La base de chargement multiple Pax L-920 est une station de chargement polyvalente con\u00e7ue pour charger simultan\u00e9ment jusqu'\u00e0 5 batteries Pax A920. Cette base de chargement est id\u00e9ale pour les propri\u00e9taires d'entreprises qui utilisent plusieurs terminaux de paiement dans leur entreprise. L'avantage principal est qu'il n'est pas n\u00e9cessaire d'acheter des stations d'accueil s\u00e9par\u00e9es, mais avec une seule unit\u00e9, vous pouvez charger plusieurs batteries en m\u00eame temps.<\/p>\n<p>La base de chargement simplifie le processus de maintien des terminaux charg\u00e9s, organis\u00e9s et facilement accessibles pour les membres du personnel. <\/p>","protected":false},"featured_media":31588,"comment_status":"open","ping_status":"closed","template":"","meta":[],"product_cat":[730,1485],"product_tag":[2610,3333,2913,3837,690,694,728,1492,2611,1314,2609],"acf":[],"_links":{"self":[{"href":"https:\/\/paymentdiscounter.com\/fr\/wp-json\/wp\/v2\/product\/31587"}],"collection":[{"href":"https:\/\/paymentdiscounter.com\/fr\/wp-json\/wp\/v2\/product"}],"about":[{"href":"https:\/\/paymentdiscounter.com\/fr\/wp-json\/wp\/v2\/types\/product"}],"replies":[{"embeddable":true,"href":"https:\/\/paymentdiscounter.com\/fr\/wp-json\/wp\/v2\/comments?post=31587"}],"version-history":[{"count":4,"href":"https:\/\/paymentdiscounter.com\/fr\/wp-json\/wp\/v2\/product\/31587\/revisions"}],"predecessor-version":[{"id":39408,"href":"https:\/\/paymentdiscounter.com\/fr\/wp-json\/wp\/v2\/product\/31587\/revisions\/39408"}],"wp:featuredmedia":[{"embeddable":true,"href":"https:\/\/paymentdiscounter.com\/fr\/wp-json\/wp\/v2\/media\/31588"}],"wp:attachment":[{"href":"https:\/\/paymentdiscounter.com\/fr\/wp-json\/wp\/v2\/media?parent=31587"}],"wp:term":[{"taxonomy":"product_cat","embeddable":true,"href":"https:\/\/paymentdiscounter.com\/fr\/wp-json\/wp\/v2\/product_cat?post=31587"},{"taxonomy":"product_tag","embeddable":true,"href":"https:\/\/paymentdiscounter.com\/fr\/wp-json\/wp\/v2\/product_tag?post=31587"}],"curies":[{"name":"wp","href":"https:\/\/api.w.org\/{rel}","templated":true}]}}